{"id":5185,"date":"2020-08-20T15:55:50","date_gmt":"2020-08-20T14:55:51","guid":{"rendered":"http:\/\/s833217312.online.de\/?post_type=product&#038;p=5185"},"modified":"2021-03-31T22:19:39","modified_gmt":"2021-03-31T21:19:39","slug":"fr-fern-2","status":"publish","type":"product","link":"https:\/\/shoppingb2b.haworth.com\/fr\/produit\/fr-fern-2\/","title":{"rendered":"Fern"},"content":{"rendered":"<div class=\"row\"  id=\"row-2067180704\">\n\n\t<div id=\"col-989697856\" class=\"col medium-6 small-12 large-6\"  >\n\t\t<div class=\"col-inner\"  >\n\t\t\t\n\t\t\t\n<h2>Aper\u00e7u de Fern<\/h2>\n<p>Fond\u00e9e sur des recherches ergonomiques approfondies, la conception de Fern place la personne<br \/>\nau centre avec des innovations ergonomiques qui assurent un soutien total du dos, un confort sans g\u00eane et<br \/>\nune totale libert\u00e9 de mouvement. Il en r\u00e9sulte une exp\u00e9rience d&rsquo;assise de nouvelle g\u00e9n\u00e9ration qui r\u00e9pond de<br \/>\nmani\u00e8re distincte \u00e0 chaque personne. Le fauteuil travaille est avec vous, et non contre vous Fern vous aide \u00e0 mieux vous asseoir et vous sentir mieux.<\/p>\n<h5><b>Caract\u00e9ristiques<\/b><\/h5>\n<p>Wave Suspension System&#x2122; .<br \/>\nM\u00e9canisme synchrone \u00e0 3 points<br \/>\nLimiteur d\u2019ouverture du dossier en 5 positions<br \/>\nDossier flexible qui accompagne naturellement vos mouvements.<br \/>\nInclinaison de l\u2019assise.<\/p>\n\t\t<\/div>\n\t\t\t<\/div>\n\n\t\n\n\t<div id=\"col-1964097377\" class=\"col medium-6 small-12 large-6\"  >\n\t\t<div class=\"col-inner\"  >\n\t\t\t\n\t\t\t\n\t<div class=\"img has-hover x md-x lg-x y md-y lg-y\" id=\"image_944878194\">\n\t\t\t\t\t\t\t\t<div class=\"img-inner dark\" >\n\t\t\t<img loading=\"lazy\" decoding=\"async\" width=\"800\" height=\"800\" src=\"https:\/\/shoppingb2b.haworth.com\/wp-content\/uploads\/2020\/08\/NEW_fern_1000x1000_2-800x800.jpg\" class=\"attachment-large size-large\" alt=\"\" srcset=\"https:\/\/shoppingb2b.haworth.com\/wp-content\/uploads\/2020\/08\/NEW_fern_1000x1000_2-800x800.jpg 800w, https:\/\/shoppingb2b.haworth.com\/wp-content\/uploads\/2020\/08\/NEW_fern_1000x1000_2-400x400.jpg 400w, https:\/\/shoppingb2b.haworth.com\/wp-content\/uploads\/2020\/08\/NEW_fern_1000x1000_2-280x280.jpg 280w, https:\/\/shoppingb2b.haworth.com\/wp-content\/uploads\/2020\/08\/NEW_fern_1000x1000_2-768x768.jpg 768w, https:\/\/shoppingb2b.haworth.com\/wp-content\/uploads\/2020\/08\/NEW_fern_1000x1000_2-247x247.jpg 247w, https:\/\/shoppingb2b.haworth.com\/wp-content\/uploads\/2020\/08\/NEW_fern_1000x1000_2-512x512.jpg 512w, https:\/\/shoppingb2b.haworth.com\/wp-content\/uploads\/2020\/08\/NEW_fern_1000x1000_2.jpg 1000w\" sizes=\"auto, (max-width: 800px) 100vw, 800px\" \/>\t\t\t\t\t\t\n\t\t\t\t\t<\/div>\n\t\t\t\t\t\t\t\t\n<style>\n#image_944878194 {\n  width: 100%;\n}\n<\/style>\n\t<\/div>\n\t\n\t\t<\/div>\n\t\t\t<\/div>\n\n\t\n\n\t<div id=\"col-445926815\" class=\"col medium-4 small-12 large-4\"  >\n\t\t<div class=\"col-inner\"  >\n\t\t\t\n\t\t\t\n<div class=\"accordion\" rel=\"\">\n<div class=\"accordion-item\"><a href=\"#\" class=\"accordion-title plain\"><button class=\"toggle\"><i class=\"icon-angle-down\"><\/i><\/button><span>Certificats et r\u00e9compenses<\/span><\/a><div class=\"accordion-inner\">\n<ul>\n<li>Certificat &#8211; FIRA: s\u00e9curit\u00e9 structurelle<\/li>\n<li>Certificat &#8211; GreenGuard<\/li>\n<li>Certificat &#8211; GreenGuard Gold<\/li>\n<li>Certificat &#8211; S\u00e9curit\u00e9 GS<\/li>\n<li>German Design Award<\/li>\n<li>Certificat &#8211; FEMB: Level 3<\/li>\n<\/ul>\n<\/div><\/div>\n<\/div>\n\t\t<\/div>\n\t\t\t<\/div>\n\n\t\n<\/div>\n<div class=\"is-divider divider clearfix\" style=\"max-width:0px;height:80px;\"><\/div>\n<div class=\"video video-fit mb box-shadow-4\" style=\"padding-top:56.25%;\"><p><iframe loading=\"lazy\" title=\"Fern Adjustment Video\" src=\"https:\/\/player.vimeo.com\/video\/424026415?dnt=1&amp;app_id=122963\" width=\"1020\" height=\"574\" frameborder=\"0\" allow=\"autoplay; fullscreen\" allowfullscreen><\/iframe><\/p>\n<\/div>\n","protected":false},"excerpt":{"rendered":"<p style=\"text-align: center;\">Fern procure une exp\u00e9rience d\u2019assise confortable, stimulante, g\u00e9n\u00e9ratrice de sensations positives.<br \/>\nInspir\u00e9 par la nature, il est en parfaite symbiose avec chacun de vos mouvements.<\/p>\n","protected":false},"featured_media":231034,"template":"","meta":[],"product_brand":[],"product_cat":[1057,93,524],"product_tag":[173,554,116],"class_list":{"0":"post-5185","1":"product","2":"type-product","3":"status-publish","4":"has-post-thumbnail","6":"product_cat-black-friday-fr","7":"product_cat-sieges","8":"product_cat-tous","9":"product_tag-france-fr","10":"product_tag-lyftidea-fr","11":"product_tag-siege-de-bureau-fr","13":"first","14":"onbackorder","15":"taxable","16":"shipping-taxable","17":"product-type-simple"},"gallery_images":[6957,6920],"_links":{"self":[{"href":"https:\/\/shoppingb2b.haworth.com\/fr\/wp-json\/wp\/v2\/product\/5185","targetHints":{"allow":["GET"]}}],"collection":[{"href":"https:\/\/shoppingb2b.haworth.com\/fr\/wp-json\/wp\/v2\/product"}],"about":[{"href":"https:\/\/shoppingb2b.haworth.com\/fr\/wp-json\/wp\/v2\/types\/product"}],"wp:featuredmedia":[{"embeddable":true,"href":"https:\/\/shoppingb2b.haworth.com\/fr\/wp-json\/wp\/v2\/media\/231034"}],"wp:attachment":[{"href":"https:\/\/shoppingb2b.haworth.com\/fr\/wp-json\/wp\/v2\/media?parent=5185"}],"wp:term":[{"taxonomy":"product_brand","embeddable":true,"href":"https:\/\/shoppingb2b.haworth.com\/fr\/wp-json\/wp\/v2\/product_brand?post=5185"},{"taxonomy":"product_cat","embeddable":true,"href":"https:\/\/shoppingb2b.haworth.com\/fr\/wp-json\/wp\/v2\/product_cat?post=5185"},{"taxonomy":"product_tag","embeddable":true,"href":"https:\/\/shoppingb2b.haworth.com\/fr\/wp-json\/wp\/v2\/product_tag?post=5185"}],"curies":[{"name":"wp","href":"https:\/\/api.w.org\/{rel}","templated":true}]}}