{"id":5279,"date":"2020-08-25T12:46:02","date_gmt":"2020-08-25T11:46:03","guid":{"rendered":"http:\/\/s833217312.online.de\/?post_type=product&#038;p=5279"},"modified":"2021-03-31T22:19:04","modified_gmt":"2021-03-31T21:19:04","slug":"fr-clamp","status":"publish","type":"product","link":"https:\/\/shoppingb2b.haworth.com\/fr\/produit\/fr-clamp\/","title":{"rendered":"Lampe Clamp"},"content":{"rendered":"<div class=\"row\"  id=\"row-1289486144\">\n\n\t<div id=\"col-427736048\" class=\"col medium-6 small-12 large-6\"  >\n\t\t<div class=\"col-inner\"  >\n\t\t\t\n\t\t\t\n<h2>Clamp<\/h2>\n<h5>Pablo Designs<\/h5>\n<h5>Par Dana Cannam<\/h5>\n<h5>La lampe de bureau et le lampadaire sont en bois dur.<\/h5>\n<p>La beaut\u00e9 discr\u00e8te et un niveau d&rsquo;utilit\u00e9 sans compromis sont les cl\u00e9s de la philosophie du design de Pablo\u00a0\u00bb, d\u00e9clare le designer Dana Cannam \u00e0 propos de son inspiration pour Clamp. \u00ab\u00a0L&rsquo;opportunit\u00e9 d&rsquo;\u00e9tendre cette sensibilit\u00e9 \u00e0 un mat\u00e9riau aussi essentiel que le bois \u00e9tait une transition naturelle\u00a0\u00bb. Le cadre de la lampe Clamp est r\u00e9alis\u00e9 en bois massif . La technologie LED la plus durable et la plus efficace sur le plan \u00e9nerg\u00e9tique constitue sa source de lumi\u00e8re.<\/p>\n\t\t<\/div>\n\t\t\t<\/div>\n\n\t\n\n\t<div id=\"col-910297333\" class=\"col medium-6 small-12 large-6\"  >\n\t\t<div class=\"col-inner\"  >\n\t\t\t\n\t\t\t\n\t<div class=\"img has-hover x md-x lg-x y md-y lg-y\" id=\"image_1245769691\">\n\t\t\t\t\t\t\t\t<div class=\"img-inner dark\" >\n\t\t\t<img loading=\"lazy\" decoding=\"async\" width=\"800\" height=\"800\" src=\"https:\/\/shoppingb2b.haworth.com\/wp-content\/uploads\/2020\/08\/CLAMP-AP_01-800x800.png\" class=\"attachment-large size-large\" alt=\"\" srcset=\"https:\/\/shoppingb2b.haworth.com\/wp-content\/uploads\/2020\/08\/CLAMP-AP_01-800x800.png 800w, https:\/\/shoppingb2b.haworth.com\/wp-content\/uploads\/2020\/08\/CLAMP-AP_01-400x400.png 400w, https:\/\/shoppingb2b.haworth.com\/wp-content\/uploads\/2020\/08\/CLAMP-AP_01-280x280.png 280w, https:\/\/shoppingb2b.haworth.com\/wp-content\/uploads\/2020\/08\/CLAMP-AP_01-768x768.png 768w, https:\/\/shoppingb2b.haworth.com\/wp-content\/uploads\/2020\/08\/CLAMP-AP_01-247x247.png 247w, https:\/\/shoppingb2b.haworth.com\/wp-content\/uploads\/2020\/08\/CLAMP-AP_01-512x512.png 512w, https:\/\/shoppingb2b.haworth.com\/wp-content\/uploads\/2020\/08\/CLAMP-AP_01.png 1000w\" sizes=\"auto, (max-width: 800px) 100vw, 800px\" \/>\t\t\t\t\t\t\n\t\t\t\t\t<\/div>\n\t\t\t\t\t\t\t\t\n<style>\n#image_1245769691 {\n  width: 100%;\n}\n<\/style>\n\t<\/div>\n\t\n\t\t<\/div>\n\t\t\t<\/div>\n\n\t\n<\/div>\n","protected":false},"excerpt":{"rendered":"<p style=\"text-align: center;\">Lampe Pablo Designs<\/p>\n","protected":false},"featured_media":4869,"template":"","meta":[],"product_brand":[],"product_cat":[518,524],"product_tag":[570,571,173,616,572,554,547],"class_list":{"0":"post-5279","1":"product","2":"type-product","3":"status-publish","4":"has-post-thumbnail","6":"product_cat-accessoires","7":"product_cat-tous","8":"product_tag-accessories-fr","9":"product_tag-clamp-fr","10":"product_tag-france-fr","11":"product_tag-intuityidea-fr","12":"product_tag-lamp-fr","13":"product_tag-lyftidea-fr","14":"product_tag-niaidea-fr","16":"first","17":"instock","18":"taxable","19":"shipping-taxable","20":"product-type-simple"},"gallery_images":[4872],"_links":{"self":[{"href":"https:\/\/shoppingb2b.haworth.com\/fr\/wp-json\/wp\/v2\/product\/5279","targetHints":{"allow":["GET"]}}],"collection":[{"href":"https:\/\/shoppingb2b.haworth.com\/fr\/wp-json\/wp\/v2\/product"}],"about":[{"href":"https:\/\/shoppingb2b.haworth.com\/fr\/wp-json\/wp\/v2\/types\/product"}],"wp:featuredmedia":[{"embeddable":true,"href":"https:\/\/shoppingb2b.haworth.com\/fr\/wp-json\/wp\/v2\/media\/4869"}],"wp:attachment":[{"href":"https:\/\/shoppingb2b.haworth.com\/fr\/wp-json\/wp\/v2\/media?parent=5279"}],"wp:term":[{"taxonomy":"product_brand","embeddable":true,"href":"https:\/\/shoppingb2b.haworth.com\/fr\/wp-json\/wp\/v2\/product_brand?post=5279"},{"taxonomy":"product_cat","embeddable":true,"href":"https:\/\/shoppingb2b.haworth.com\/fr\/wp-json\/wp\/v2\/product_cat?post=5279"},{"taxonomy":"product_tag","embeddable":true,"href":"https:\/\/shoppingb2b.haworth.com\/fr\/wp-json\/wp\/v2\/product_tag?post=5279"}],"curies":[{"name":"wp","href":"https:\/\/api.w.org\/{rel}","templated":true}]}}