{"id":5304,"date":"2020-08-25T12:46:25","date_gmt":"2020-08-25T11:46:27","guid":{"rendered":"http:\/\/s833217312.online.de\/?post_type=product&#038;p=5304"},"modified":"2021-08-02T15:34:40","modified_gmt":"2021-08-02T14:34:40","slug":"fr-tibas-140x80","status":"publish","type":"product","link":"https:\/\/shoppingb2b.haworth.com\/fr\/produit\/fr-tibas-140x80\/","title":{"rendered":"Tibas 140&#215;80"},"content":{"rendered":"<div class=\"row\"  id=\"row-515000502\">\n\n\t<div id=\"col-1023300143\" class=\"col medium-6 small-12 large-6\"  >\n\t\t<div class=\"col-inner\"  >\n\t\t\t\n\t\t\t\n<h2>Aper\u00e7u\u00a0 de\u00a0 Tibas<\/h2>\n<p>El\u00e9gant et l\u00e9ger, le plateau semble flotter au-dessus de la structure. Tibas s\u2019int\u00e8gre de fa\u00e7on harmonieuse \u00e0 chaque environnement.<\/p>\n<h5>Durabilit\u00e9<\/h5>\n<p>Tous les produits Haworth sont con\u00e7us pour durer et r\u00e9pondent aux normes les plus exigeantes en mati\u00e8re de qualit\u00e9 et de s\u00e9curit\u00e9. Le d\u00e9veloppement durable fait partie int\u00e9grante de notre culture.<\/p>\n\t\t<\/div>\n\t\t\t<\/div>\n\n\t\n\n\t<div id=\"col-1433720581\" class=\"col medium-6 small-12 large-6\"  >\n\t\t<div class=\"col-inner\"  >\n\t\t\t\n\t\t\t\n\t<div class=\"img has-hover x md-x lg-x y md-y lg-y\" id=\"image_1891683219\">\n\t\t\t\t\t\t\t\t<div class=\"img-inner dark\" >\n\t\t\t<img loading=\"lazy\" decoding=\"async\" width=\"800\" height=\"800\" src=\"https:\/\/shoppingb2b.haworth.com\/wp-content\/uploads\/2020\/08\/TIBAS-HEIGHT-ADJUSTABLE_WHITE-SWEEP_R0_V1-800x800.png\" class=\"attachment-large size-large\" alt=\"\" srcset=\"https:\/\/shoppingb2b.haworth.com\/wp-content\/uploads\/2020\/08\/TIBAS-HEIGHT-ADJUSTABLE_WHITE-SWEEP_R0_V1-800x800.png 800w, https:\/\/shoppingb2b.haworth.com\/wp-content\/uploads\/2020\/08\/TIBAS-HEIGHT-ADJUSTABLE_WHITE-SWEEP_R0_V1-400x400.png 400w, https:\/\/shoppingb2b.haworth.com\/wp-content\/uploads\/2020\/08\/TIBAS-HEIGHT-ADJUSTABLE_WHITE-SWEEP_R0_V1-280x280.png 280w, https:\/\/shoppingb2b.haworth.com\/wp-content\/uploads\/2020\/08\/TIBAS-HEIGHT-ADJUSTABLE_WHITE-SWEEP_R0_V1-768x768.png 768w, https:\/\/shoppingb2b.haworth.com\/wp-content\/uploads\/2020\/08\/TIBAS-HEIGHT-ADJUSTABLE_WHITE-SWEEP_R0_V1-247x247.png 247w, https:\/\/shoppingb2b.haworth.com\/wp-content\/uploads\/2020\/08\/TIBAS-HEIGHT-ADJUSTABLE_WHITE-SWEEP_R0_V1-512x512.png 512w, https:\/\/shoppingb2b.haworth.com\/wp-content\/uploads\/2020\/08\/TIBAS-HEIGHT-ADJUSTABLE_WHITE-SWEEP_R0_V1.png 1000w\" sizes=\"auto, (max-width: 800px) 100vw, 800px\" \/>\t\t\t\t\t\t\n\t\t\t\t\t<\/div>\n\t\t\t\t\t\t\t\t\n<style>\n#image_1891683219 {\n  width: 100%;\n}\n<\/style>\n\t<\/div>\n\t\n\t\t<\/div>\n\t\t\t<\/div>\n\n\t\n<\/div>\n","protected":false},"excerpt":{"rendered":"<p style=\"text-align: center;\">D\u00e9velopp\u00e9 par Haworth Design Studio, Tibas s\u00e9duit par son design clair et \u00e9l\u00e9gant.<\/p>\n","protected":false},"featured_media":17389,"template":"","meta":[],"product_brand":[],"product_cat":[96,524],"product_tag":[206,173,215,560,564,556],"class_list":{"0":"post-5304","1":"product","2":"type-product","3":"status-publish","4":"has-post-thumbnail","6":"product_cat-bureaux","7":"product_cat-tous","8":"product_tag-bureau","9":"product_tag-france-fr","10":"product_tag-table-fr","11":"product_tag-tables-fr","12":"product_tag-tibas-fr","13":"product_tag-tibasidea-fr","15":"first","16":"instock","17":"taxable","18":"shipping-taxable","19":"product-type-simple"},"gallery_images":[17379,17384],"_links":{"self":[{"href":"https:\/\/shoppingb2b.haworth.com\/fr\/wp-json\/wp\/v2\/product\/5304","targetHints":{"allow":["GET"]}}],"collection":[{"href":"https:\/\/shoppingb2b.haworth.com\/fr\/wp-json\/wp\/v2\/product"}],"about":[{"href":"https:\/\/shoppingb2b.haworth.com\/fr\/wp-json\/wp\/v2\/types\/product"}],"wp:featuredmedia":[{"embeddable":true,"href":"https:\/\/shoppingb2b.haworth.com\/fr\/wp-json\/wp\/v2\/media\/17389"}],"wp:attachment":[{"href":"https:\/\/shoppingb2b.haworth.com\/fr\/wp-json\/wp\/v2\/media?parent=5304"}],"wp:term":[{"taxonomy":"product_brand","embeddable":true,"href":"https:\/\/shoppingb2b.haworth.com\/fr\/wp-json\/wp\/v2\/product_brand?post=5304"},{"taxonomy":"product_cat","embeddable":true,"href":"https:\/\/shoppingb2b.haworth.com\/fr\/wp-json\/wp\/v2\/product_cat?post=5304"},{"taxonomy":"product_tag","embeddable":true,"href":"https:\/\/shoppingb2b.haworth.com\/fr\/wp-json\/wp\/v2\/product_tag?post=5304"}],"curies":[{"name":"wp","href":"https:\/\/api.w.org\/{rel}","templated":true}]}}