{"id":5392,"date":"2020-08-25T15:14:10","date_gmt":"2020-08-25T14:14:11","guid":{"rendered":"http:\/\/s833217312.online.de\/?post_type=product&#038;p=5392"},"modified":"2021-03-31T22:17:58","modified_gmt":"2021-03-31T21:17:58","slug":"de-peps","status":"publish","type":"product","link":"https:\/\/shoppingb2b.haworth.com\/fr\/produit\/de-peps\/","title":{"rendered":"Peps"},"content":{"rendered":"<div class=\"row\"  id=\"row-1440308056\">\n\n\t<div id=\"col-1946175509\" class=\"col medium-6 small-12 large-6\"  >\n\t\t<div class=\"col-inner\"  >\n\t\t\t\n\t\t\t\n<h2>Peps Haworth<\/h2>\n<h5>Par Patricia Urquiola<\/h5>\n<h5>La table d\u2019appoint Peps contribue \u00e0 cr\u00e9er une ambiance chaleureuse en apportant l\u00e9g\u00e8ret\u00e9 &#8211; mais fonctionnalit\u00e9 &#8211; \u00e0 l&rsquo;environnement de travail.<\/h5>\n<h5>Contrairement aux tabletts attach\u00e9es aux si\u00e8ges, vous pouvez disposer la table Peps o\u00f9 vous voulez, L\u00e9g\u00e8re et facile \u00e0 d\u00e9placer, Peps est aussi efficace que vous. Ses lignes fines et chaleureuses s&rsquo;int\u00e9greront partout pour rendre votre espace personnel encore plus performant.<\/h5>\n\t\t<\/div>\n\t\t\t<\/div>\n\n\t\n\n\t<div id=\"col-97274346\" class=\"col medium-6 small-12 large-6\"  >\n\t\t<div class=\"col-inner\"  >\n\t\t\t\n\t\t\t\n\t<div class=\"img has-hover x md-x lg-x y md-y lg-y\" id=\"image_1675308591\">\n\t\t\t\t\t\t\t\t<div class=\"img-inner dark\" >\n\t\t\t<img loading=\"lazy\" decoding=\"async\" width=\"800\" height=\"800\" src=\"https:\/\/shoppingb2b.haworth.com\/wp-content\/uploads\/2020\/08\/PIP-LOW-TABLE_01-800x800.png\" class=\"attachment-large size-large\" alt=\"\" srcset=\"https:\/\/shoppingb2b.haworth.com\/wp-content\/uploads\/2020\/08\/PIP-LOW-TABLE_01-800x800.png 800w, https:\/\/shoppingb2b.haworth.com\/wp-content\/uploads\/2020\/08\/PIP-LOW-TABLE_01-400x400.png 400w, https:\/\/shoppingb2b.haworth.com\/wp-content\/uploads\/2020\/08\/PIP-LOW-TABLE_01-280x280.png 280w, https:\/\/shoppingb2b.haworth.com\/wp-content\/uploads\/2020\/08\/PIP-LOW-TABLE_01-768x768.png 768w, https:\/\/shoppingb2b.haworth.com\/wp-content\/uploads\/2020\/08\/PIP-LOW-TABLE_01-247x247.png 247w, https:\/\/shoppingb2b.haworth.com\/wp-content\/uploads\/2020\/08\/PIP-LOW-TABLE_01-512x512.png 512w, https:\/\/shoppingb2b.haworth.com\/wp-content\/uploads\/2020\/08\/PIP-LOW-TABLE_01.png 1000w\" sizes=\"auto, (max-width: 800px) 100vw, 800px\" \/>\t\t\t\t\t\t\n\t\t\t\t\t<\/div>\n\t\t\t\t\t\t\t\t\n<style>\n#image_1675308591 {\n  width: 100%;\n}\n<\/style>\n\t<\/div>\n\t\n\t\t<\/div>\n\t\t\t<\/div>\n\n\t\n<\/div>\n","protected":false},"excerpt":{"rendered":"<p style=\"text-align: center;\">Votre espace de travail personnel, partout o\u00f9 vous en avez besoin<\/p>\n","protected":false},"featured_media":4887,"template":"","meta":[],"product_brand":[],"product_cat":[96,524],"product_tag":[176,458,451,206,507,509,620,184,566,567,501,456,448,560],"class_list":{"0":"post-5392","1":"product","2":"type-product","3":"status-publish","4":"has-post-thumbnail","6":"product_cat-bureaux","7":"product_cat-tous","8":"product_tag-allemagne","9":"product_tag-austria-fr","10":"product_tag-belgium-fr","11":"product_tag-bureau","12":"product_tag-hungary-fr","13":"product_tag-italy-fr","14":"product_tag-luxembourg-fr","15":"product_tag-pays-bas","16":"product_tag-pip-fr","17":"product_tag-pipidea-fr","18":"product_tag-poland-fr","19":"product_tag-portugal-fr","20":"product_tag-spain-fr","21":"product_tag-tables-fr","23":"first","24":"instock","25":"taxable","26":"shipping-taxable","27":"product-type-simple"},"gallery_images":[4890,4751,4830],"_links":{"self":[{"href":"https:\/\/shoppingb2b.haworth.com\/fr\/wp-json\/wp\/v2\/product\/5392","targetHints":{"allow":["GET"]}}],"collection":[{"href":"https:\/\/shoppingb2b.haworth.com\/fr\/wp-json\/wp\/v2\/product"}],"about":[{"href":"https:\/\/shoppingb2b.haworth.com\/fr\/wp-json\/wp\/v2\/types\/product"}],"wp:featuredmedia":[{"embeddable":true,"href":"https:\/\/shoppingb2b.haworth.com\/fr\/wp-json\/wp\/v2\/media\/4887"}],"wp:attachment":[{"href":"https:\/\/shoppingb2b.haworth.com\/fr\/wp-json\/wp\/v2\/media?parent=5392"}],"wp:term":[{"taxonomy":"product_brand","embeddable":true,"href":"https:\/\/shoppingb2b.haworth.com\/fr\/wp-json\/wp\/v2\/product_brand?post=5392"},{"taxonomy":"product_cat","embeddable":true,"href":"https:\/\/shoppingb2b.haworth.com\/fr\/wp-json\/wp\/v2\/product_cat?post=5392"},{"taxonomy":"product_tag","embeddable":true,"href":"https:\/\/shoppingb2b.haworth.com\/fr\/wp-json\/wp\/v2\/product_tag?post=5392"}],"curies":[{"name":"wp","href":"https:\/\/api.w.org\/{rel}","templated":true}]}}