{"id":5399,"date":"2020-08-25T15:14:20","date_gmt":"2020-08-25T14:14:20","guid":{"rendered":"http:\/\/s833217312.online.de\/?post_type=product&#038;p=5399"},"modified":"2021-08-02T15:34:39","modified_gmt":"2021-08-02T14:34:39","slug":"de-tibas-140x80","status":"publish","type":"product","link":"https:\/\/shoppingb2b.haworth.com\/fr\/produit\/de-tibas-140x80\/","title":{"rendered":"Tibas 140&#215;80"},"content":{"rendered":"<div class=\"row\"  id=\"row-772948399\">\n\n\t<div id=\"col-1429935545\" class=\"col medium-6 small-12 large-6\"  >\n\t\t<div class=\"col-inner\"  >\n\t\t\t\n\t\t\t\n<h2>Aper\u00e7u de Tibas<\/h2>\n<h5>A\u00e9rien<br \/>\nLe plateau semble flotter au-dessus de la structure solide de la table.<br \/>\nCertaines solutions partagent un seul c\u00f4t\u00e9 de pi\u00e9tement pour associer deux surfaces.<br \/>\nTibas respecte votre budget et votre espace tout en offrant une belle esth\u00e9tique.<\/h5>\n<h2>Durable.<\/h2>\n<h5>Tous les produits Haworth sont con\u00e7us pour durer et r\u00e9pondent aux normes<br \/>\nles plus exigeantes en mati\u00e8re de qualit\u00e9 et de s\u00e9curit\u00e9. Le d\u00e9veloppement durable<br \/>\nfait partie int\u00e9grante de notre culture.<\/h5>\n\t\t<\/div>\n\t\t\t<\/div>\n\n\t\n\n\t<div id=\"col-1078132385\" class=\"col medium-6 small-12 large-6\"  >\n\t\t<div class=\"col-inner\"  >\n\t\t\t\n\t\t\t\n\t<div class=\"img has-hover x md-x lg-x y md-y lg-y\" id=\"image_450632672\">\n\t\t\t\t\t\t\t\t<div class=\"img-inner dark\" >\n\t\t\t<img loading=\"lazy\" decoding=\"async\" width=\"800\" height=\"800\" src=\"https:\/\/shoppingb2b.haworth.com\/wp-content\/uploads\/2020\/08\/TIBAS-HEIGHT-ADJUSTABLE_WHITE-SWEEP_R0_V1-800x800.png\" class=\"attachment-large size-large\" alt=\"\" srcset=\"https:\/\/shoppingb2b.haworth.com\/wp-content\/uploads\/2020\/08\/TIBAS-HEIGHT-ADJUSTABLE_WHITE-SWEEP_R0_V1-800x800.png 800w, https:\/\/shoppingb2b.haworth.com\/wp-content\/uploads\/2020\/08\/TIBAS-HEIGHT-ADJUSTABLE_WHITE-SWEEP_R0_V1-400x400.png 400w, https:\/\/shoppingb2b.haworth.com\/wp-content\/uploads\/2020\/08\/TIBAS-HEIGHT-ADJUSTABLE_WHITE-SWEEP_R0_V1-280x280.png 280w, https:\/\/shoppingb2b.haworth.com\/wp-content\/uploads\/2020\/08\/TIBAS-HEIGHT-ADJUSTABLE_WHITE-SWEEP_R0_V1-768x768.png 768w, https:\/\/shoppingb2b.haworth.com\/wp-content\/uploads\/2020\/08\/TIBAS-HEIGHT-ADJUSTABLE_WHITE-SWEEP_R0_V1-247x247.png 247w, https:\/\/shoppingb2b.haworth.com\/wp-content\/uploads\/2020\/08\/TIBAS-HEIGHT-ADJUSTABLE_WHITE-SWEEP_R0_V1-512x512.png 512w, https:\/\/shoppingb2b.haworth.com\/wp-content\/uploads\/2020\/08\/TIBAS-HEIGHT-ADJUSTABLE_WHITE-SWEEP_R0_V1.png 1000w\" sizes=\"auto, (max-width: 800px) 100vw, 800px\" \/>\t\t\t\t\t\t\n\t\t\t\t\t<\/div>\n\t\t\t\t\t\t\t\t\n<style>\n#image_450632672 {\n  width: 100%;\n}\n<\/style>\n\t<\/div>\n\t\n\t\t<\/div>\n\t\t\t<\/div>\n\n\t\n<\/div>\n","protected":false},"excerpt":{"rendered":"<p style=\"text-align: center;\">Par Haworth Design Studio<br \/>\nLe Studio de Design Haworth a con\u00e7u le syst\u00e8me Tibas pour qu&rsquo;il s&rsquo;int\u00e8gre dans une grande vari\u00e9t\u00e9 d&rsquo;environnements de travail. Il s&rsquo;adapte aussi \u00e0 d&rsquo;autres gammes de produits Haworth pour former des postes de travail complets.<\/p>\n","protected":false},"featured_media":17389,"template":"","meta":[],"product_brand":[],"product_cat":[96,524],"product_tag":[176,458,451,206,507,509,620,184,501,456,448,215,560,564,556],"class_list":{"0":"post-5399","1":"product","2":"type-product","3":"status-publish","4":"has-post-thumbnail","6":"product_cat-bureaux","7":"product_cat-tous","8":"product_tag-allemagne","9":"product_tag-austria-fr","10":"product_tag-belgium-fr","11":"product_tag-bureau","12":"product_tag-hungary-fr","13":"product_tag-italy-fr","14":"product_tag-luxembourg-fr","15":"product_tag-pays-bas","16":"product_tag-poland-fr","17":"product_tag-portugal-fr","18":"product_tag-spain-fr","19":"product_tag-table-fr","20":"product_tag-tables-fr","21":"product_tag-tibas-fr","22":"product_tag-tibasidea-fr","24":"first","25":"instock","26":"taxable","27":"shipping-taxable","28":"purchasable","29":"product-type-simple"},"gallery_images":[17379,17384],"_links":{"self":[{"href":"https:\/\/shoppingb2b.haworth.com\/fr\/wp-json\/wp\/v2\/product\/5399","targetHints":{"allow":["GET"]}}],"collection":[{"href":"https:\/\/shoppingb2b.haworth.com\/fr\/wp-json\/wp\/v2\/product"}],"about":[{"href":"https:\/\/shoppingb2b.haworth.com\/fr\/wp-json\/wp\/v2\/types\/product"}],"wp:featuredmedia":[{"embeddable":true,"href":"https:\/\/shoppingb2b.haworth.com\/fr\/wp-json\/wp\/v2\/media\/17389"}],"wp:attachment":[{"href":"https:\/\/shoppingb2b.haworth.com\/fr\/wp-json\/wp\/v2\/media?parent=5399"}],"wp:term":[{"taxonomy":"product_brand","embeddable":true,"href":"https:\/\/shoppingb2b.haworth.com\/fr\/wp-json\/wp\/v2\/product_brand?post=5399"},{"taxonomy":"product_cat","embeddable":true,"href":"https:\/\/shoppingb2b.haworth.com\/fr\/wp-json\/wp\/v2\/product_cat?post=5399"},{"taxonomy":"product_tag","embeddable":true,"href":"https:\/\/shoppingb2b.haworth.com\/fr\/wp-json\/wp\/v2\/product_tag?post=5399"}],"curies":[{"name":"wp","href":"https:\/\/api.w.org\/{rel}","templated":true}]}}