{"id":6190,"date":"2020-09-10T14:05:11","date_gmt":"2020-09-10T13:06:12","guid":{"rendered":"http:\/\/s833217312.online.de\/?post_type=product&#038;p=6190"},"modified":"2021-03-31T22:13:33","modified_gmt":"2021-03-31T21:13:33","slug":"ch-be_hold-design-element-ouvert-module-superpose","status":"publish","type":"product","link":"https:\/\/shoppingb2b.haworth.com\/fr\/produit\/ch-be_hold-design-element-ouvert-module-superpose\/","title":{"rendered":"Be_Hold Design El\u00e9ment ouvert Module superpos\u00e9"},"content":{"rendered":"<p>Etag\u00e8res, armoires, casiers personnels, modules \u00e0 portes coulissantes\u2026 Be_Hold propose les \u00e9l\u00e9ments essentiels du rangement dans un mobilier de designer.<\/p>\n","protected":false},"excerpt":{"rendered":"<p style=\"text-align: center;\">Be_Hold propose les \u00e9l\u00e9ments essentiels du rangement dans un mobilier de designer<\/p>\n","protected":false},"featured_media":6180,"template":"","meta":[],"product_brand":[],"product_cat":[518,524],"product_tag":[604,346,193],"class_list":{"0":"post-6190","1":"product","2":"type-product","3":"status-publish","4":"has-post-thumbnail","6":"product_cat-accessoires","7":"product_cat-tous","8":"product_tag-behold-fr","9":"product_tag-design-fr","10":"product_tag-suisse","12":"first","13":"instock","14":"taxable","15":"shipping-taxable","16":"purchasable","17":"product-type-simple"},"gallery_images":[],"_links":{"self":[{"href":"https:\/\/shoppingb2b.haworth.com\/fr\/wp-json\/wp\/v2\/product\/6190","targetHints":{"allow":["GET"]}}],"collection":[{"href":"https:\/\/shoppingb2b.haworth.com\/fr\/wp-json\/wp\/v2\/product"}],"about":[{"href":"https:\/\/shoppingb2b.haworth.com\/fr\/wp-json\/wp\/v2\/types\/product"}],"wp:featuredmedia":[{"embeddable":true,"href":"https:\/\/shoppingb2b.haworth.com\/fr\/wp-json\/wp\/v2\/media\/6180"}],"wp:attachment":[{"href":"https:\/\/shoppingb2b.haworth.com\/fr\/wp-json\/wp\/v2\/media?parent=6190"}],"wp:term":[{"taxonomy":"product_brand","embeddable":true,"href":"https:\/\/shoppingb2b.haworth.com\/fr\/wp-json\/wp\/v2\/product_brand?post=6190"},{"taxonomy":"product_cat","embeddable":true,"href":"https:\/\/shoppingb2b.haworth.com\/fr\/wp-json\/wp\/v2\/product_cat?post=6190"},{"taxonomy":"product_tag","embeddable":true,"href":"https:\/\/shoppingb2b.haworth.com\/fr\/wp-json\/wp\/v2\/product_tag?post=6190"}],"curies":[{"name":"wp","href":"https:\/\/api.w.org\/{rel}","templated":true}]}}