{"id":6194,"date":"2020-09-10T14:05:10","date_gmt":"2020-09-10T13:06:13","guid":{"rendered":"http:\/\/s833217312.online.de\/?post_type=product&#038;p=6194"},"modified":"2021-03-31T22:13:33","modified_gmt":"2021-03-31T21:13:33","slug":"ch-flexx","status":"publish","type":"product","link":"https:\/\/shoppingb2b.haworth.com\/fr\/produit\/ch-flexx\/","title":{"rendered":"Flexx Caisson"},"content":{"rendered":"<h2>Aper\u00e7u de Metal Pedestals<\/h2>\n<p>Int\u00e9gr\u00e9.<br \/>\nSelon le mod\u00e8le, le Caisson M\u00e9tal est \u00e9quip\u00e9 d&rsquo;un tiroir plumier et peut \u00eatre \u00e9quip\u00e9 d&rsquo;un top qui s&rsquo;accordera \u00e0 la gamme de bureau Haworth que vous aurez choisie.<\/p>\n<p>Choisissez vos options.<br \/>\nPour ces rangements de proximit\u00e9, vous avez le choix entre diff\u00e9rents mod\u00e8les, avec diff\u00e9rents types de tiroirs. La poign\u00e9e est int\u00e9gr\u00e9e \u00e0 la fa\u00e7ade du caisson, ce qui lui conf\u00e8re une esth\u00e9tique lisse. La serrure plac\u00e9e sur le tiroir du haut verrouille l&rsquo;ensemble des autres tiroirs.<\/p>\n","protected":false},"excerpt":{"rendered":"<p style=\"text-align: center;\">Rangement de proximit\u00e9. La gamme de Caissons M\u00e9tal,<br \/>\ndu Studio de Design Haworth, propose des caissons mobiles<br \/>\nou porteurs hauteur bureau. Ils sont disponibles en<br \/>\ndiff\u00e9rentes hauteurs et profondeurs<\/p>\n","protected":false},"featured_media":6162,"template":"","meta":[],"product_brand":[],"product_cat":[518,524],"product_tag":[608,607,193],"class_list":{"0":"post-6194","1":"product","2":"type-product","3":"status-publish","4":"has-post-thumbnail","6":"product_cat-accessoires","7":"product_cat-tous","8":"product_tag-caisson","9":"product_tag-flexx-fr","10":"product_tag-suisse","12":"first","13":"instock","14":"taxable","15":"shipping-taxable","16":"purchasable","17":"product-type-simple"},"gallery_images":[],"_links":{"self":[{"href":"https:\/\/shoppingb2b.haworth.com\/fr\/wp-json\/wp\/v2\/product\/6194","targetHints":{"allow":["GET"]}}],"collection":[{"href":"https:\/\/shoppingb2b.haworth.com\/fr\/wp-json\/wp\/v2\/product"}],"about":[{"href":"https:\/\/shoppingb2b.haworth.com\/fr\/wp-json\/wp\/v2\/types\/product"}],"wp:featuredmedia":[{"embeddable":true,"href":"https:\/\/shoppingb2b.haworth.com\/fr\/wp-json\/wp\/v2\/media\/6162"}],"wp:attachment":[{"href":"https:\/\/shoppingb2b.haworth.com\/fr\/wp-json\/wp\/v2\/media?parent=6194"}],"wp:term":[{"taxonomy":"product_brand","embeddable":true,"href":"https:\/\/shoppingb2b.haworth.com\/fr\/wp-json\/wp\/v2\/product_brand?post=6194"},{"taxonomy":"product_cat","embeddable":true,"href":"https:\/\/shoppingb2b.haworth.com\/fr\/wp-json\/wp\/v2\/product_cat?post=6194"},{"taxonomy":"product_tag","embeddable":true,"href":"https:\/\/shoppingb2b.haworth.com\/fr\/wp-json\/wp\/v2\/product_tag?post=6194"}],"curies":[{"name":"wp","href":"https:\/\/api.w.org\/{rel}","templated":true}]}}