{"id":6196,"date":"2020-09-21T09:14:33","date_gmt":"2020-09-21T08:14:33","guid":{"rendered":"http:\/\/s833217312.online.de\/?post_type=product&#038;p=6196"},"modified":"2021-03-31T22:13:33","modified_gmt":"2021-03-31T21:13:33","slug":"ch-sage","status":"publish","type":"product","link":"https:\/\/shoppingb2b.haworth.com\/fr\/produit\/ch-sage\/","title":{"rendered":"Sage"},"content":{"rendered":"<p>Le Comforto 39 vous aide \u00e0 travailler au bureau et vous permet d&rsquo;\u00eatre au mieux de votre forme physique. Laissez-vous convaincre par les qualit\u00e9s ergonomiques du Comforto 39.<\/p>\n","protected":false},"excerpt":{"rendered":"<p style=\"text-align: center;\">Laissez-vous convaincre par les qualit\u00e9s ergonomiques du Comforto 39<\/p>\n","protected":false},"featured_media":6186,"template":"","meta":[],"product_brand":[],"product_cat":[93,524],"product_tag":[226,612,193],"class_list":{"0":"post-6196","1":"product","2":"type-product","3":"status-publish","4":"has-post-thumbnail","6":"product_cat-sieges","7":"product_cat-tous","8":"product_tag-chaise","9":"product_tag-sage-fr","10":"product_tag-suisse","12":"first","13":"instock","14":"taxable","15":"shipping-taxable","16":"purchasable","17":"product-type-simple"},"gallery_images":[6183],"_links":{"self":[{"href":"https:\/\/shoppingb2b.haworth.com\/fr\/wp-json\/wp\/v2\/product\/6196","targetHints":{"allow":["GET"]}}],"collection":[{"href":"https:\/\/shoppingb2b.haworth.com\/fr\/wp-json\/wp\/v2\/product"}],"about":[{"href":"https:\/\/shoppingb2b.haworth.com\/fr\/wp-json\/wp\/v2\/types\/product"}],"wp:featuredmedia":[{"embeddable":true,"href":"https:\/\/shoppingb2b.haworth.com\/fr\/wp-json\/wp\/v2\/media\/6186"}],"wp:attachment":[{"href":"https:\/\/shoppingb2b.haworth.com\/fr\/wp-json\/wp\/v2\/media?parent=6196"}],"wp:term":[{"taxonomy":"product_brand","embeddable":true,"href":"https:\/\/shoppingb2b.haworth.com\/fr\/wp-json\/wp\/v2\/product_brand?post=6196"},{"taxonomy":"product_cat","embeddable":true,"href":"https:\/\/shoppingb2b.haworth.com\/fr\/wp-json\/wp\/v2\/product_cat?post=6196"},{"taxonomy":"product_tag","embeddable":true,"href":"https:\/\/shoppingb2b.haworth.com\/fr\/wp-json\/wp\/v2\/product_tag?post=6196"}],"curies":[{"name":"wp","href":"https:\/\/api.w.org\/{rel}","templated":true}]}}