{"id":81608,"date":"2021-05-21T13:28:38","date_gmt":"2021-05-21T12:28:38","guid":{"rendered":"https:\/\/shopping.haworth.com\/product\/cappellini-bambi\/"},"modified":"2021-07-27T12:05:52","modified_gmt":"2021-07-27T11:05:52","slug":"cappellini-bambi","status":"publish","type":"product","link":"https:\/\/shoppingb2b.haworth.com\/fr\/produit\/cappellini-bambi\/","title":{"rendered":"Cappellini Bambi"},"content":{"rendered":"<p>La table Bambi d\u00e9fie la gravit\u00e9, son nom \u00e9voquant la stabilit\u00e9 pr\u00e9caire des pattes d&rsquo;un fauve. L&rsquo;id\u00e9e de base \u00e9tait de cr\u00e9er un bureau \u00e0 partir d&rsquo;une seule plaque, pli\u00e9e dans diff\u00e9rentes directions.<\/p>\n<p>Sa stabilit\u00e9 est assur\u00e9e par les angles oppos\u00e9s des deux pieds, qui se croisent \u00e0 90 degr\u00e9s.<\/p>\n<p>Cette conception donne au bureau une impression de fragilit\u00e9 au premier abord, alors qu&rsquo;il s&rsquo;agit en r\u00e9alit\u00e9 d&rsquo;un objet d&rsquo;ameublement solide et bien \u00e9quilibr\u00e9.<\/p>\n<p>Le bureau Bambi refl\u00e8te parfaitement l&rsquo;approche japonaise du design de Nendo, caract\u00e9ris\u00e9e par la combinaison de d\u00e9tails tr\u00e8s sophistiqu\u00e9s mais avec la surprise enfantine de la simplicit\u00e9.<\/p>\n","protected":false},"excerpt":{"rendered":"<p>Design: Nendo<\/p>\n<p>La table rectangulaire, aux dimensions id\u00e9ales pour un bureau \u00e0 domicile, r\u00e9alis\u00e9e en feuille d&rsquo;aluminium pli\u00e9e et d\u00e9coup\u00e9e au laser, avec une base de support en m\u00e9tal et des pieds en extrusion m\u00e9tallique.<\/p>\n","protected":false},"featured_media":32806,"template":"","meta":[],"product_brand":[],"product_cat":[96,524],"product_tag":[206,368,780,372,215],"class_list":{"0":"post-81608","1":"product","2":"type-product","3":"status-publish","4":"has-post-thumbnail","6":"product_cat-bureaux","7":"product_cat-tous","8":"product_tag-bureau","9":"product_tag-cappellini-fr","10":"product_tag-europe-fr","11":"product_tag-home-fr","12":"product_tag-table-fr","14":"first","15":"instock","16":"taxable","17":"shipping-taxable","18":"purchasable","19":"product-type-simple"},"gallery_images":[32816,32811],"_links":{"self":[{"href":"https:\/\/shoppingb2b.haworth.com\/fr\/wp-json\/wp\/v2\/product\/81608","targetHints":{"allow":["GET"]}}],"collection":[{"href":"https:\/\/shoppingb2b.haworth.com\/fr\/wp-json\/wp\/v2\/product"}],"about":[{"href":"https:\/\/shoppingb2b.haworth.com\/fr\/wp-json\/wp\/v2\/types\/product"}],"wp:featuredmedia":[{"embeddable":true,"href":"https:\/\/shoppingb2b.haworth.com\/fr\/wp-json\/wp\/v2\/media\/32806"}],"wp:attachment":[{"href":"https:\/\/shoppingb2b.haworth.com\/fr\/wp-json\/wp\/v2\/media?parent=81608"}],"wp:term":[{"taxonomy":"product_brand","embeddable":true,"href":"https:\/\/shoppingb2b.haworth.com\/fr\/wp-json\/wp\/v2\/product_brand?post=81608"},{"taxonomy":"product_cat","embeddable":true,"href":"https:\/\/shoppingb2b.haworth.com\/fr\/wp-json\/wp\/v2\/product_cat?post=81608"},{"taxonomy":"product_tag","embeddable":true,"href":"https:\/\/shoppingb2b.haworth.com\/fr\/wp-json\/wp\/v2\/product_tag?post=81608"}],"curies":[{"name":"wp","href":"https:\/\/api.w.org\/{rel}","templated":true}]}}