{"id":81613,"date":"2021-05-21T13:28:38","date_gmt":"2021-05-21T12:28:38","guid":{"rendered":"https:\/\/shopping.haworth.com\/product\/cappellini-big-shadow\/"},"modified":"2021-05-21T13:28:38","modified_gmt":"2021-05-21T12:28:38","slug":"cappellini-big-shadow","status":"publish","type":"product","link":"https:\/\/shoppingb2b.haworth.com\/fr\/produit\/cappellini-big-shadow\/","title":{"rendered":"Cappellini Big Shadow"},"content":{"rendered":"<p>L&rsquo;un des premiers produits de design de Marcel Wanders, la Big Shadow est un v\u00e9ritable reflet de son langage de conception : l&rsquo;utilisation de mat\u00e9riaux simples mais avec des techniques innovantes en combinaison avec des styles et des arch\u00e9types traditionnels.<\/p>\n<p>L&rsquo;inspiration de cette lampe se trouve dans les lampes de table abat-jour, revisit\u00e9es ici dans une touche contemporaine avec le tissu qui recouvre non seulement l&rsquo;abat-jour mais aussi toute la base, pour cr\u00e9er une source de lumi\u00e8re chaude et confortable.<\/p>\n<p>La lampe Big Shadow est un produit l\u00e9ger et paradoxal, le manifeste de la vision distinctive du design de Wanders, qui se concentre sur les relations entre le pass\u00e9 et l&rsquo;avenir et cherche \u00e0 concevoir de nouveaux classiques qui surmonteront le temps et les tendances \u00e0 court terme.<\/p>\n","protected":false},"excerpt":{"rendered":"<p>Design: Marcel Wanders<\/p>\n<p>Description de l&rsquo;article : Lampadaire \u00e0 lumi\u00e8re douce<\/p>\n","protected":false},"featured_media":32841,"template":"","meta":[],"product_brand":[],"product_cat":[518,524],"product_tag":[570,780,114,372,781],"class_list":{"0":"post-81613","1":"product","2":"type-product","3":"status-publish","4":"has-post-thumbnail","6":"product_cat-accessoires","7":"product_cat-tous","8":"product_tag-accessories-fr","9":"product_tag-europe-fr","10":"product_tag-haworth-fr-2","11":"product_tag-home-fr","12":"product_tag-lighting-fr","14":"first","15":"instock","16":"taxable","17":"shipping-taxable","18":"purchasable","19":"product-type-simple"},"gallery_images":[32846,32851],"_links":{"self":[{"href":"https:\/\/shoppingb2b.haworth.com\/fr\/wp-json\/wp\/v2\/product\/81613","targetHints":{"allow":["GET"]}}],"collection":[{"href":"https:\/\/shoppingb2b.haworth.com\/fr\/wp-json\/wp\/v2\/product"}],"about":[{"href":"https:\/\/shoppingb2b.haworth.com\/fr\/wp-json\/wp\/v2\/types\/product"}],"wp:featuredmedia":[{"embeddable":true,"href":"https:\/\/shoppingb2b.haworth.com\/fr\/wp-json\/wp\/v2\/media\/32841"}],"wp:attachment":[{"href":"https:\/\/shoppingb2b.haworth.com\/fr\/wp-json\/wp\/v2\/media?parent=81613"}],"wp:term":[{"taxonomy":"product_brand","embeddable":true,"href":"https:\/\/shoppingb2b.haworth.com\/fr\/wp-json\/wp\/v2\/product_brand?post=81613"},{"taxonomy":"product_cat","embeddable":true,"href":"https:\/\/shoppingb2b.haworth.com\/fr\/wp-json\/wp\/v2\/product_cat?post=81613"},{"taxonomy":"product_tag","embeddable":true,"href":"https:\/\/shoppingb2b.haworth.com\/fr\/wp-json\/wp\/v2\/product_tag?post=81613"}],"curies":[{"name":"wp","href":"https:\/\/api.w.org\/{rel}","templated":true}]}}