{"id":81616,"date":"2021-05-21T13:28:38","date_gmt":"2021-05-21T12:28:38","guid":{"rendered":"https:\/\/shopping.haworth.com\/product\/cappellini-cloud\/"},"modified":"2021-05-21T13:28:38","modified_gmt":"2021-05-21T12:28:38","slug":"cappellini-cloud","status":"publish","type":"product","link":"https:\/\/shoppingb2b.haworth.com\/fr\/produit\/cappellini-cloud\/","title":{"rendered":"Cappellini Cloud"},"content":{"rendered":"<p>Le Cloud est une biblioth\u00e8que modulaire \u00e0 compartiments creux fabriqu\u00e9e \u00e0 l&rsquo;aide d&rsquo;une technologie de moulage par rotation, un syst\u00e8me permettant de produire des objets creux en une seule pi\u00e8ce, sans soudure.<\/p>\n<p>Les modules sont des \u00ab\u00a0micro architectures\u00a0\u00bb bas\u00e9es sur la forme d&rsquo;un nuage dans le ciel.<\/p>\n<p>Les modules peuvent \u00eatre reli\u00e9s entre eux de mani\u00e8re al\u00e9atoire, \u00e0 la fois horizontalement et verticalement, \u00e0 l&rsquo;aide d&rsquo;un clip m\u00e9tallique, pour cr\u00e9er votre Cloud personnel.<\/p>\n<p>Le Could est une pi\u00e8ce de design ludique con\u00e7ue par Ronan &amp; Erwan Bouroullec qui peut \u00eatre utilis\u00e9e comme biblioth\u00e8que ou comme s\u00e9parateur de pi\u00e8ce, ajoutant une touche de fra\u00eecheur et de l\u00e9g\u00e8ret\u00e9 \u00e0 toute ambiance.<\/p>\n","protected":false},"excerpt":{"rendered":"<p>Design: Ronan &amp; Erwan Bouroullec<\/p>\n<p>Description de l&rsquo;article : Biblioth\u00e8que modulaire double face<\/p>\n","protected":false},"featured_media":32891,"template":"","meta":[],"product_brand":[],"product_cat":[518,524],"product_tag":[368,835,346,836],"class_list":{"0":"post-81616","1":"product","2":"type-product","3":"status-publish","4":"has-post-thumbnail","6":"product_cat-accessoires","7":"product_cat-tous","8":"product_tag-cappellini-fr","9":"product_tag-cloud-fr","10":"product_tag-design-fr","11":"product_tag-storage-fr","13":"first","14":"instock","15":"taxable","16":"shipping-taxable","17":"purchasable","18":"product-type-simple"},"gallery_images":[32896,32901],"_links":{"self":[{"href":"https:\/\/shoppingb2b.haworth.com\/fr\/wp-json\/wp\/v2\/product\/81616","targetHints":{"allow":["GET"]}}],"collection":[{"href":"https:\/\/shoppingb2b.haworth.com\/fr\/wp-json\/wp\/v2\/product"}],"about":[{"href":"https:\/\/shoppingb2b.haworth.com\/fr\/wp-json\/wp\/v2\/types\/product"}],"wp:featuredmedia":[{"embeddable":true,"href":"https:\/\/shoppingb2b.haworth.com\/fr\/wp-json\/wp\/v2\/media\/32891"}],"wp:attachment":[{"href":"https:\/\/shoppingb2b.haworth.com\/fr\/wp-json\/wp\/v2\/media?parent=81616"}],"wp:term":[{"taxonomy":"product_brand","embeddable":true,"href":"https:\/\/shoppingb2b.haworth.com\/fr\/wp-json\/wp\/v2\/product_brand?post=81616"},{"taxonomy":"product_cat","embeddable":true,"href":"https:\/\/shoppingb2b.haworth.com\/fr\/wp-json\/wp\/v2\/product_cat?post=81616"},{"taxonomy":"product_tag","embeddable":true,"href":"https:\/\/shoppingb2b.haworth.com\/fr\/wp-json\/wp\/v2\/product_tag?post=81616"}],"curies":[{"name":"wp","href":"https:\/\/api.w.org\/{rel}","templated":true}]}}