{"id":81618,"date":"2021-05-21T13:28:38","date_gmt":"2021-05-21T12:28:38","guid":{"rendered":"https:\/\/shopping.haworth.com\/product\/cappellini-fronzoni\/"},"modified":"2021-05-21T13:28:38","modified_gmt":"2021-05-21T12:28:38","slug":"cappellini-fronzoni","status":"publish","type":"product","link":"https:\/\/shoppingb2b.haworth.com\/fr\/produit\/cappellini-fronzoni\/","title":{"rendered":"Cappellini Fronzoni"},"content":{"rendered":"<p>La table Fronzoni, con\u00e7ue par le c\u00e9l\u00e8bre designer italien A.G. Fronzoni dans les ann\u00e9es 60, est universellement reconnue comme le manifeste officiel du minimalisme.<\/p>\n<p>Les proportions parfaites et l&rsquo;utilisation pr\u00e9cise des mat\u00e9riaux et des couleurs font de cet objet un exemple clair de la mani\u00e8re dont la simplicit\u00e9 repr\u00e9sente la plus haute synth\u00e8se du design.<\/p>\n<p>La table Fronzoni est un produit sobre et essentiel, qui refl\u00e8te l&rsquo;id\u00e9e de Fronzoni selon laquelle la valeur de la g\u00e9om\u00e9trie pr\u00e9vaut sur la fonction. A.G. Fronzoni est consid\u00e9r\u00e9 comme un ma\u00eetre du minimalisme et un promoteur de la maxime \u00ab\u00a0less is more\u00a0\u00bb.<\/p>\n<p>C&rsquo;est le bureau de travail id\u00e9al pour les amateurs de design, avec un design parfaitement \u00e9pur\u00e9 et essentiel.<\/p>\n","protected":false},"excerpt":{"rendered":"<p>Design: AG Fronzoni<\/p>\n<p>Table rectangulaire avec base en m\u00e9tal et plateau en bois<\/p>\n","protected":false},"featured_media":32919,"template":"","meta":[],"product_brand":[],"product_cat":[96,524],"product_tag":[206,368,346,780,837,215],"class_list":{"0":"post-81618","1":"product","2":"type-product","3":"status-publish","4":"has-post-thumbnail","6":"product_cat-bureaux","7":"product_cat-tous","8":"product_tag-bureau","9":"product_tag-cappellini-fr","10":"product_tag-design-fr","11":"product_tag-europe-fr","12":"product_tag-fronzoni-fr","13":"product_tag-table-fr","15":"first","16":"instock","17":"taxable","18":"shipping-taxable","19":"purchasable","20":"product-type-simple"},"gallery_images":[32924,32929],"_links":{"self":[{"href":"https:\/\/shoppingb2b.haworth.com\/fr\/wp-json\/wp\/v2\/product\/81618","targetHints":{"allow":["GET"]}}],"collection":[{"href":"https:\/\/shoppingb2b.haworth.com\/fr\/wp-json\/wp\/v2\/product"}],"about":[{"href":"https:\/\/shoppingb2b.haworth.com\/fr\/wp-json\/wp\/v2\/types\/product"}],"wp:featuredmedia":[{"embeddable":true,"href":"https:\/\/shoppingb2b.haworth.com\/fr\/wp-json\/wp\/v2\/media\/32919"}],"wp:attachment":[{"href":"https:\/\/shoppingb2b.haworth.com\/fr\/wp-json\/wp\/v2\/media?parent=81618"}],"wp:term":[{"taxonomy":"product_brand","embeddable":true,"href":"https:\/\/shoppingb2b.haworth.com\/fr\/wp-json\/wp\/v2\/product_brand?post=81618"},{"taxonomy":"product_cat","embeddable":true,"href":"https:\/\/shoppingb2b.haworth.com\/fr\/wp-json\/wp\/v2\/product_cat?post=81618"},{"taxonomy":"product_tag","embeddable":true,"href":"https:\/\/shoppingb2b.haworth.com\/fr\/wp-json\/wp\/v2\/product_tag?post=81618"}],"curies":[{"name":"wp","href":"https:\/\/api.w.org\/{rel}","templated":true}]}}