{"id":81620,"date":"2021-05-21T13:28:37","date_gmt":"2021-05-21T12:28:37","guid":{"rendered":"https:\/\/shopping.haworth.com\/product\/cappellini-lotus\/"},"modified":"2021-05-21T13:28:37","modified_gmt":"2021-05-21T12:28:37","slug":"cappellini-lotus","status":"publish","type":"product","link":"https:\/\/shoppingb2b.haworth.com\/fr\/produit\/cappellini-lotus\/","title":{"rendered":"Cappellini Lotus"},"content":{"rendered":"<p>Jasper Morrison a eu l&rsquo;id\u00e9e de concevoir un si\u00e8ge de travail extr\u00eamement confortable et ergonomique en utilisant le moins de volume possible.<\/p>\n<p>La chaise Lotus est un produit \u00e9l\u00e9gant caract\u00e9ris\u00e9 par un design tr\u00e8s raffin\u00e9, caract\u00e9ristique de tous les produits Morrison.<\/p>\n<p>La chaise est le r\u00e9sultat d&rsquo;un projet de conception long et minutieux qui a abouti \u00e0 la cr\u00e9ation d&rsquo;un produit fonctionnel, offrant le plus grand confort malgr\u00e9 la faible \u00e9paisseur de la coque et son extr\u00eame l\u00e9g\u00e8ret\u00e9 visuelle.<\/p>\n<p>La coque est r\u00e9alis\u00e9e en contreplaqu\u00e9 de h\u00eatre cintr\u00e9 avec diff\u00e9rentes couches de mousse de polyur\u00e9thane et de bandes \u00e9lastiques, garantissant ainsi une endurance maximale pour une \u00e9paisseur minimale.<\/p>\n<p>Les tissus d&rsquo;ameublement de la chaise sont co-tamponn\u00e9s avec les coussinets en mousse de polyur\u00e9thane, ce qui donne au si\u00e8ge son effet tridimensionnel distinct.<\/p>\n<p>Cette chaise est une d\u00e9claration de design, repr\u00e9sentant le meilleur de l&rsquo;artisanat italien et id\u00e9ale pour un bureau \u00e0 domicile sophistiqu\u00e9.<\/p>\n","protected":false},"excerpt":{"rendered":"<p>Design: Jasper Morrison<\/p>\n<p>Fauteuil avec accoudoirs, avec base en aluminium moul\u00e9 sous pression \u00e0 5 branches avec roulettes<\/p>\n","protected":false},"featured_media":32979,"template":"","meta":[],"product_brand":[],"product_cat":[93,524],"product_tag":[368,346,780,839,838],"class_list":{"0":"post-81620","1":"product","2":"type-product","3":"status-publish","4":"has-post-thumbnail","6":"product_cat-sieges","7":"product_cat-tous","8":"product_tag-cappellini-fr","9":"product_tag-design-fr","10":"product_tag-europe-fr","11":"product_tag-jasper-morrison-fr","12":"product_tag-lotus-fr","14":"first","15":"instock","16":"taxable","17":"shipping-taxable","18":"purchasable","19":"product-type-simple"},"gallery_images":[32985,32990],"_links":{"self":[{"href":"https:\/\/shoppingb2b.haworth.com\/fr\/wp-json\/wp\/v2\/product\/81620","targetHints":{"allow":["GET"]}}],"collection":[{"href":"https:\/\/shoppingb2b.haworth.com\/fr\/wp-json\/wp\/v2\/product"}],"about":[{"href":"https:\/\/shoppingb2b.haworth.com\/fr\/wp-json\/wp\/v2\/types\/product"}],"wp:featuredmedia":[{"embeddable":true,"href":"https:\/\/shoppingb2b.haworth.com\/fr\/wp-json\/wp\/v2\/media\/32979"}],"wp:attachment":[{"href":"https:\/\/shoppingb2b.haworth.com\/fr\/wp-json\/wp\/v2\/media?parent=81620"}],"wp:term":[{"taxonomy":"product_brand","embeddable":true,"href":"https:\/\/shoppingb2b.haworth.com\/fr\/wp-json\/wp\/v2\/product_brand?post=81620"},{"taxonomy":"product_cat","embeddable":true,"href":"https:\/\/shoppingb2b.haworth.com\/fr\/wp-json\/wp\/v2\/product_cat?post=81620"},{"taxonomy":"product_tag","embeddable":true,"href":"https:\/\/shoppingb2b.haworth.com\/fr\/wp-json\/wp\/v2\/product_tag?post=81620"}],"curies":[{"name":"wp","href":"https:\/\/api.w.org\/{rel}","templated":true}]}}