{"id":81622,"date":"2021-05-21T13:28:37","date_gmt":"2021-05-21T12:28:37","guid":{"rendered":"https:\/\/shopping.haworth.com\/product\/cappellini-ribbon\/"},"modified":"2021-05-21T13:28:37","modified_gmt":"2021-05-21T12:28:37","slug":"cappellini-ribbon","status":"publish","type":"product","link":"https:\/\/shoppingb2b.haworth.com\/fr\/produit\/cappellini-ribbon\/","title":{"rendered":"Cappellini Ribbon"},"content":{"rendered":"<p>Le studio de design japonais Nendo, dirig\u00e9 par le c\u00e9l\u00e8bre Oki Sato, s&rsquo;est inspir\u00e9 des lacets d&rsquo;un chausson de ballerine pour concevoir le tabouret Ribbon.<\/p>\n<p>Le tabouret est constitu\u00e9 de rubans de t\u00f4le d\u00e9coup\u00e9s au laser qui s&rsquo;\u00e9coulent en continu.<\/p>\n<p>Gr\u00e2ce \u00e0 son design unique, Ribbon est une petite sculpture qui peut s&rsquo;ins\u00e9rer dans diff\u00e9rents contextes, qu&rsquo;il s&rsquo;agisse d&rsquo;une architecture moderne ou d&rsquo;un environnement classique.<\/p>\n<p>Simple et essentiel, mais raffin\u00e9, Ribbon est un objet po\u00e9tique, un exemple clair de fabrication italienne de qualit\u00e9 sup\u00e9rieure.<\/p>\n<p>Le tabouret a re\u00e7u de nombreuses r\u00e9compenses telles que le Red Dot Award.<\/p>\n","protected":false},"excerpt":{"rendered":"<p>Design: Nendo<\/p>\n<p>Tabouret en m\u00e9tal d\u00e9coup\u00e9 au laser<\/p>\n","protected":false},"featured_media":33004,"template":"","meta":[],"product_brand":[],"product_cat":[518,93,524],"product_tag":[368,346,780,841,840],"class_list":{"0":"post-81622","1":"product","2":"type-product","3":"status-publish","4":"has-post-thumbnail","6":"product_cat-accessoires","7":"product_cat-sieges","8":"product_cat-tous","9":"product_tag-cappellini-fr","10":"product_tag-design-fr","11":"product_tag-europe-fr","12":"product_tag-nendo-fr","13":"product_tag-ribbon-fr","15":"first","16":"instock","17":"taxable","18":"shipping-taxable","19":"purchasable","20":"product-type-simple"},"gallery_images":[33009,33014],"_links":{"self":[{"href":"https:\/\/shoppingb2b.haworth.com\/fr\/wp-json\/wp\/v2\/product\/81622","targetHints":{"allow":["GET"]}}],"collection":[{"href":"https:\/\/shoppingb2b.haworth.com\/fr\/wp-json\/wp\/v2\/product"}],"about":[{"href":"https:\/\/shoppingb2b.haworth.com\/fr\/wp-json\/wp\/v2\/types\/product"}],"wp:featuredmedia":[{"embeddable":true,"href":"https:\/\/shoppingb2b.haworth.com\/fr\/wp-json\/wp\/v2\/media\/33004"}],"wp:attachment":[{"href":"https:\/\/shoppingb2b.haworth.com\/fr\/wp-json\/wp\/v2\/media?parent=81622"}],"wp:term":[{"taxonomy":"product_brand","embeddable":true,"href":"https:\/\/shoppingb2b.haworth.com\/fr\/wp-json\/wp\/v2\/product_brand?post=81622"},{"taxonomy":"product_cat","embeddable":true,"href":"https:\/\/shoppingb2b.haworth.com\/fr\/wp-json\/wp\/v2\/product_cat?post=81622"},{"taxonomy":"product_tag","embeddable":true,"href":"https:\/\/shoppingb2b.haworth.com\/fr\/wp-json\/wp\/v2\/product_tag?post=81622"}],"curies":[{"name":"wp","href":"https:\/\/api.w.org\/{rel}","templated":true}]}}