{"id":81623,"date":"2021-05-21T13:28:37","date_gmt":"2021-05-21T12:28:37","guid":{"rendered":"https:\/\/shopping.haworth.com\/product\/cappellini-drop\/"},"modified":"2021-05-21T13:28:37","modified_gmt":"2021-05-21T12:28:37","slug":"cappellini-drop","status":"publish","type":"product","link":"https:\/\/shoppingb2b.haworth.com\/fr\/produit\/cappellini-drop\/","title":{"rendered":"Cappellini Drop"},"content":{"rendered":"<p>D\u00e9fi ing\u00e9nieux contre la force de gravit\u00e9, le Drop de Nendo est une biblioth\u00e8que colonne \u00e0 deux faces, r\u00e9alis\u00e9e en m\u00e9tal d\u00e9coup\u00e9 au laser.<\/p>\n<p>Le nom \u00ab\u00a0drop\u00a0\u00bb est \u00e9videmment inspir\u00e9 de l&rsquo;angle inclin\u00e9 de l&rsquo;\u00e9tag\u00e8re sup\u00e9rieure, qui offre une vari\u00e9t\u00e9 d&rsquo;options amusantes pour le rangement des livres et autres objets.<\/p>\n<p>Malgr\u00e9 son design apparemment instable, l&rsquo;\u00e9tag\u00e8re est solide et bien \u00e9quilibr\u00e9e, notamment gr\u00e2ce \u00e0 une plaque de contrepoids au bas de la structure qui assure une stabilit\u00e9 maximale.<\/p>\n","protected":false},"excerpt":{"rendered":"<p>Design : Nendo<\/p>\n<p>Biblioth\u00e8que en colonne \u00e0 deux faces<\/p>\n","protected":false},"featured_media":33241,"template":"","meta":[],"product_brand":[],"product_cat":[518,524],"product_tag":[843,368,346,842,780,372,841],"class_list":{"0":"post-81623","1":"product","2":"type-product","3":"status-publish","4":"has-post-thumbnail","6":"product_cat-accessoires","7":"product_cat-tous","8":"product_tag-bookshelf-fr","9":"product_tag-cappellini-fr","10":"product_tag-design-fr","11":"product_tag-drop-fr","12":"product_tag-europe-fr","13":"product_tag-home-fr","14":"product_tag-nendo-fr","16":"first","17":"instock","18":"taxable","19":"shipping-taxable","20":"purchasable","21":"product-type-simple"},"gallery_images":[33246,33251],"_links":{"self":[{"href":"https:\/\/shoppingb2b.haworth.com\/fr\/wp-json\/wp\/v2\/product\/81623","targetHints":{"allow":["GET"]}}],"collection":[{"href":"https:\/\/shoppingb2b.haworth.com\/fr\/wp-json\/wp\/v2\/product"}],"about":[{"href":"https:\/\/shoppingb2b.haworth.com\/fr\/wp-json\/wp\/v2\/types\/product"}],"wp:featuredmedia":[{"embeddable":true,"href":"https:\/\/shoppingb2b.haworth.com\/fr\/wp-json\/wp\/v2\/media\/33241"}],"wp:attachment":[{"href":"https:\/\/shoppingb2b.haworth.com\/fr\/wp-json\/wp\/v2\/media?parent=81623"}],"wp:term":[{"taxonomy":"product_brand","embeddable":true,"href":"https:\/\/shoppingb2b.haworth.com\/fr\/wp-json\/wp\/v2\/product_brand?post=81623"},{"taxonomy":"product_cat","embeddable":true,"href":"https:\/\/shoppingb2b.haworth.com\/fr\/wp-json\/wp\/v2\/product_cat?post=81623"},{"taxonomy":"product_tag","embeddable":true,"href":"https:\/\/shoppingb2b.haworth.com\/fr\/wp-json\/wp\/v2\/product_tag?post=81623"}],"curies":[{"name":"wp","href":"https:\/\/api.w.org\/{rel}","templated":true}]}}