{"id":889,"date":"2020-04-20T17:23:23","date_gmt":"2020-04-20T16:23:23","guid":{"rendered":"http:\/\/s833217312.online.de\/?post_type=product&#038;p=889"},"modified":"2021-03-31T22:26:56","modified_gmt":"2021-03-31T21:26:56","slug":"de-lively","status":"publish","type":"product","link":"https:\/\/shoppingb2b.haworth.com\/fr\/produit\/de-lively\/","title":{"rendered":"Lively"},"content":{"rendered":"<p>CON\u00c7U PAR\u00a0STEVE NEMETH\u00a0&amp;\u00a0HAWORTH DESIGN STUDIO<\/p>\n<p>&nbsp;<\/p>\n<h2>L&rsquo;ergonomie bas\u00e9e sur la science.<\/h2>\n<p>Ergonomie, design et confort personnalis\u00e9s, ajustement de la profondeur, de la hauteur et de l&rsquo;inclinaison d&rsquo;assise.<\/p>\n<p>Une large palette de coloris. Durable. Et un prix raisonnable.<\/p>\n<p>&nbsp;<\/p>\n<h2>Remarquable.<\/h2>\n<p>Lively (Comforto 29) est bien plus qu&rsquo;un si\u00e8ge confortable et bien con\u00e7u. C&rsquo;est un diamant brut.<\/p>\n<p>Profil raffin\u00e9, vaste choix de couleurs. Un si\u00e8ge sur mesure qui s&rsquo;adapte \u00e0 votre style.<\/p>\n","protected":false},"excerpt":{"rendered":"<h4 style=\"text-align: center;\">Lively (Comforto 29) associe des fonctionnalit\u00e9s\u00a0avanc\u00e9es et une esth\u00e9tique \u00e9pur\u00e9e.<\/h4>\n<h4 style=\"text-align: center;\">Pour ceux qui vont \u00e0 l&rsquo;essentiel.<\/h4>\n","protected":false},"featured_media":1193,"template":"","meta":[],"product_brand":[],"product_cat":[1057,93,524],"product_tag":[176,458,451,196,114,507,509,115,620,184,501,456,448],"class_list":{"0":"post-889","1":"product","2":"type-product","3":"status-publish","4":"has-post-thumbnail","6":"product_cat-black-friday-fr","7":"product_cat-sieges","8":"product_cat-tous","9":"product_tag-allemagne","10":"product_tag-austria-fr","11":"product_tag-belgium-fr","12":"product_tag-chaise-pivotante","13":"product_tag-haworth-fr-2","14":"product_tag-hungary-fr","15":"product_tag-italy-fr","16":"product_tag-lively-fr","17":"product_tag-luxembourg-fr","18":"product_tag-pays-bas","19":"product_tag-poland-fr","20":"product_tag-portugal-fr","21":"product_tag-spain-fr","23":"first","24":"outofstock","25":"taxable","26":"shipping-taxable","27":"product-type-simple"},"gallery_images":[1189],"_links":{"self":[{"href":"https:\/\/shoppingb2b.haworth.com\/fr\/wp-json\/wp\/v2\/product\/889","targetHints":{"allow":["GET"]}}],"collection":[{"href":"https:\/\/shoppingb2b.haworth.com\/fr\/wp-json\/wp\/v2\/product"}],"about":[{"href":"https:\/\/shoppingb2b.haworth.com\/fr\/wp-json\/wp\/v2\/types\/product"}],"wp:featuredmedia":[{"embeddable":true,"href":"https:\/\/shoppingb2b.haworth.com\/fr\/wp-json\/wp\/v2\/media\/1193"}],"wp:attachment":[{"href":"https:\/\/shoppingb2b.haworth.com\/fr\/wp-json\/wp\/v2\/media?parent=889"}],"wp:term":[{"taxonomy":"product_brand","embeddable":true,"href":"https:\/\/shoppingb2b.haworth.com\/fr\/wp-json\/wp\/v2\/product_brand?post=889"},{"taxonomy":"product_cat","embeddable":true,"href":"https:\/\/shoppingb2b.haworth.com\/fr\/wp-json\/wp\/v2\/product_cat?post=889"},{"taxonomy":"product_tag","embeddable":true,"href":"https:\/\/shoppingb2b.haworth.com\/fr\/wp-json\/wp\/v2\/product_tag?post=889"}],"curies":[{"name":"wp","href":"https:\/\/api.w.org\/{rel}","templated":true}]}}