{"id":893,"date":"2020-04-20T17:41:24","date_gmt":"2020-04-20T16:41:24","guid":{"rendered":"http:\/\/s833217312.online.de\/?post_type=product&#038;p=893"},"modified":"2021-03-31T22:26:56","modified_gmt":"2021-03-31T21:26:56","slug":"fr-lively","status":"publish","type":"product","link":"https:\/\/shoppingb2b.haworth.com\/fr\/produit\/fr-lively\/","title":{"rendered":"Lively"},"content":{"rendered":"<h2>Aper\u00e7u\u00a0 de Lively<\/h2>\n<p>Une gamme unique pour des solutions multiples. Lively est universel, il trouve sa place dans tous les environnements.<br \/>\nA la port\u00e9e de tous, Lively garantit le bien-\u00eatre au travail.<\/p>\n<p>L&rsquo;ergonomie bas\u00e9e sur la science.Ergonomie, design et confort personnalis\u00e9s, ajustement de la profondeur, de la hauteur et<br \/>\nde l&rsquo;inclinaison d&rsquo;assise. Une large palette de coloris. Durable. Et un prix raisonnable.<\/p>\n<p>Remarquable.<br \/>\nLively (Comforto 29) est bien plus qu&rsquo;un si\u00e8ge confortable et bien con\u00e7u. C&rsquo;est un diamant brut.<br \/>\nProfil raffin\u00e9, vaste choix de couleurs. Un si\u00e8ge sur mesure qui s&rsquo;adapte \u00e0 votre style.<\/p>\n","protected":false},"excerpt":{"rendered":"<p style=\"text-align: center;\">Lively associe des fonctionnalit\u00e9s avanc\u00e9es et une esth\u00e9tique \u00e9pur\u00e9e.<br \/>\nPour ceux qui vont \u00e0 l&rsquo;essentiel.<\/p>\n","protected":false},"featured_media":1193,"template":"","meta":[],"product_brand":[],"product_cat":[1057,93],"product_tag":[196,173,114,115],"class_list":{"0":"post-893","1":"product","2":"type-product","3":"status-publish","4":"has-post-thumbnail","6":"product_cat-black-friday-fr","7":"product_cat-sieges","8":"product_tag-chaise-pivotante","9":"product_tag-france-fr","10":"product_tag-haworth-fr-2","11":"product_tag-lively-fr","13":"first","14":"outofstock","15":"taxable","16":"shipping-taxable","17":"product-type-simple"},"gallery_images":[1189],"_links":{"self":[{"href":"https:\/\/shoppingb2b.haworth.com\/fr\/wp-json\/wp\/v2\/product\/893","targetHints":{"allow":["GET"]}}],"collection":[{"href":"https:\/\/shoppingb2b.haworth.com\/fr\/wp-json\/wp\/v2\/product"}],"about":[{"href":"https:\/\/shoppingb2b.haworth.com\/fr\/wp-json\/wp\/v2\/types\/product"}],"wp:featuredmedia":[{"embeddable":true,"href":"https:\/\/shoppingb2b.haworth.com\/fr\/wp-json\/wp\/v2\/media\/1193"}],"wp:attachment":[{"href":"https:\/\/shoppingb2b.haworth.com\/fr\/wp-json\/wp\/v2\/media?parent=893"}],"wp:term":[{"taxonomy":"product_brand","embeddable":true,"href":"https:\/\/shoppingb2b.haworth.com\/fr\/wp-json\/wp\/v2\/product_brand?post=893"},{"taxonomy":"product_cat","embeddable":true,"href":"https:\/\/shoppingb2b.haworth.com\/fr\/wp-json\/wp\/v2\/product_cat?post=893"},{"taxonomy":"product_tag","embeddable":true,"href":"https:\/\/shoppingb2b.haworth.com\/fr\/wp-json\/wp\/v2\/product_tag?post=893"}],"curies":[{"name":"wp","href":"https:\/\/api.w.org\/{rel}","templated":true}]}}