{"id":98416,"date":"2021-05-21T13:28:38","date_gmt":"2021-05-21T12:28:38","guid":{"rendered":"https:\/\/shopping.haworth.com\/product\/cappellini-bong\/"},"modified":"2021-05-21T13:28:38","modified_gmt":"2021-05-21T12:28:38","slug":"cappellini-bong","status":"publish","type":"product","link":"https:\/\/shoppingb2b.haworth.com\/fr\/produit\/cappellini-bong\/","title":{"rendered":"Cappellini Bong"},"content":{"rendered":"<p>Les formes pr\u00e9f\u00e9r\u00e9es de Giulio Cappellini sont simples, mais peu communes, et la table Bong repr\u00e9sente parfaitement ce concept :<\/p>\n<p>une sph\u00e8re coup\u00e9e sur la partie sup\u00e9rieure pour devenir une table de service ou un si\u00e8ge.<\/p>\n<p>Bong est faite de fibre de verre moul\u00e9e, fabriqu\u00e9e selon un proc\u00e9d\u00e9 exclusif mis au point par Cappellini.<\/p>\n<p>L&rsquo;int\u00e9rieur de la table est compl\u00e8tement vide, ce qui la rend extr\u00eamement l\u00e9g\u00e8re et facilement transportable, et cr\u00e9e un joli contraste entre le poids r\u00e9el et le poids per\u00e7u, en particulier avec la finition en marbre blanc de Carrare qui n&rsquo;est pas r\u00e9elle, mais obtenue avec une application 3D particuli\u00e8re, appel\u00e9e DipPrint\u00ae, qui utilise la pression hydrostatique pour appliquer une d\u00e9coration sp\u00e9ciale sur une surface.<\/p>\n<p>Gr\u00e2ce \u00e0 sa l\u00e9g\u00e8ret\u00e9 et \u00e0 son design simple et essentiel, Bong est une pi\u00e8ce de design embl\u00e9matique, adapt\u00e9e \u00e0 tout type d&rsquo;environnement domestique.<\/p>\n","protected":false},"excerpt":{"rendered":"<p>Design: Giulio Cappellini<\/p>\n<p>I Description de l&rsquo;article : \u00a0Table<\/p>\n","protected":false},"featured_media":32867,"template":"","meta":[],"product_brand":[],"product_cat":[860],"product_tag":[861,368,346,780,114],"class_list":{"0":"post-98416","1":"product","2":"type-product","3":"status-publish","4":"has-post-thumbnail","6":"product_cat-cappellini-fr","7":"product_tag-bong-fr","8":"product_tag-cappellini-fr","9":"product_tag-design-fr","10":"product_tag-europe-fr","11":"product_tag-haworth-fr-2","13":"first","14":"instock","15":"taxable","16":"shipping-taxable","17":"purchasable","18":"product-type-simple"},"gallery_images":[32875,32880],"_links":{"self":[{"href":"https:\/\/shoppingb2b.haworth.com\/fr\/wp-json\/wp\/v2\/product\/98416","targetHints":{"allow":["GET"]}}],"collection":[{"href":"https:\/\/shoppingb2b.haworth.com\/fr\/wp-json\/wp\/v2\/product"}],"about":[{"href":"https:\/\/shoppingb2b.haworth.com\/fr\/wp-json\/wp\/v2\/types\/product"}],"wp:featuredmedia":[{"embeddable":true,"href":"https:\/\/shoppingb2b.haworth.com\/fr\/wp-json\/wp\/v2\/media\/32867"}],"wp:attachment":[{"href":"https:\/\/shoppingb2b.haworth.com\/fr\/wp-json\/wp\/v2\/media?parent=98416"}],"wp:term":[{"taxonomy":"product_brand","embeddable":true,"href":"https:\/\/shoppingb2b.haworth.com\/fr\/wp-json\/wp\/v2\/product_brand?post=98416"},{"taxonomy":"product_cat","embeddable":true,"href":"https:\/\/shoppingb2b.haworth.com\/fr\/wp-json\/wp\/v2\/product_cat?post=98416"},{"taxonomy":"product_tag","embeddable":true,"href":"https:\/\/shoppingb2b.haworth.com\/fr\/wp-json\/wp\/v2\/product_tag?post=98416"}],"curies":[{"name":"wp","href":"https:\/\/api.w.org\/{rel}","templated":true}]}}