{"id":98542,"date":"2021-05-21T13:28:38","date_gmt":"2021-05-21T12:28:38","guid":{"rendered":"https:\/\/shopping.haworth.com\/product\/cappellini-juli-plastic\/"},"modified":"2021-05-21T13:28:38","modified_gmt":"2021-05-21T12:28:38","slug":"cappellini-juli-plastic","status":"publish","type":"product","link":"https:\/\/shoppingb2b.haworth.com\/fr\/produit\/cappellini-juli-plastic\/","title":{"rendered":"Cappellini Juli Plastic"},"content":{"rendered":"<p>N\u00e9e comme une interpr\u00e9tation contemporaine de la chaise classique \u00e0 coque plastique des ann\u00e9es 50, la Juli Plastic est \u00e0 la fois extr\u00eamement fonctionnelle et d&rsquo;un design exceptionnel.<\/p>\n<p>La caract\u00e9ristique principale est la forme tr\u00e8s caract\u00e9ristique de la coque du si\u00e8ge avec des accoudoirs tr\u00e8s confortables. L&rsquo;ergonomie de la chaise a \u00e9t\u00e9 optimis\u00e9e, ce qui en fait une chaise de bureau \u00e0 domicile parfaite, offrant un confort unique m\u00eame pendant les vid\u00e9oconf\u00e9rences les plus longues.<\/p>\n<p>Il s&rsquo;agit d&rsquo;un chef-d&rsquo;\u0153uvre du c\u00e9l\u00e8bre designer allemand Werner Aisslinger. Ce n&rsquo;est pas un hasard si la Juli Plastic est la premi\u00e8re chaise de design allemande \u00e0 faire partie de la collection permanente du Mus\u00e9e d&rsquo;art moderne de New York.<\/p>\n","protected":false},"excerpt":{"rendered":"<p>Design: Werner Aisslinger<\/p>\n<p>Description de l&rsquo;article : Petit fauteuil sur socle \u00e0 5 branches avec roulettes<\/p>\n","protected":false},"featured_media":32952,"template":"","meta":[],"product_brand":[],"product_cat":[93,524],"product_tag":[368,346,878,879],"class_list":{"0":"post-98542","1":"product","2":"type-product","3":"status-publish","4":"has-post-thumbnail","6":"product_cat-sieges","7":"product_cat-tous","8":"product_tag-cappellini-fr","9":"product_tag-design-fr","10":"product_tag-juli-plastic-fr","11":"product_tag-werner-aisslinger-fr","13":"first","14":"instock","15":"taxable","16":"shipping-taxable","17":"purchasable","18":"product-type-simple"},"gallery_images":[32957,32962],"_links":{"self":[{"href":"https:\/\/shoppingb2b.haworth.com\/fr\/wp-json\/wp\/v2\/product\/98542","targetHints":{"allow":["GET"]}}],"collection":[{"href":"https:\/\/shoppingb2b.haworth.com\/fr\/wp-json\/wp\/v2\/product"}],"about":[{"href":"https:\/\/shoppingb2b.haworth.com\/fr\/wp-json\/wp\/v2\/types\/product"}],"wp:featuredmedia":[{"embeddable":true,"href":"https:\/\/shoppingb2b.haworth.com\/fr\/wp-json\/wp\/v2\/media\/32952"}],"wp:attachment":[{"href":"https:\/\/shoppingb2b.haworth.com\/fr\/wp-json\/wp\/v2\/media?parent=98542"}],"wp:term":[{"taxonomy":"product_brand","embeddable":true,"href":"https:\/\/shoppingb2b.haworth.com\/fr\/wp-json\/wp\/v2\/product_brand?post=98542"},{"taxonomy":"product_cat","embeddable":true,"href":"https:\/\/shoppingb2b.haworth.com\/fr\/wp-json\/wp\/v2\/product_cat?post=98542"},{"taxonomy":"product_tag","embeddable":true,"href":"https:\/\/shoppingb2b.haworth.com\/fr\/wp-json\/wp\/v2\/product_tag?post=98542"}],"curies":[{"name":"wp","href":"https:\/\/api.w.org\/{rel}","templated":true}]}}