{"id":98556,"date":"2021-05-21T13:28:37","date_gmt":"2021-05-21T12:28:37","guid":{"rendered":"https:\/\/shopping.haworth.com\/product\/cappellini-gong\/"},"modified":"2021-05-21T13:28:37","modified_gmt":"2021-05-21T12:28:37","slug":"cappellini-gong","status":"publish","type":"product","link":"https:\/\/shoppingb2b.haworth.com\/fr\/produit\/cappellini-gong\/","title":{"rendered":"Cappellini Gong"},"content":{"rendered":"<p>Avec la table Gong, Giulio Cappellini a voulu cr\u00e9er un design minimaliste exploitant la force du m\u00e9tal en r\u00e9duisant les volumes au strict minimum.<\/p>\n<p>Deux plaques m\u00e9talliques rondes identiques et extr\u00eamement fines sont reli\u00e9es par une fine barre dans le m\u00eame mat\u00e9riau. Il s&rsquo;agit d&rsquo;une ic\u00f4ne absolue du design, avec un jeu de formes magnifique et \u00e9quilibr\u00e9.<\/p>\n<p>Gong est une petite table de service, extr\u00eamement polyvalente dans ses utilisations, ce qui en fait l&rsquo;un des best-sellers de tous les temps de Cappellini.<\/p>\n","protected":false},"excerpt":{"rendered":"<p>Design: Giulio Cappellini<\/p>\n<p>Description de l&rsquo;article : Table amovible<\/p>\n","protected":false},"featured_media":32940,"template":"","meta":[],"product_brand":[],"product_cat":[96,524],"product_tag":[368,346,780,895],"class_list":{"0":"post-98556","1":"product","2":"type-product","3":"status-publish","4":"has-post-thumbnail","6":"product_cat-bureaux","7":"product_cat-tous","8":"product_tag-cappellini-fr","9":"product_tag-design-fr","10":"product_tag-europe-fr","11":"product_tag-gong-fr","13":"first","14":"instock","15":"taxable","16":"shipping-taxable","17":"purchasable","18":"product-type-simple"},"gallery_images":[32945],"_links":{"self":[{"href":"https:\/\/shoppingb2b.haworth.com\/fr\/wp-json\/wp\/v2\/product\/98556","targetHints":{"allow":["GET"]}}],"collection":[{"href":"https:\/\/shoppingb2b.haworth.com\/fr\/wp-json\/wp\/v2\/product"}],"about":[{"href":"https:\/\/shoppingb2b.haworth.com\/fr\/wp-json\/wp\/v2\/types\/product"}],"wp:featuredmedia":[{"embeddable":true,"href":"https:\/\/shoppingb2b.haworth.com\/fr\/wp-json\/wp\/v2\/media\/32940"}],"wp:attachment":[{"href":"https:\/\/shoppingb2b.haworth.com\/fr\/wp-json\/wp\/v2\/media?parent=98556"}],"wp:term":[{"taxonomy":"product_brand","embeddable":true,"href":"https:\/\/shoppingb2b.haworth.com\/fr\/wp-json\/wp\/v2\/product_brand?post=98556"},{"taxonomy":"product_cat","embeddable":true,"href":"https:\/\/shoppingb2b.haworth.com\/fr\/wp-json\/wp\/v2\/product_cat?post=98556"},{"taxonomy":"product_tag","embeddable":true,"href":"https:\/\/shoppingb2b.haworth.com\/fr\/wp-json\/wp\/v2\/product_tag?post=98556"}],"curies":[{"name":"wp","href":"https:\/\/api.w.org\/{rel}","templated":true}]}}