{"id":147339,"date":"2022-02-28T14:59:45","date_gmt":"2022-02-28T13:59:45","guid":{"rendered":"https:\/\/shopping.haworth.com\/?post_type=product&#038;p=147339"},"modified":"2022-04-05T11:16:37","modified_gmt":"2022-04-05T10:16:37","slug":"hiya-altura-ajustavel-120x80-2","status":"publish","type":"product","link":"https:\/\/shoppingb2b.haworth.com\/pt-pt\/produto\/hiya-altura-ajustavel-120x80-2\/","title":{"rendered":"Hiya &#8211; Altura ajust\u00e1vel 120&#215;80"},"content":{"rendered":"<div class=\"row\"  id=\"row-1924560157\">\n\n\t<div id=\"col-893869968\" class=\"col medium-6 small-12 large-6\"  >\n\t\t<div class=\"col-inner\"  >\n\t\t\t\n\t\t\t\n<h2>Hiya Overview<\/h2>\n<p>Height-adjustable tables encourage posture changes to promote movement and well-being, so people can comfortably do their best work.<br \/>\nThe HiYa table is an affordable solution with design flexibility that supports the ergonomic needs of your workforce.<br \/>\nA freestanding, height-adjustable table that provides an extended range of adjustment to accommodate more people and<br \/>\ntheir diverse workstyles. Its broad selection of widths creates design flexibility for any setting.<\/p>\n<div class=\"accordion\" rel=\"\">\n<div class=\"accordion-item\"><a href=\"#\" class=\"accordion-title plain\"><button class=\"toggle\"><i class=\"icon-angle-down\"><\/i><\/button><span>Caracter\u00edsticas<\/span><\/a><div class=\"accordion-inner\">\n<ul>\n<li>A simple, intuitive paddle provides easy adjustment and control<\/li>\n<li>Telescopic beam allows to choose any width between 120 &#8211; 140 cm (optional)<\/li>\n<li>GS certification<\/li>\n<\/ul>\n<\/div><\/div>\n<\/div>\n\t\t<\/div>\n\t\t\t<\/div>\n\n\t\n\n\t<div id=\"col-1091078527\" class=\"col medium-6 small-12 large-6\"  >\n\t\t<div class=\"col-inner\"  >\n\t\t\t\n\t\t\t\n\t<div class=\"img has-hover x md-x lg-x y md-y lg-y\" id=\"image_1095064425\">\n\t\t\t\t\t\t\t\t<div class=\"img-inner dark\" >\n\t\t\t<img loading=\"lazy\" decoding=\"async\" width=\"800\" height=\"800\" src=\"https:\/\/shoppingb2b.haworth.com\/wp-content\/uploads\/2021\/02\/HiYa_140x80_TITANIUM_01-800x800.png\" class=\"attachment-large size-large\" alt=\"\" srcset=\"https:\/\/shoppingb2b.haworth.com\/wp-content\/uploads\/2021\/02\/HiYa_140x80_TITANIUM_01-800x800.png 800w, https:\/\/shoppingb2b.haworth.com\/wp-content\/uploads\/2021\/02\/HiYa_140x80_TITANIUM_01-400x400.png 400w, https:\/\/shoppingb2b.haworth.com\/wp-content\/uploads\/2021\/02\/HiYa_140x80_TITANIUM_01-280x280.png 280w, https:\/\/shoppingb2b.haworth.com\/wp-content\/uploads\/2021\/02\/HiYa_140x80_TITANIUM_01-768x768.png 768w, https:\/\/shoppingb2b.haworth.com\/wp-content\/uploads\/2021\/02\/HiYa_140x80_TITANIUM_01-247x247.png 247w, https:\/\/shoppingb2b.haworth.com\/wp-content\/uploads\/2021\/02\/HiYa_140x80_TITANIUM_01-512x512.png 512w, https:\/\/shoppingb2b.haworth.com\/wp-content\/uploads\/2021\/02\/HiYa_140x80_TITANIUM_01.png 1000w\" sizes=\"auto, (max-width: 800px) 100vw, 800px\" \/>\t\t\t\t\t\t\n\t\t\t\t\t<\/div>\n\t\t\t\t\t\t\t\t\n<style>\n#image_1095064425 {\n  width: 100%;\n}\n<\/style>\n\t<\/div>\n\t\n\t\t<\/div>\n\t\t\t<\/div>\n\n\t\n<\/div>\n","protected":false},"excerpt":{"rendered":"<p style=\"text-align: center;\">A mesa HiYa \u00e9 uma solu\u00e7\u00e3o acess\u00edvel com grande flexibilidade<br \/>\nde concep\u00e7\u00e3o que vai ao encontro das necessidades<br \/>\nergon\u00f3micas da sua for\u00e7a de trabalho.<\/p>\n","protected":false},"featured_media":20366,"template":"","meta":[],"product_brand":[],"product_cat":[652,643],"product_tag":[653,654,645,656,657,658,659,660,661,662,663,664,665],"class_list":{"0":"post-147339","1":"product","2":"type-product","3":"status-publish","4":"has-post-thumbnail","6":"product_cat-mesas-secretarias","7":"product_cat-tudo","8":"product_tag-austria-pt-pt","9":"product_tag-belgium-pt-pt","10":"product_tag-germany-pt-pt","11":"product_tag-hiya-pt-pt","12":"product_tag-hiyaidea-pt-pt","13":"product_tag-hungary-pt-pt","14":"product_tag-italy-pt-pt","15":"product_tag-luxembourg-pt-pt","16":"product_tag-netherlands-pt-pt","17":"product_tag-poland-pt-pt","18":"product_tag-portugal-pt-pt","19":"product_tag-spain-pt-pt","20":"product_tag-tables-pt-pt","22":"first","23":"instock","24":"taxable","25":"shipping-taxable","26":"purchasable","27":"product-type-simple"},"gallery_images":[20371,199346],"_links":{"self":[{"href":"https:\/\/shoppingb2b.haworth.com\/pt-pt\/wp-json\/wp\/v2\/product\/147339","targetHints":{"allow":["GET"]}}],"collection":[{"href":"https:\/\/shoppingb2b.haworth.com\/pt-pt\/wp-json\/wp\/v2\/product"}],"about":[{"href":"https:\/\/shoppingb2b.haworth.com\/pt-pt\/wp-json\/wp\/v2\/types\/product"}],"wp:featuredmedia":[{"embeddable":true,"href":"https:\/\/shoppingb2b.haworth.com\/pt-pt\/wp-json\/wp\/v2\/media\/20366"}],"wp:attachment":[{"href":"https:\/\/shoppingb2b.haworth.com\/pt-pt\/wp-json\/wp\/v2\/media?parent=147339"}],"wp:term":[{"taxonomy":"product_brand","embeddable":true,"href":"https:\/\/shoppingb2b.haworth.com\/pt-pt\/wp-json\/wp\/v2\/product_brand?post=147339"},{"taxonomy":"product_cat","embeddable":true,"href":"https:\/\/shoppingb2b.haworth.com\/pt-pt\/wp-json\/wp\/v2\/product_cat?post=147339"},{"taxonomy":"product_tag","embeddable":true,"href":"https:\/\/shoppingb2b.haworth.com\/pt-pt\/wp-json\/wp\/v2\/product_tag?post=147339"}],"curies":[{"name":"wp","href":"https:\/\/api.w.org\/{rel}","templated":true}]}}