{"id":15710,"date":"2020-08-25T15:14:21","date_gmt":"2020-08-25T14:14:21","guid":{"rendered":"https:\/\/shopping.haworth.com\/product\/a_wood-120x70\/"},"modified":"2021-04-06T09:46:30","modified_gmt":"2021-04-06T08:46:30","slug":"pt-a_wood-120x70","status":"publish","type":"product","link":"https:\/\/shoppingb2b.haworth.com\/pt-pt\/produto\/pt-a_wood-120x70\/","title":{"rendered":"A_WOOD 120&#215;70"},"content":{"rendered":"<div class=\"row\"  id=\"row-1751613455\">\n\n\t<div id=\"col-927655080\" class=\"col medium-6 small-12 large-6\"  >\n\t\t<div class=\"col-inner\"  >\n\t\t\t\n\t\t\t\n<h2>Vis\u00e3o geral A_Wood<\/h2>\n<h5>Quente e natural, A_Wood n\u00e3o s\u00f3 permite novas formas de trabalho, como cria um ambiente \u00e1gil, amig\u00e1vel e confort\u00e1vel.<\/h5>\n<h5>Transforma os espa\u00e7os de trabalho em lugares inspiradores para se viver. A gama A_Wood cria ambientes de trabalho com uma assinatura e esp\u00edrito residencial.<\/h5>\n\t\t<\/div>\n\t\t\t<\/div>\n\n\t\n\n\t<div id=\"col-1467010398\" class=\"col medium-6 small-12 large-6\"  >\n\t\t<div class=\"col-inner\"  >\n\t\t\t\n\t\t\t\n\t<div class=\"img has-hover x md-x lg-x y md-y lg-y\" id=\"image_1709153492\">\n\t\t\t\t\t\t\t\t<div class=\"img-inner dark\" >\n\t\t\t<img loading=\"lazy\" decoding=\"async\" width=\"800\" height=\"800\" src=\"https:\/\/shoppingb2b.haworth.com\/wp-content\/uploads\/2020\/08\/A-WOOD-120x60_02-800x800.png\" class=\"attachment-large size-large\" alt=\"\" srcset=\"https:\/\/shoppingb2b.haworth.com\/wp-content\/uploads\/2020\/08\/A-WOOD-120x60_02-800x800.png 800w, https:\/\/shoppingb2b.haworth.com\/wp-content\/uploads\/2020\/08\/A-WOOD-120x60_02-400x400.png 400w, https:\/\/shoppingb2b.haworth.com\/wp-content\/uploads\/2020\/08\/A-WOOD-120x60_02-280x280.png 280w, https:\/\/shoppingb2b.haworth.com\/wp-content\/uploads\/2020\/08\/A-WOOD-120x60_02-768x768.png 768w, https:\/\/shoppingb2b.haworth.com\/wp-content\/uploads\/2020\/08\/A-WOOD-120x60_02-247x247.png 247w, https:\/\/shoppingb2b.haworth.com\/wp-content\/uploads\/2020\/08\/A-WOOD-120x60_02-512x512.png 512w, https:\/\/shoppingb2b.haworth.com\/wp-content\/uploads\/2020\/08\/A-WOOD-120x60_02.png 1000w\" sizes=\"auto, (max-width: 800px) 100vw, 800px\" \/>\t\t\t\t\t\t\n\t\t\t\t\t<\/div>\n\t\t\t\t\t\t\t\t\n<style>\n#image_1709153492 {\n  width: 100%;\n}\n<\/style>\n\t<\/div>\n\t\n\t\t<\/div>\n\t\t\t<\/div>\n\n\t\n<\/div>\n","protected":false},"excerpt":{"rendered":"<p style=\"text-align: center;\">Mesa rectangular 120 x 70 cm<\/p>\n","protected":false},"featured_media":15711,"template":"","meta":[],"product_brand":[],"product_cat":[652,643],"product_tag":[679,653,680,654,681,645,658,659,660,661,647,662,663,664,682,665],"class_list":{"0":"post-15710","1":"product","2":"type-product","3":"status-publish","4":"has-post-thumbnail","6":"product_cat-mesas-secretarias","7":"product_cat-tudo","8":"product_tag-a_wood-pt-pt","9":"product_tag-austria-pt-pt","10":"product_tag-awood-pt-pt","11":"product_tag-belgium-pt-pt","12":"product_tag-desk-pt-pt","13":"product_tag-germany-pt-pt","14":"product_tag-hungary-pt-pt","15":"product_tag-italy-pt-pt","16":"product_tag-luxembourg-pt-pt","17":"product_tag-netherlands-pt-pt","18":"product_tag-niaidea-pt-pt","19":"product_tag-poland-pt-pt","20":"product_tag-portugal-pt-pt","21":"product_tag-spain-pt-pt","22":"product_tag-table-pt-pt","23":"product_tag-tables-pt-pt","25":"first","26":"instock","27":"taxable","28":"shipping-taxable","29":"product-type-simple"},"gallery_images":[15712,15713],"_links":{"self":[{"href":"https:\/\/shoppingb2b.haworth.com\/pt-pt\/wp-json\/wp\/v2\/product\/15710","targetHints":{"allow":["GET"]}}],"collection":[{"href":"https:\/\/shoppingb2b.haworth.com\/pt-pt\/wp-json\/wp\/v2\/product"}],"about":[{"href":"https:\/\/shoppingb2b.haworth.com\/pt-pt\/wp-json\/wp\/v2\/types\/product"}],"wp:featuredmedia":[{"embeddable":true,"href":"https:\/\/shoppingb2b.haworth.com\/pt-pt\/wp-json\/wp\/v2\/media\/15711"}],"wp:attachment":[{"href":"https:\/\/shoppingb2b.haworth.com\/pt-pt\/wp-json\/wp\/v2\/media?parent=15710"}],"wp:term":[{"taxonomy":"product_brand","embeddable":true,"href":"https:\/\/shoppingb2b.haworth.com\/pt-pt\/wp-json\/wp\/v2\/product_brand?post=15710"},{"taxonomy":"product_cat","embeddable":true,"href":"https:\/\/shoppingb2b.haworth.com\/pt-pt\/wp-json\/wp\/v2\/product_cat?post=15710"},{"taxonomy":"product_tag","embeddable":true,"href":"https:\/\/shoppingb2b.haworth.com\/pt-pt\/wp-json\/wp\/v2\/product_tag?post=15710"}],"curies":[{"name":"wp","href":"https:\/\/api.w.org\/{rel}","templated":true}]}}