{"id":15720,"date":"2020-08-25T15:14:20","date_gmt":"2020-08-25T14:14:20","guid":{"rendered":"https:\/\/shopping.haworth.com\/product\/tibas-140x80\/"},"modified":"2021-08-02T15:35:11","modified_gmt":"2021-08-02T14:35:11","slug":"pt-tibas-140x80","status":"publish","type":"product","link":"https:\/\/shoppingb2b.haworth.com\/pt-pt\/produto\/pt-tibas-140x80\/","title":{"rendered":"Tibas 140&#215;80"},"content":{"rendered":"<div class=\"row\"  id=\"row-514351571\">\n\n\t<div id=\"col-1098375757\" class=\"col medium-6 small-12 large-6\"  >\n\t\t<div class=\"col-inner\"  >\n\t\t\t\n\t\t\t\n<h2>Tibas<\/h2>\n<h5>O sistema de mesa e secret\u00e1rias Tibas destaca-se pelo seu design simples e natural.<\/h5>\n<h5>Tibas n\u00e3o \u00e9 intrusiva, mas deliberadamente discreta e honesta. O tampo da mesa parece flutuar suavemente e de forma elegante sobre uma estrutura robusta que pode ser integrada em qualquer ambiente.<\/h5>\n<h2>Sustent\u00e1vel.<\/h2>\n<h5>Todos os produtos da Haworth s\u00e3o concebidos para uma utiliza\u00e7\u00e3o a longo prazo e cumprem os mais elevados padr\u00f5es de seguran\u00e7a e qualidade. A sustentabilidade \u00e9 uma parte integrante da cultura da nossa empresa.<\/h5>\n\t\t<\/div>\n\t\t\t<\/div>\n\n\t\n\n\t<div id=\"col-1596809660\" class=\"col medium-6 small-12 large-6\"  >\n\t\t<div class=\"col-inner\"  >\n\t\t\t\n\t\t\t\n\t<div class=\"img has-hover x md-x lg-x y md-y lg-y\" id=\"image_402143170\">\n\t\t\t\t\t\t\t\t<div class=\"img-inner dark\" >\n\t\t\t<img loading=\"lazy\" decoding=\"async\" width=\"800\" height=\"800\" src=\"https:\/\/shoppingb2b.haworth.com\/wp-content\/uploads\/2020\/08\/TIBAS-HEIGHT-ADJUSTABLE_WHITE-SWEEP_R0_V1-800x800.png\" class=\"attachment-large size-large\" alt=\"\" srcset=\"https:\/\/shoppingb2b.haworth.com\/wp-content\/uploads\/2020\/08\/TIBAS-HEIGHT-ADJUSTABLE_WHITE-SWEEP_R0_V1-800x800.png 800w, https:\/\/shoppingb2b.haworth.com\/wp-content\/uploads\/2020\/08\/TIBAS-HEIGHT-ADJUSTABLE_WHITE-SWEEP_R0_V1-400x400.png 400w, https:\/\/shoppingb2b.haworth.com\/wp-content\/uploads\/2020\/08\/TIBAS-HEIGHT-ADJUSTABLE_WHITE-SWEEP_R0_V1-280x280.png 280w, https:\/\/shoppingb2b.haworth.com\/wp-content\/uploads\/2020\/08\/TIBAS-HEIGHT-ADJUSTABLE_WHITE-SWEEP_R0_V1-768x768.png 768w, https:\/\/shoppingb2b.haworth.com\/wp-content\/uploads\/2020\/08\/TIBAS-HEIGHT-ADJUSTABLE_WHITE-SWEEP_R0_V1-247x247.png 247w, https:\/\/shoppingb2b.haworth.com\/wp-content\/uploads\/2020\/08\/TIBAS-HEIGHT-ADJUSTABLE_WHITE-SWEEP_R0_V1-512x512.png 512w, https:\/\/shoppingb2b.haworth.com\/wp-content\/uploads\/2020\/08\/TIBAS-HEIGHT-ADJUSTABLE_WHITE-SWEEP_R0_V1.png 1000w\" sizes=\"auto, (max-width: 800px) 100vw, 800px\" \/>\t\t\t\t\t\t\n\t\t\t\t\t<\/div>\n\t\t\t\t\t\t\t\t\n<style>\n#image_402143170 {\n  width: 100%;\n}\n<\/style>\n\t<\/div>\n\t\n\t\t<\/div>\n\t\t\t<\/div>\n\n\t\n<\/div>\n","protected":false},"excerpt":{"rendered":"<p style=\"text-align: center;\">O Est\u00fadio de Design da Haworth concebeu o sistema de mesas e secret\u00e1rias<br \/>\nTibas para poder ser incorporado numa vasta gama de ambientes de escrit\u00f3rio.<br \/>\nIntegra-se facilmente com outros produtos<br \/>\nda Haworth de forma a criar um posto de trabalho completo.<\/p>\n","protected":false},"featured_media":17391,"template":"","meta":[],"product_brand":[],"product_cat":[652,643],"product_tag":[653,654,681,645,658,659,660,661,662,663,664,682,665,687,688],"class_list":{"0":"post-15720","1":"product","2":"type-product","3":"status-publish","4":"has-post-thumbnail","6":"product_cat-mesas-secretarias","7":"product_cat-tudo","8":"product_tag-austria-pt-pt","9":"product_tag-belgium-pt-pt","10":"product_tag-desk-pt-pt","11":"product_tag-germany-pt-pt","12":"product_tag-hungary-pt-pt","13":"product_tag-italy-pt-pt","14":"product_tag-luxembourg-pt-pt","15":"product_tag-netherlands-pt-pt","16":"product_tag-poland-pt-pt","17":"product_tag-portugal-pt-pt","18":"product_tag-spain-pt-pt","19":"product_tag-table-pt-pt","20":"product_tag-tables-pt-pt","21":"product_tag-tibas-pt-pt","22":"product_tag-tibasidea-pt-pt","24":"first","25":"instock","26":"taxable","27":"shipping-taxable","28":"purchasable","29":"product-type-simple"},"gallery_images":[17381,17386],"_links":{"self":[{"href":"https:\/\/shoppingb2b.haworth.com\/pt-pt\/wp-json\/wp\/v2\/product\/15720","targetHints":{"allow":["GET"]}}],"collection":[{"href":"https:\/\/shoppingb2b.haworth.com\/pt-pt\/wp-json\/wp\/v2\/product"}],"about":[{"href":"https:\/\/shoppingb2b.haworth.com\/pt-pt\/wp-json\/wp\/v2\/types\/product"}],"wp:featuredmedia":[{"embeddable":true,"href":"https:\/\/shoppingb2b.haworth.com\/pt-pt\/wp-json\/wp\/v2\/media\/17391"}],"wp:attachment":[{"href":"https:\/\/shoppingb2b.haworth.com\/pt-pt\/wp-json\/wp\/v2\/media?parent=15720"}],"wp:term":[{"taxonomy":"product_brand","embeddable":true,"href":"https:\/\/shoppingb2b.haworth.com\/pt-pt\/wp-json\/wp\/v2\/product_brand?post=15720"},{"taxonomy":"product_cat","embeddable":true,"href":"https:\/\/shoppingb2b.haworth.com\/pt-pt\/wp-json\/wp\/v2\/product_cat?post=15720"},{"taxonomy":"product_tag","embeddable":true,"href":"https:\/\/shoppingb2b.haworth.com\/pt-pt\/wp-json\/wp\/v2\/product_tag?post=15720"}],"curies":[{"name":"wp","href":"https:\/\/api.w.org\/{rel}","templated":true}]}}