{"id":15730,"date":"2020-08-25T15:14:16","date_gmt":"2020-08-25T14:14:16","guid":{"rendered":"https:\/\/shopping.haworth.com\/product\/clamp\/"},"modified":"2021-04-06T09:49:08","modified_gmt":"2021-04-06T08:49:08","slug":"pt-clamp","status":"publish","type":"product","link":"https:\/\/shoppingb2b.haworth.com\/pt-pt\/produto\/pt-clamp\/","title":{"rendered":"Clamp"},"content":{"rendered":"<div class=\"row\"  id=\"row-658093467\">\n\n\t<div id=\"col-1381856156\" class=\"col medium-6 small-12 large-6\"  >\n\t\t<div class=\"col-inner\"  >\n\t\t\t\n\t\t\t\n<h2>Clamp<\/h2>\n<h5>Pablo Designs<\/h5>\n<h5>Por Dana Cannam<\/h5>\n<h5>Candeeiro de mesa ou de ch\u00e3o, feito \u00e0 m\u00e3o em madeira.<\/h5>\n\t\t<\/div>\n\t\t\t<\/div>\n\n\t\n\n\t<div id=\"col-1105426114\" class=\"col medium-6 small-12 large-6\"  >\n\t\t<div class=\"col-inner\"  >\n\t\t\t\n\t\t\t\n\t<div class=\"img has-hover x md-x lg-x y md-y lg-y\" id=\"image_1239292943\">\n\t\t\t\t\t\t\t\t<div class=\"img-inner dark\" >\n\t\t\t<img loading=\"lazy\" decoding=\"async\" width=\"800\" height=\"800\" src=\"https:\/\/shoppingb2b.haworth.com\/wp-content\/uploads\/2020\/08\/CLAMP-AP_01-800x800.png\" class=\"attachment-large size-large\" alt=\"\" srcset=\"https:\/\/shoppingb2b.haworth.com\/wp-content\/uploads\/2020\/08\/CLAMP-AP_01-800x800.png 800w, https:\/\/shoppingb2b.haworth.com\/wp-content\/uploads\/2020\/08\/CLAMP-AP_01-400x400.png 400w, https:\/\/shoppingb2b.haworth.com\/wp-content\/uploads\/2020\/08\/CLAMP-AP_01-280x280.png 280w, https:\/\/shoppingb2b.haworth.com\/wp-content\/uploads\/2020\/08\/CLAMP-AP_01-768x768.png 768w, https:\/\/shoppingb2b.haworth.com\/wp-content\/uploads\/2020\/08\/CLAMP-AP_01-247x247.png 247w, https:\/\/shoppingb2b.haworth.com\/wp-content\/uploads\/2020\/08\/CLAMP-AP_01-512x512.png 512w, https:\/\/shoppingb2b.haworth.com\/wp-content\/uploads\/2020\/08\/CLAMP-AP_01.png 1000w\" sizes=\"auto, (max-width: 800px) 100vw, 800px\" \/>\t\t\t\t\t\t\n\t\t\t\t\t<\/div>\n\t\t\t\t\t\t\t\t\n<style>\n#image_1239292943 {\n  width: 100%;\n}\n<\/style>\n\t<\/div>\n\t\n\t\t<\/div>\n\t\t\t<\/div>\n\n\t\n<\/div>\n","protected":false},"excerpt":{"rendered":"<p style=\"text-align: center;\">Clamp<br \/>\nPablo Designs<\/p>\n","protected":false},"featured_media":15731,"template":"","meta":[],"product_brand":[],"product_cat":[691,643],"product_tag":[692,653,654,693,645,658,694,659,695,660,696,661,647,662,663,664],"class_list":{"0":"post-15730","1":"product","2":"type-product","3":"status-publish","4":"has-post-thumbnail","6":"product_cat-acessorios","7":"product_cat-tudo","8":"product_tag-accessories-pt-pt","9":"product_tag-austria-pt-pt","10":"product_tag-belgium-pt-pt","11":"product_tag-clamp-pt-pt","12":"product_tag-germany-pt-pt","13":"product_tag-hungary-pt-pt","14":"product_tag-intuityidea-pt-pt","15":"product_tag-italy-pt-pt","16":"product_tag-lamp-pt-pt","17":"product_tag-luxembourg-pt-pt","18":"product_tag-lyftidea-pt-pt","19":"product_tag-netherlands-pt-pt","20":"product_tag-niaidea-pt-pt","21":"product_tag-poland-pt-pt","22":"product_tag-portugal-pt-pt","23":"product_tag-spain-pt-pt","25":"first","26":"instock","27":"taxable","28":"shipping-taxable","29":"purchasable","30":"product-type-simple"},"gallery_images":[15732],"_links":{"self":[{"href":"https:\/\/shoppingb2b.haworth.com\/pt-pt\/wp-json\/wp\/v2\/product\/15730","targetHints":{"allow":["GET"]}}],"collection":[{"href":"https:\/\/shoppingb2b.haworth.com\/pt-pt\/wp-json\/wp\/v2\/product"}],"about":[{"href":"https:\/\/shoppingb2b.haworth.com\/pt-pt\/wp-json\/wp\/v2\/types\/product"}],"wp:featuredmedia":[{"embeddable":true,"href":"https:\/\/shoppingb2b.haworth.com\/pt-pt\/wp-json\/wp\/v2\/media\/15731"}],"wp:attachment":[{"href":"https:\/\/shoppingb2b.haworth.com\/pt-pt\/wp-json\/wp\/v2\/media?parent=15730"}],"wp:term":[{"taxonomy":"product_brand","embeddable":true,"href":"https:\/\/shoppingb2b.haworth.com\/pt-pt\/wp-json\/wp\/v2\/product_brand?post=15730"},{"taxonomy":"product_cat","embeddable":true,"href":"https:\/\/shoppingb2b.haworth.com\/pt-pt\/wp-json\/wp\/v2\/product_cat?post=15730"},{"taxonomy":"product_tag","embeddable":true,"href":"https:\/\/shoppingb2b.haworth.com\/pt-pt\/wp-json\/wp\/v2\/product_tag?post=15730"}],"curies":[{"name":"wp","href":"https:\/\/api.w.org\/{rel}","templated":true}]}}