{"id":15738,"date":"2020-08-25T15:14:10","date_gmt":"2020-08-25T14:14:10","guid":{"rendered":"https:\/\/shopping.haworth.com\/product\/pip\/"},"modified":"2021-04-06T09:50:43","modified_gmt":"2021-04-06T08:50:43","slug":"pt-pip","status":"publish","type":"product","link":"https:\/\/shoppingb2b.haworth.com\/pt-pt\/produto\/pt-pip\/","title":{"rendered":"Pip"},"content":{"rendered":"<div class=\"row\"  id=\"row-41584279\">\n\n\t<div id=\"col-41659079\" class=\"col medium-6 small-12 large-6\"  >\n\t\t<div class=\"col-inner\"  >\n\t\t\t\n\t\t\t\n<h2>Pip<\/h2>\n<h5>Por Patricia Urquiola<\/h5>\n<h5>A mesa Pip para computador port\u00e1til, permite-lhe criar uma atmosfera acolhedora conferindo uma caracter\u00edstica leve, mas funcional ao espa\u00e7o de trabalho.<\/h5>\n<h5>Pip \u00e9 uma mesa leve e independente que pode ser colocada onde quer que seja necess\u00e1rio.<\/h5>\n<h5>Leve e f\u00e1cil de manusear, a Pip \u00e9 t\u00e3o eficiente como o utilizador. As suas linhas elegantes e o seu design permitem-lhe adaptar-se a qualquer lugar, complementa o ambiente e acrescenta um espa\u00e7o de trabalho pessoal e funcional.<\/h5>\n\t\t<\/div>\n\t\t\t<\/div>\n\n\t\n\n\t<div id=\"col-111630888\" class=\"col medium-6 small-12 large-6\"  >\n\t\t<div class=\"col-inner\"  >\n\t\t\t\n\t\t\t\n\t<div class=\"img has-hover x md-x lg-x y md-y lg-y\" id=\"image_1522883332\">\n\t\t\t\t\t\t\t\t<div class=\"img-inner dark\" >\n\t\t\t<img loading=\"lazy\" decoding=\"async\" width=\"800\" height=\"800\" src=\"https:\/\/shoppingb2b.haworth.com\/wp-content\/uploads\/2020\/08\/PIP-LOW-TABLE_01-800x800.png\" class=\"attachment-large size-large\" alt=\"\" srcset=\"https:\/\/shoppingb2b.haworth.com\/wp-content\/uploads\/2020\/08\/PIP-LOW-TABLE_01-800x800.png 800w, https:\/\/shoppingb2b.haworth.com\/wp-content\/uploads\/2020\/08\/PIP-LOW-TABLE_01-400x400.png 400w, https:\/\/shoppingb2b.haworth.com\/wp-content\/uploads\/2020\/08\/PIP-LOW-TABLE_01-280x280.png 280w, https:\/\/shoppingb2b.haworth.com\/wp-content\/uploads\/2020\/08\/PIP-LOW-TABLE_01-768x768.png 768w, https:\/\/shoppingb2b.haworth.com\/wp-content\/uploads\/2020\/08\/PIP-LOW-TABLE_01-247x247.png 247w, https:\/\/shoppingb2b.haworth.com\/wp-content\/uploads\/2020\/08\/PIP-LOW-TABLE_01-512x512.png 512w, https:\/\/shoppingb2b.haworth.com\/wp-content\/uploads\/2020\/08\/PIP-LOW-TABLE_01.png 1000w\" sizes=\"auto, (max-width: 800px) 100vw, 800px\" \/>\t\t\t\t\t\t\n\t\t\t\t\t<\/div>\n\t\t\t\t\t\t\t\t\n<style>\n#image_1522883332 {\n  width: 100%;\n}\n<\/style>\n\t<\/div>\n\t\n\t\t<\/div>\n\t\t\t<\/div>\n\n\t\n<\/div>\n","protected":false},"excerpt":{"rendered":"<p style=\"text-align: center;\">Espa\u00e7o de trabalho pessoal: Em qualquer lugar ou onde necessitar.<\/p>\n","protected":false},"featured_media":15739,"template":"","meta":[],"product_brand":[],"product_cat":[652,643],"product_tag":[653,654,681,645,658,659,660,661,703,704,662,663,664,665],"class_list":{"0":"post-15738","1":"product","2":"type-product","3":"status-publish","4":"has-post-thumbnail","6":"product_cat-mesas-secretarias","7":"product_cat-tudo","8":"product_tag-austria-pt-pt","9":"product_tag-belgium-pt-pt","10":"product_tag-desk-pt-pt","11":"product_tag-germany-pt-pt","12":"product_tag-hungary-pt-pt","13":"product_tag-italy-pt-pt","14":"product_tag-luxembourg-pt-pt","15":"product_tag-netherlands-pt-pt","16":"product_tag-pip-pt-pt","17":"product_tag-pipidea-pt-pt","18":"product_tag-poland-pt-pt","19":"product_tag-portugal-pt-pt","20":"product_tag-spain-pt-pt","21":"product_tag-tables-pt-pt","23":"first","24":"instock","25":"taxable","26":"shipping-taxable","27":"product-type-simple"},"gallery_images":[15740,15741,15742],"_links":{"self":[{"href":"https:\/\/shoppingb2b.haworth.com\/pt-pt\/wp-json\/wp\/v2\/product\/15738","targetHints":{"allow":["GET"]}}],"collection":[{"href":"https:\/\/shoppingb2b.haworth.com\/pt-pt\/wp-json\/wp\/v2\/product"}],"about":[{"href":"https:\/\/shoppingb2b.haworth.com\/pt-pt\/wp-json\/wp\/v2\/types\/product"}],"wp:featuredmedia":[{"embeddable":true,"href":"https:\/\/shoppingb2b.haworth.com\/pt-pt\/wp-json\/wp\/v2\/media\/15739"}],"wp:attachment":[{"href":"https:\/\/shoppingb2b.haworth.com\/pt-pt\/wp-json\/wp\/v2\/media?parent=15738"}],"wp:term":[{"taxonomy":"product_brand","embeddable":true,"href":"https:\/\/shoppingb2b.haworth.com\/pt-pt\/wp-json\/wp\/v2\/product_brand?post=15738"},{"taxonomy":"product_cat","embeddable":true,"href":"https:\/\/shoppingb2b.haworth.com\/pt-pt\/wp-json\/wp\/v2\/product_cat?post=15738"},{"taxonomy":"product_tag","embeddable":true,"href":"https:\/\/shoppingb2b.haworth.com\/pt-pt\/wp-json\/wp\/v2\/product_tag?post=15738"}],"curies":[{"name":"wp","href":"https:\/\/api.w.org\/{rel}","templated":true}]}}