{"id":15748,"date":"2020-08-25T15:14:06","date_gmt":"2020-08-25T14:14:06","guid":{"rendered":"https:\/\/shopping.haworth.com\/product\/lana\/"},"modified":"2021-04-06T09:51:46","modified_gmt":"2021-04-06T08:51:46","slug":"pt-lana","status":"publish","type":"product","link":"https:\/\/shoppingb2b.haworth.com\/pt-pt\/produto\/pt-lana\/","title":{"rendered":"Lana"},"content":{"rendered":"<div class=\"row\"  id=\"row-29126784\">\n\n\t<div id=\"col-1134875636\" class=\"col medium-6 small-12 large-6\"  >\n\t\t<div class=\"col-inner\"  >\n\t\t\t\n\t\t\t\n<h2>Lana<\/h2>\n<h5>Pablo Designs<\/h5>\n<h5>Por Pablo Studio<\/h5>\n<h5>Lana est\u00e1 dispon\u00edvel como candeeiro de secret\u00e1ria, fixo \u00e0 parede, ou candeeiro de ch\u00e3o.<\/h5>\n<h5>O abajur de feltro dispon\u00edvel em quatro cores, grande ou pequeno de acordo com o modelo.<\/h5>\n\t\t<\/div>\n\t\t\t<\/div>\n\n\t\n\n\t<div id=\"col-1295227398\" class=\"col medium-6 small-12 large-6\"  >\n\t\t<div class=\"col-inner\"  >\n\t\t\t\n\t\t\t\n\t<div class=\"img has-hover x md-x lg-x y md-y lg-y\" id=\"image_1675442641\">\n\t\t\t\t\t\t\t\t<div class=\"img-inner dark\" >\n\t\t\t<img loading=\"lazy\" decoding=\"async\" width=\"800\" height=\"800\" src=\"https:\/\/shoppingb2b.haworth.com\/wp-content\/uploads\/2020\/08\/LANA_01-800x800.png\" class=\"attachment-large size-large\" alt=\"\" srcset=\"https:\/\/shoppingb2b.haworth.com\/wp-content\/uploads\/2020\/08\/LANA_01-800x800.png 800w, https:\/\/shoppingb2b.haworth.com\/wp-content\/uploads\/2020\/08\/LANA_01-400x400.png 400w, https:\/\/shoppingb2b.haworth.com\/wp-content\/uploads\/2020\/08\/LANA_01-280x280.png 280w, https:\/\/shoppingb2b.haworth.com\/wp-content\/uploads\/2020\/08\/LANA_01-768x768.png 768w, https:\/\/shoppingb2b.haworth.com\/wp-content\/uploads\/2020\/08\/LANA_01-247x247.png 247w, https:\/\/shoppingb2b.haworth.com\/wp-content\/uploads\/2020\/08\/LANA_01-512x512.png 512w, https:\/\/shoppingb2b.haworth.com\/wp-content\/uploads\/2020\/08\/LANA_01.png 1000w\" sizes=\"auto, (max-width: 800px) 100vw, 800px\" \/>\t\t\t\t\t\t\n\t\t\t\t\t<\/div>\n\t\t\t\t\t\t\t\t\n<style>\n#image_1675442641 {\n  width: 100%;\n}\n<\/style>\n\t<\/div>\n\t\n\t\t<\/div>\n\t\t\t<\/div>\n\n\t\n<\/div>\n","protected":false},"excerpt":{"rendered":"<p style=\"text-align: center;\">Candeeiro de mesa Lana<\/p>\n","protected":false},"featured_media":15749,"template":"","meta":[],"product_brand":[],"product_cat":[691,643],"product_tag":[692,653,654,645,658,659,695,707,708,660,661,662,663,664],"class_list":{"0":"post-15748","1":"product","2":"type-product","3":"status-publish","4":"has-post-thumbnail","6":"product_cat-acessorios","7":"product_cat-tudo","8":"product_tag-accessories-pt-pt","9":"product_tag-austria-pt-pt","10":"product_tag-belgium-pt-pt","11":"product_tag-germany-pt-pt","12":"product_tag-hungary-pt-pt","13":"product_tag-italy-pt-pt","14":"product_tag-lamp-pt-pt","15":"product_tag-lana-pt-pt","16":"product_tag-lanaidea-pt-pt","17":"product_tag-luxembourg-pt-pt","18":"product_tag-netherlands-pt-pt","19":"product_tag-poland-pt-pt","20":"product_tag-portugal-pt-pt","21":"product_tag-spain-pt-pt","23":"first","24":"instock","25":"taxable","26":"shipping-taxable","27":"purchasable","28":"product-type-simple"},"gallery_images":[15750,15723],"_links":{"self":[{"href":"https:\/\/shoppingb2b.haworth.com\/pt-pt\/wp-json\/wp\/v2\/product\/15748","targetHints":{"allow":["GET"]}}],"collection":[{"href":"https:\/\/shoppingb2b.haworth.com\/pt-pt\/wp-json\/wp\/v2\/product"}],"about":[{"href":"https:\/\/shoppingb2b.haworth.com\/pt-pt\/wp-json\/wp\/v2\/types\/product"}],"wp:featuredmedia":[{"embeddable":true,"href":"https:\/\/shoppingb2b.haworth.com\/pt-pt\/wp-json\/wp\/v2\/media\/15749"}],"wp:attachment":[{"href":"https:\/\/shoppingb2b.haworth.com\/pt-pt\/wp-json\/wp\/v2\/media?parent=15748"}],"wp:term":[{"taxonomy":"product_brand","embeddable":true,"href":"https:\/\/shoppingb2b.haworth.com\/pt-pt\/wp-json\/wp\/v2\/product_brand?post=15748"},{"taxonomy":"product_cat","embeddable":true,"href":"https:\/\/shoppingb2b.haworth.com\/pt-pt\/wp-json\/wp\/v2\/product_cat?post=15748"},{"taxonomy":"product_tag","embeddable":true,"href":"https:\/\/shoppingb2b.haworth.com\/pt-pt\/wp-json\/wp\/v2\/product_tag?post=15748"}],"curies":[{"name":"wp","href":"https:\/\/api.w.org\/{rel}","templated":true}]}}