{"id":15756,"date":"2020-08-25T15:14:03","date_gmt":"2020-08-25T14:14:03","guid":{"rendered":"https:\/\/shopping.haworth.com\/product\/nia\/"},"modified":"2021-04-08T11:23:47","modified_gmt":"2021-04-08T10:23:47","slug":"pt-nia","status":"publish","type":"product","link":"https:\/\/shoppingb2b.haworth.com\/pt-pt\/produto\/pt-nia\/","title":{"rendered":"Nia"},"content":{"rendered":"<div class=\"row\"  id=\"row-337152005\">\n\n\t<div id=\"col-856948922\" class=\"col medium-6 small-12 large-6\"  >\n\t\t<div class=\"col-inner\"  >\n\t\t\t\n\t\t\t\n<h2>Vis\u00e3o geral da Nia<\/h2>\n<div class=\"pdp-tabs-overview__description\">\n<p>O ambiente de trabalho ideal para o trabalhador do conhecimento do futuro, \u00e9 dar suporte onde \u00e9 necess\u00e1rio e criar liberdade onde \u00e9 desejado. Projectada para apoiar todas as actividades durante todo o dia de trabalho, A Nia oferece o conforto de uma cadeira lounge com a engenharia precisa de uma cadeira de trabalho de alto desempenho &#8211; combina conforto, desempenho e est\u00e9tica num \u00fanico produto. O seu design elegante oculta um mecanismo inteligente que, comprovado por testes exaustivos, oferece um conforto \u00fanico a cada utiliza\u00e7\u00e3o onde quer que esteja.<\/p>\n<p>O mundo do trabalho est\u00e1 em constante mudan\u00e7a<br \/>\nOs espa\u00e7os de escrit\u00f3rio t\u00eam-se tornado cada vez mais vers\u00e1teis para acomodar diferentes tarefas e comportamentos de mudan\u00e7a da for\u00e7a de trabalho. As pr\u00e1ticas de trabalho flex\u00edveis aumentaram o n\u00famero e a variedade de espa\u00e7os de trabalho n\u00e3o atribu\u00eddos e acrescentaram complexidade \u00e0 concep\u00e7\u00e3o dos espa\u00e7os.<\/p>\n<p>Tradicional vs Trabalho \u00c1gil<br \/>\nOs trabalhadores \u00e1geis n\u00e3o querem passar tempo a ajustar a cadeira de trabalho na qual passam apenas algumas horas. O ambiente de trabalho ideal para o trabalhador de amanh\u00e3 conferindo apoio onde \u00e9 necess\u00e1rio e liberdade onde \u00e9 desejada.<\/p>\n<p>Nia. A Primeira Cadeira Activa<br \/>\nA Nia foi concebida para combinar o design e o conforto de uma cadeira de sala de estar com o desempenho de uma cadeira de trabalho, criando uma solu\u00e7\u00e3o em diferentes cen\u00e1rios de trabalho, desde salas de reuni\u00e3o\/confer\u00eancia, \u00e1reas de trabalho de concentra\u00e7\u00e3o e, ou zonas de colabora\u00e7\u00e3o.<\/p>\n<\/div>\n\t\t<\/div>\n\t\t\t<\/div>\n\n\t\n\n\t<div id=\"col-423315464\" class=\"col medium-6 small-12 large-6\"  >\n\t\t<div class=\"col-inner\"  >\n\t\t\t\n\t\t\t\n\t<div class=\"img has-hover x md-x lg-x y md-y lg-y\" id=\"image_41579733\">\n\t\t\t\t\t\t\t\t<div class=\"img-inner dark\" >\n\t\t\t\t\t\t\t\t\t\n\t\t\t\t\t<\/div>\n\t\t\t\t\t\t\t\t\n<style>\n#image_41579733 {\n  width: 100%;\n}\n<\/style>\n\t<\/div>\n\t\n\t\t<\/div>\n\t\t\t<\/div>\n\n\t\n<\/div>\n<div class=\"accordion\" rel=\"\">\n<div class=\"accordion-item\"><a href=\"#\" class=\"accordion-title plain\"><button class=\"toggle\"><i class=\"icon-angle-down\"><\/i><\/button><span>Features<\/span><\/a><div class=\"accordion-inner\">\n<ul>\n<li>Liberdade conforme desejado, apoio conforme necess\u00e1rio<\/li>\n<li>Ajuste simples e intuitivo<\/li>\n<li>Mecanismo patenteado \u00fanico e inteligente<\/li>\n<li>Apoia uma vasta gama de posturas<\/li>\n<li>Adapta-se a uma vasta gama de ambientes de trabalho<\/li>\n<\/ul>\n<\/div><\/div>\n<\/div>\n<div class=\"is-divider divider clearfix\" style=\"max-width:0px;height:80px;\"><\/div>\n<div class=\"video video-fit mb box-shadow-4\" style=\"padding-top:56.25%;\"><p><iframe loading=\"lazy\" title=\"Meet Nia\" src=\"https:\/\/player.vimeo.com\/video\/358088110?dnt=1&amp;app_id=122963\" width=\"1020\" height=\"574\" frameborder=\"0\" allow=\"autoplay; fullscreen; picture-in-picture\" allowfullscreen><\/iframe><\/p>\n<\/div>\n","protected":false},"excerpt":{"rendered":"<p style=\"text-align: center;\">As cadeiras operativas tradicionais contrastam com a est\u00e9tica cada vez mais residencial do local de trabalho.<br \/>\nA Nia com o seu perfil elegante forrado e mecanismos ocultos cria finalmente<br \/>\numa cadeira que complementa esta est\u00e9tica sem comprometer o desempenho.<\/p>\n","protected":false},"featured_media":15757,"template":"","meta":[],"product_brand":[],"product_cat":[644,643],"product_tag":[653,654,645,658,967,659,660,661,646,647,662,663,664],"class_list":{"0":"post-15756","1":"product","2":"type-product","3":"status-publish","4":"has-post-thumbnail","6":"product_cat-cadeiras","7":"product_cat-tudo","8":"product_tag-austria-pt-pt","9":"product_tag-belgium-pt-pt","10":"product_tag-germany-pt-pt","11":"product_tag-hungary-pt-pt","12":"product_tag-ireland-pt-pt","13":"product_tag-italy-pt-pt","14":"product_tag-luxembourg-pt-pt","15":"product_tag-netherlands-pt-pt","16":"product_tag-nia-pt-pt","17":"product_tag-niaidea-pt-pt","18":"product_tag-poland-pt-pt","19":"product_tag-portugal-pt-pt","20":"product_tag-spain-pt-pt","22":"first","23":"instock","24":"taxable","25":"shipping-taxable","26":"purchasable","27":"product-type-simple"},"gallery_images":[15758,15759],"_links":{"self":[{"href":"https:\/\/shoppingb2b.haworth.com\/pt-pt\/wp-json\/wp\/v2\/product\/15756","targetHints":{"allow":["GET"]}}],"collection":[{"href":"https:\/\/shoppingb2b.haworth.com\/pt-pt\/wp-json\/wp\/v2\/product"}],"about":[{"href":"https:\/\/shoppingb2b.haworth.com\/pt-pt\/wp-json\/wp\/v2\/types\/product"}],"wp:featuredmedia":[{"embeddable":true,"href":"https:\/\/shoppingb2b.haworth.com\/pt-pt\/wp-json\/wp\/v2\/media\/15757"}],"wp:attachment":[{"href":"https:\/\/shoppingb2b.haworth.com\/pt-pt\/wp-json\/wp\/v2\/media?parent=15756"}],"wp:term":[{"taxonomy":"product_brand","embeddable":true,"href":"https:\/\/shoppingb2b.haworth.com\/pt-pt\/wp-json\/wp\/v2\/product_brand?post=15756"},{"taxonomy":"product_cat","embeddable":true,"href":"https:\/\/shoppingb2b.haworth.com\/pt-pt\/wp-json\/wp\/v2\/product_cat?post=15756"},{"taxonomy":"product_tag","embeddable":true,"href":"https:\/\/shoppingb2b.haworth.com\/pt-pt\/wp-json\/wp\/v2\/product_tag?post=15756"}],"curies":[{"name":"wp","href":"https:\/\/api.w.org\/{rel}","templated":true}]}}