{"id":15774,"date":"2020-08-25T15:13:52","date_gmt":"2020-08-25T14:13:52","guid":{"rendered":"https:\/\/shopping.haworth.com\/product\/poppy\/"},"modified":"2021-04-06T10:01:16","modified_gmt":"2021-04-06T09:01:16","slug":"poppy","status":"publish","type":"product","link":"https:\/\/shoppingb2b.haworth.com\/pt-pt\/produto\/poppy\/","title":{"rendered":"Poppy"},"content":{"rendered":"<div class=\"row\"  id=\"row-1269683194\">\n\n\t<div id=\"col-747869051\" class=\"col medium-6 small-12 large-6\"  >\n\t\t<div class=\"col-inner\"  >\n\t\t\t\n\t\t\t\n<h2>Poppy<\/h2>\n<h5>Por Patricia Urquiola<\/h5>\n<h5>Os pensadores, criadores, realizadores e outros utilizadores,<br \/>\nprocuram espa\u00e7os significativos de apoio \u00e0 sua actividade &#8211; espa\u00e7os para uma vida simples, mas relevante.<\/h5>\n<h5>Os estilos de trabalho flexionam-se e evoluem, o mesmo acontece com as expectativas sobre os ambientes de trabalho.<\/p>\n<p>Onde quer que v\u00e1, a Poppy incorpora uma aura acolhedora de conforto residencial e o calor que todos n\u00f3s procuramos.<\/h5>\n<h5>Com as v\u00e1rias op\u00e7\u00f5es de acabamento e as tr\u00eas op\u00e7\u00f5es de base \u00e0 escolha, a Poppy &#x2122;<br \/>\npode ser divertida e inesperada, ou cl\u00e1ssica com simplicidade. Uma express\u00e3o de personalidade e cultura.<\/h5>\n<h5>Flex\u00edvel &amp; C\u00f3moda<\/h5>\n<h5>Aqui, ali, e em qualquer lado &#8211; \u00e9 a\u00ed que os trabalhadores de hoje conseguem fazer as suas tarefas.<br \/>\nDesde salas de reuni\u00e3o e pontos de encontro ou gabinetes, a Poppy \u00e9 sempre uma presen\u00e7a acolhedora.<\/h5>\n\t\t<\/div>\n\t\t\t<\/div>\n\n\t\n\n\t<div id=\"col-1701481434\" class=\"col medium-6 small-12 large-6\"  >\n\t\t<div class=\"col-inner\"  >\n\t\t\t\n\t\t\t\n\t<div class=\"img has-hover x md-x lg-x y md-y lg-y\" id=\"image_896426506\">\n\t\t\t\t\t\t\t\t<div class=\"img-inner dark\" >\n\t\t\t<img loading=\"lazy\" decoding=\"async\" width=\"800\" height=\"800\" src=\"https:\/\/shoppingb2b.haworth.com\/wp-content\/uploads\/2020\/08\/MK-R20-0012-HAWORTH-STORE-WAVE-1_POPPY_00-800x800.png\" class=\"attachment-large size-large\" alt=\"\" srcset=\"https:\/\/shoppingb2b.haworth.com\/wp-content\/uploads\/2020\/08\/MK-R20-0012-HAWORTH-STORE-WAVE-1_POPPY_00-800x800.png 800w, https:\/\/shoppingb2b.haworth.com\/wp-content\/uploads\/2020\/08\/MK-R20-0012-HAWORTH-STORE-WAVE-1_POPPY_00-400x400.png 400w, https:\/\/shoppingb2b.haworth.com\/wp-content\/uploads\/2020\/08\/MK-R20-0012-HAWORTH-STORE-WAVE-1_POPPY_00-280x280.png 280w, https:\/\/shoppingb2b.haworth.com\/wp-content\/uploads\/2020\/08\/MK-R20-0012-HAWORTH-STORE-WAVE-1_POPPY_00-768x768.png 768w, https:\/\/shoppingb2b.haworth.com\/wp-content\/uploads\/2020\/08\/MK-R20-0012-HAWORTH-STORE-WAVE-1_POPPY_00-247x247.png 247w, https:\/\/shoppingb2b.haworth.com\/wp-content\/uploads\/2020\/08\/MK-R20-0012-HAWORTH-STORE-WAVE-1_POPPY_00-512x512.png 512w, https:\/\/shoppingb2b.haworth.com\/wp-content\/uploads\/2020\/08\/MK-R20-0012-HAWORTH-STORE-WAVE-1_POPPY_00.png 1000w\" sizes=\"auto, (max-width: 800px) 100vw, 800px\" \/>\t\t\t\t\t\t\n\t\t\t\t\t<\/div>\n\t\t\t\t\t\t\t\t\n<style>\n#image_896426506 {\n  width: 100%;\n}\n<\/style>\n\t<\/div>\n\t\n\t\t<\/div>\n\t\t\t<\/div>\n\n\t\n<\/div>\n<div class=\"accordion\" rel=\"\">\n<div class=\"accordion-item\"><a href=\"#\" class=\"accordion-title plain\"><button class=\"toggle\"><i class=\"icon-angle-down\"><\/i><\/button><span>Certificates and Awards<\/span><\/a><div class=\"accordion-inner\">\n<ul>\n<li>Certificados e Pr\u00e9mios<\/li>\n<li>Certificado &#8211; GreenGuard<\/li>\n<li>Certificado &#8211; GreenGuard Gold<\/li>\n<li>Pr\u00e9mio &#8211; Pr\u00e9mio de Design Alem\u00e3o<\/li>\n<\/ul>\n<\/div><\/div>\n<\/div>\n<div class=\"is-divider divider clearfix\" style=\"max-width:0px;height:80px;\"><\/div>\n<div class=\"video video-fit mb box-shadow-4\" style=\"padding-top:56.25%;\"><p><iframe loading=\"lazy\" title=\"Patricia Urquiola on Poppy Lounge\" src=\"https:\/\/player.vimeo.com\/video\/293973288?dnt=1&amp;app_id=122963\" width=\"1000\" height=\"1000\" frameborder=\"0\" allow=\"autoplay; fullscreen; picture-in-picture\" allowfullscreen><\/iframe><\/p>\n<\/div>\n","protected":false},"excerpt":{"rendered":"<p style=\"text-align: center;\">A Poppy transporta o calor do mobili\u00e1rio residencial para o espa\u00e7o de escrit\u00f3rio.<br \/>\nA Poppy \u00e9 uma cadeira de lounge suave e almofadada.<br \/>\nPode ser utilizada numa sala de reuni\u00e3o, \u00e1rea de espera, ou mesmo como cadeira de trabalho.<\/p>\n","protected":false},"featured_media":15775,"template":"","meta":[],"product_brand":[],"product_cat":[644,643],"product_tag":[653,654,645,658,967,659,711,660,661,704,662,712,663,664],"class_list":{"0":"post-15774","1":"product","2":"type-product","3":"status-publish","4":"has-post-thumbnail","6":"product_cat-cadeiras","7":"product_cat-tudo","8":"product_tag-austria-pt-pt","9":"product_tag-belgium-pt-pt","10":"product_tag-germany-pt-pt","11":"product_tag-hungary-pt-pt","12":"product_tag-ireland-pt-pt","13":"product_tag-italy-pt-pt","14":"product_tag-lounge-pt-pt","15":"product_tag-luxembourg-pt-pt","16":"product_tag-netherlands-pt-pt","17":"product_tag-pipidea-pt-pt","18":"product_tag-poland-pt-pt","19":"product_tag-poppy-pt-pt","20":"product_tag-portugal-pt-pt","21":"product_tag-spain-pt-pt","23":"first","24":"instock","25":"taxable","26":"shipping-taxable","27":"product-type-simple"},"gallery_images":[15776,15741],"_links":{"self":[{"href":"https:\/\/shoppingb2b.haworth.com\/pt-pt\/wp-json\/wp\/v2\/product\/15774","targetHints":{"allow":["GET"]}}],"collection":[{"href":"https:\/\/shoppingb2b.haworth.com\/pt-pt\/wp-json\/wp\/v2\/product"}],"about":[{"href":"https:\/\/shoppingb2b.haworth.com\/pt-pt\/wp-json\/wp\/v2\/types\/product"}],"wp:featuredmedia":[{"embeddable":true,"href":"https:\/\/shoppingb2b.haworth.com\/pt-pt\/wp-json\/wp\/v2\/media\/15775"}],"wp:attachment":[{"href":"https:\/\/shoppingb2b.haworth.com\/pt-pt\/wp-json\/wp\/v2\/media?parent=15774"}],"wp:term":[{"taxonomy":"product_brand","embeddable":true,"href":"https:\/\/shoppingb2b.haworth.com\/pt-pt\/wp-json\/wp\/v2\/product_brand?post=15774"},{"taxonomy":"product_cat","embeddable":true,"href":"https:\/\/shoppingb2b.haworth.com\/pt-pt\/wp-json\/wp\/v2\/product_cat?post=15774"},{"taxonomy":"product_tag","embeddable":true,"href":"https:\/\/shoppingb2b.haworth.com\/pt-pt\/wp-json\/wp\/v2\/product_tag?post=15774"}],"curies":[{"name":"wp","href":"https:\/\/api.w.org\/{rel}","templated":true}]}}