{"id":15794,"date":"2020-08-25T15:13:48","date_gmt":"2020-08-25T14:13:48","guid":{"rendered":"https:\/\/shopping.haworth.com\/product\/zody-2\/"},"modified":"2021-04-08T11:19:56","modified_gmt":"2021-04-08T10:19:56","slug":"pt-zody-2","status":"publish","type":"product","link":"https:\/\/shoppingb2b.haworth.com\/pt-pt\/produto\/pt-zody-2\/","title":{"rendered":"Zody"},"content":{"rendered":"<div class=\"row\"  id=\"row-1534323544\">\n\n\t<div id=\"col-2038336226\" class=\"col medium-6 small-12 large-6\"  >\n\t\t<div class=\"col-inner\"  >\n\t\t\t\n\t\t\t\n<h2>Sustentabilidade Excepcional<\/h2>\n<p>Certificado GREENGUARD Gold e BIFMA n\u00edvel TM 3, Zody \u00e9 fabricada a partir de 42<br \/>\npor cento de conte\u00fado reciclado, o material opcional do tecido de malha da costa \u00e9 criado sem cortes para ter zero desperd\u00edcios.<\/p>\n<p>No fim da sua vida \u00fatil, a Zody \u00e9 facilmente desmont\u00e1vel e 93<br \/>\npor cento recicl\u00e1vel. Atrav\u00e9s do programa Take Back, a Zody pode ser devolvida \u00e0 Haworth, onde cada componente ser\u00e1 desmontado e reciclado<\/p>\n<h2>Um apelo Mundial<\/h2>\n<p>Os Est\u00fadios de Design da Haworth e ITO Design colaboraram para misturar o melhor da inven\u00e7\u00e3o europeia e norte-americana numa cadeira operativa totalmente ergon\u00f3mica e apelativa.<\/p>\n<p>Mais de tr\u00eas milh\u00f5es de cadeiras Zody est\u00e3o a ser utilizadas actualmente a n\u00edvel global, uma prova do enfoque da equipa na cria\u00e7\u00e3o de uma cadeira que atra\u00edsse e fosse de encontro aos utilizadores a n\u00edvel mundial.<\/p>\n<p>A est\u00e9tica \u00e0 escala reduzida, as op\u00e7\u00f5es do tecido de malha e estofos numa variedade de cores significam que a Zody pode assumir qualquer aspecto, trabalhar em qualquer ambiente ou espa\u00e7o.<\/p>\n<h2>Ergonomia avan\u00e7ada<\/h2>\n<p>A Zody possui um sistema patenteado de suporte p\u00e9lvico e um sistema de Suporte Lombar Assim\u00e9trico (PAL) que permite aos utilizadores definir o seu pr\u00f3prio conforto ao longo do dia.<\/p>\n<p>O suporte p\u00e9lvico ajuda a manter a curvatura natural da coluna vertebral, enquanto que a almofada lombar oferece uma afina\u00e7\u00e3o independente para o apoio em ambos os lados da parte inferior das costas.<\/p>\n<p>Este sistema \u00fanico &#8211; mais uma s\u00e9rie de ajustes ergon\u00f3micos, a estrutura flex\u00edvel, e a costa em tecido de malha ou tecido, servem para aumentar o conforto e o bem-estar.<\/p>\n\t\t<\/div>\n\t\t\t<\/div>\n\n\t\n\n\t<div id=\"col-192104206\" class=\"col medium-6 small-12 large-6\"  >\n\t\t<div class=\"col-inner\"  >\n\t\t\t\n\t\t\t\n\t<div class=\"img has-hover x md-x lg-x y md-y lg-y\" id=\"image_737361754\">\n\t\t\t\t\t\t\t\t<div class=\"img-inner dark\" >\n\t\t\t<img loading=\"lazy\" decoding=\"async\" width=\"800\" height=\"800\" src=\"https:\/\/shoppingb2b.haworth.com\/wp-content\/uploads\/2020\/04\/ZODY_02AP_Back-800x800.png\" class=\"attachment-large size-large\" alt=\"\" srcset=\"https:\/\/shoppingb2b.haworth.com\/wp-content\/uploads\/2020\/04\/ZODY_02AP_Back-800x800.png 800w, https:\/\/shoppingb2b.haworth.com\/wp-content\/uploads\/2020\/04\/ZODY_02AP_Back-247x247.png 247w, https:\/\/shoppingb2b.haworth.com\/wp-content\/uploads\/2020\/04\/ZODY_02AP_Back-512x512.png 512w, https:\/\/shoppingb2b.haworth.com\/wp-content\/uploads\/2020\/04\/ZODY_02AP_Back-507x507.png 507w, https:\/\/shoppingb2b.haworth.com\/wp-content\/uploads\/2020\/04\/ZODY_02AP_Back-400x400.png 400w, https:\/\/shoppingb2b.haworth.com\/wp-content\/uploads\/2020\/04\/ZODY_02AP_Back-280x280.png 280w, https:\/\/shoppingb2b.haworth.com\/wp-content\/uploads\/2020\/04\/ZODY_02AP_Back-768x768.png 768w, https:\/\/shoppingb2b.haworth.com\/wp-content\/uploads\/2020\/04\/ZODY_02AP_Back.png 1000w\" sizes=\"auto, (max-width: 800px) 100vw, 800px\" \/>\t\t\t\t\t\t\n\t\t\t\t\t<\/div>\n\t\t\t\t\t\t\t\t\n<style>\n#image_737361754 {\n  width: 100%;\n}\n<\/style>\n\t<\/div>\n\t\n\t\t<\/div>\n\t\t\t<\/div>\n\n\t\n<\/div>\n<div class=\"is-divider divider clearfix\" style=\"max-width:0px;height:80px;\"><\/div>\n<div class=\"video video-fit mb box-shadow-4\" style=\"padding-top:56.25%;\"><p><iframe loading=\"lazy\" title=\"Zody Adjustment Video\" src=\"https:\/\/player.vimeo.com\/video\/424028939?dnt=1&amp;app_id=122963\" width=\"1020\" height=\"574\" frameborder=\"0\" allow=\"autoplay; fullscreen; picture-in-picture\" allowfullscreen><\/iframe><\/p>\n<\/div>\n","protected":false},"excerpt":{"rendered":"<p style=\"text-align: center;\">Uma cadeira de trabalho de alta performance que combina bem-estar baseado<br \/>\nna ci\u00eancia e conforto, sustentabilidade e design premiados internacionalmente.<\/p>\n<p style=\"text-align: center;\">Por ITO Design &amp; Michael Welsh<\/p>\n","protected":false},"featured_media":15795,"template":"","meta":[],"product_brand":[],"product_cat":[1055,644,643],"product_tag":[653,654,963,715,645,658,694,967,659,660,661,662,663,664,688,716],"class_list":{"0":"post-15794","1":"product","2":"type-product","3":"status-publish","4":"has-post-thumbnail","6":"product_cat-black-friday-pt-pt","7":"product_cat-cadeiras","8":"product_cat-tudo","9":"product_tag-austria-pt-pt","10":"product_tag-belgium-pt-pt","11":"product_tag-bulgaria-pt-pt","12":"product_tag-desk-chair-pt-pt","13":"product_tag-germany-pt-pt","14":"product_tag-hungary-pt-pt","15":"product_tag-intuityidea-pt-pt","16":"product_tag-ireland-pt-pt","17":"product_tag-italy-pt-pt","18":"product_tag-luxembourg-pt-pt","19":"product_tag-netherlands-pt-pt","20":"product_tag-poland-pt-pt","21":"product_tag-portugal-pt-pt","22":"product_tag-spain-pt-pt","23":"product_tag-tibasidea-pt-pt","24":"product_tag-zody-pt-pt","26":"first","27":"instock","28":"taxable","29":"shipping-taxable","30":"product-type-simple"},"gallery_images":[15796,15797],"_links":{"self":[{"href":"https:\/\/shoppingb2b.haworth.com\/pt-pt\/wp-json\/wp\/v2\/product\/15794","targetHints":{"allow":["GET"]}}],"collection":[{"href":"https:\/\/shoppingb2b.haworth.com\/pt-pt\/wp-json\/wp\/v2\/product"}],"about":[{"href":"https:\/\/shoppingb2b.haworth.com\/pt-pt\/wp-json\/wp\/v2\/types\/product"}],"wp:featuredmedia":[{"embeddable":true,"href":"https:\/\/shoppingb2b.haworth.com\/pt-pt\/wp-json\/wp\/v2\/media\/15795"}],"wp:attachment":[{"href":"https:\/\/shoppingb2b.haworth.com\/pt-pt\/wp-json\/wp\/v2\/media?parent=15794"}],"wp:term":[{"taxonomy":"product_brand","embeddable":true,"href":"https:\/\/shoppingb2b.haworth.com\/pt-pt\/wp-json\/wp\/v2\/product_brand?post=15794"},{"taxonomy":"product_cat","embeddable":true,"href":"https:\/\/shoppingb2b.haworth.com\/pt-pt\/wp-json\/wp\/v2\/product_cat?post=15794"},{"taxonomy":"product_tag","embeddable":true,"href":"https:\/\/shoppingb2b.haworth.com\/pt-pt\/wp-json\/wp\/v2\/product_tag?post=15794"}],"curies":[{"name":"wp","href":"https:\/\/api.w.org\/{rel}","templated":true}]}}