{"id":15802,"date":"2020-06-05T01:23:59","date_gmt":"2020-06-05T00:23:59","guid":{"rendered":"https:\/\/shopping.haworth.com\/product\/power-module\/"},"modified":"2021-04-06T10:22:28","modified_gmt":"2021-04-06T09:22:28","slug":"modulo-electrificacao-bachmann","status":"publish","type":"product","link":"https:\/\/shoppingb2b.haworth.com\/pt-pt\/produto\/modulo-electrificacao-bachmann\/","title":{"rendered":"M\u00f3dulo electrifica\u00e7\u00e3o Bachmann"},"content":{"rendered":"<h1 class=\"text\">O design encontra-se com a tecnologia<\/h1>\n<p>DESK 2 ALU BLACK \u00e9 um m\u00f3dulo tomadas que se destina a dar apoio a diferentes necessidades.<\/p>\n<p>Aspecto esteticamente agrad\u00e1vel de duas cores deste produto deve-se a uma combina\u00e7\u00e3o de alum\u00ednio e tampas nas extremidades em pl\u00e1stico preto. Tal como com o seu produto irm\u00e3o DESK 2, DESK 2 ALU BLACK tamb\u00e9m pode ser fixado ao mobili\u00e1rio com suportes de montagem numa configura\u00e7\u00e3o para poupan\u00e7a de espa\u00e7o.<\/p>\n<p>&nbsp;<\/p>\n","protected":false},"excerpt":{"rendered":"<p style=\"text-align: center;\">2 tomadas, carregador USB duplo, cabo de alimenta\u00e7\u00e3o de 3 metros com ficha.<\/p>\n","protected":false},"featured_media":15804,"template":"","meta":[],"product_brand":[],"product_cat":[691,643],"product_tag":[653,681,645,718,658,659,660,661,662,663,719,664],"class_list":{"0":"post-15802","1":"product","2":"type-product","3":"status-publish","4":"has-post-thumbnail","6":"product_cat-acessorios","7":"product_cat-tudo","8":"product_tag-austria-pt-pt","9":"product_tag-desk-pt-pt","10":"product_tag-germany-pt-pt","11":"product_tag-home-office-pt-pt","12":"product_tag-hungary-pt-pt","13":"product_tag-italy-pt-pt","14":"product_tag-luxembourg-pt-pt","15":"product_tag-netherlands-pt-pt","16":"product_tag-poland-pt-pt","17":"product_tag-portugal-pt-pt","18":"product_tag-power-module-pt-pt","19":"product_tag-spain-pt-pt","21":"first","22":"instock","23":"taxable","24":"shipping-taxable","25":"product-type-simple"},"gallery_images":[],"_links":{"self":[{"href":"https:\/\/shoppingb2b.haworth.com\/pt-pt\/wp-json\/wp\/v2\/product\/15802","targetHints":{"allow":["GET"]}}],"collection":[{"href":"https:\/\/shoppingb2b.haworth.com\/pt-pt\/wp-json\/wp\/v2\/product"}],"about":[{"href":"https:\/\/shoppingb2b.haworth.com\/pt-pt\/wp-json\/wp\/v2\/types\/product"}],"wp:featuredmedia":[{"embeddable":true,"href":"https:\/\/shoppingb2b.haworth.com\/pt-pt\/wp-json\/wp\/v2\/media\/15804"}],"wp:attachment":[{"href":"https:\/\/shoppingb2b.haworth.com\/pt-pt\/wp-json\/wp\/v2\/media?parent=15802"}],"wp:term":[{"taxonomy":"product_brand","embeddable":true,"href":"https:\/\/shoppingb2b.haworth.com\/pt-pt\/wp-json\/wp\/v2\/product_brand?post=15802"},{"taxonomy":"product_cat","embeddable":true,"href":"https:\/\/shoppingb2b.haworth.com\/pt-pt\/wp-json\/wp\/v2\/product_cat?post=15802"},{"taxonomy":"product_tag","embeddable":true,"href":"https:\/\/shoppingb2b.haworth.com\/pt-pt\/wp-json\/wp\/v2\/product_tag?post=15802"}],"curies":[{"name":"wp","href":"https:\/\/api.w.org\/{rel}","templated":true}]}}