{"id":15808,"date":"2020-06-04T23:39:45","date_gmt":"2020-06-04T22:39:45","guid":{"rendered":"https:\/\/shopping.haworth.com\/product\/adapt-monitor-arm-single\/"},"modified":"2021-04-06T10:23:25","modified_gmt":"2021-04-06T09:23:25","slug":"suporte-monitor-simples","status":"publish","type":"product","link":"https:\/\/shoppingb2b.haworth.com\/pt-pt\/produto\/suporte-monitor-simples\/","title":{"rendered":"Suporte monitor simples"},"content":{"rendered":"<p>Os suportes de monitor s\u00e3o a forma mais ergon\u00f3mica de garantir que o seu monitor esteja sempre \u00e0 altura e \u00e2ngulo certos para si, esteja em p\u00e9 ou sentado.<\/p>\n<p>Os nossos bra\u00e7os e suportes de monitore podem ser facilmente adaptados \u00e0s suas necessidades individuais, ajudando-o a trabalhar em conforto e produtivamente.<\/p>\n","protected":false},"excerpt":{"rendered":"<div style=\"text-align: center;\">Suporte de monitor para fixa\u00e7\u00e3o de um monitor<br \/>\na uma mesa de trabalho; totalmente ajust\u00e1vel.<\/div>\n","protected":false},"featured_media":15809,"template":"","meta":[],"product_brand":[],"product_cat":[691,643],"product_tag":[721,653,654,681,645,718,658,659,660,722,661,662,663,664],"class_list":{"0":"post-15808","1":"product","2":"type-product","3":"status-publish","4":"has-post-thumbnail","6":"product_cat-acessorios","7":"product_cat-tudo","8":"product_tag-adapt-pt-pt","9":"product_tag-austria-pt-pt","10":"product_tag-belgium-pt-pt","11":"product_tag-desk-pt-pt","12":"product_tag-germany-pt-pt","13":"product_tag-home-office-pt-pt","14":"product_tag-hungary-pt-pt","15":"product_tag-italy-pt-pt","16":"product_tag-luxembourg-pt-pt","17":"product_tag-monitor-arm-pt-pt","18":"product_tag-netherlands-pt-pt","19":"product_tag-poland-pt-pt","20":"product_tag-portugal-pt-pt","21":"product_tag-spain-pt-pt","23":"first","24":"instock","25":"taxable","26":"shipping-taxable","27":"product-type-simple"},"gallery_images":[15810],"_links":{"self":[{"href":"https:\/\/shoppingb2b.haworth.com\/pt-pt\/wp-json\/wp\/v2\/product\/15808","targetHints":{"allow":["GET"]}}],"collection":[{"href":"https:\/\/shoppingb2b.haworth.com\/pt-pt\/wp-json\/wp\/v2\/product"}],"about":[{"href":"https:\/\/shoppingb2b.haworth.com\/pt-pt\/wp-json\/wp\/v2\/types\/product"}],"wp:featuredmedia":[{"embeddable":true,"href":"https:\/\/shoppingb2b.haworth.com\/pt-pt\/wp-json\/wp\/v2\/media\/15809"}],"wp:attachment":[{"href":"https:\/\/shoppingb2b.haworth.com\/pt-pt\/wp-json\/wp\/v2\/media?parent=15808"}],"wp:term":[{"taxonomy":"product_brand","embeddable":true,"href":"https:\/\/shoppingb2b.haworth.com\/pt-pt\/wp-json\/wp\/v2\/product_brand?post=15808"},{"taxonomy":"product_cat","embeddable":true,"href":"https:\/\/shoppingb2b.haworth.com\/pt-pt\/wp-json\/wp\/v2\/product_cat?post=15808"},{"taxonomy":"product_tag","embeddable":true,"href":"https:\/\/shoppingb2b.haworth.com\/pt-pt\/wp-json\/wp\/v2\/product_tag?post=15808"}],"curies":[{"name":"wp","href":"https:\/\/api.w.org\/{rel}","templated":true}]}}