{"id":15820,"date":"2020-04-30T15:12:05","date_gmt":"2020-04-30T14:12:05","guid":{"rendered":"https:\/\/shopping.haworth.com\/product\/eddy\/"},"modified":"2021-04-06T10:25:31","modified_gmt":"2021-04-06T09:25:31","slug":"pt-eddy","status":"publish","type":"product","link":"https:\/\/shoppingb2b.haworth.com\/pt-pt\/produto\/pt-eddy\/","title":{"rendered":"Eddy"},"content":{"rendered":"<div class=\"row\"  id=\"row-1936354345\">\n\n\t<div id=\"col-2146820717\" class=\"col medium-6 small-12 large-6\"  >\n\t\t<div class=\"col-inner\"  >\n\t\t\t\n\t\t\t\n<p>DESENHADA POR JOHANNES TORPE<\/p>\n<h2>Vers\u00e1til<\/h2>\n<p>Gra\u00e7as aos seus rod\u00edzios, \u00e9 f\u00e1cil de mover e configurar, proporciona-lhe uma mini-esta\u00e7\u00e3o de trabalho ajust\u00e1vel sempre que precisar.<\/p>\n<h2>Eficiente<\/h2>\n<p>Eddy promove a energia, criatividade e conectividade no espa\u00e7o de trabalho e, ou em qualquer lugar.<\/p>\n<h2>Mobilidade<\/h2>\n<p>A Eddy permite-lhe mover-se e trabalhar onde \u00e9 mais eficiente.<\/p>\n\t\t<\/div>\n\t\t\t<\/div>\n\n\t\n\n\t<div id=\"col-1903937269\" class=\"col medium-6 small-12 large-6\"  >\n\t\t<div class=\"col-inner\"  >\n\t\t\t\n\t\t\t\n\t<div class=\"img has-hover x md-x lg-x y md-y lg-y\" id=\"image_2073545487\">\n\t\t\t\t\t\t\t\t<div class=\"img-inner dark\" >\n\t\t\t<img loading=\"lazy\" decoding=\"async\" width=\"750\" height=\"775\" src=\"https:\/\/shoppingb2b.haworth.com\/wp-content\/uploads\/2020\/04\/eddy_accessory_body_01.jpg\" class=\"attachment-large size-large\" alt=\"\" srcset=\"https:\/\/shoppingb2b.haworth.com\/wp-content\/uploads\/2020\/04\/eddy_accessory_body_01.jpg 750w, https:\/\/shoppingb2b.haworth.com\/wp-content\/uploads\/2020\/04\/eddy_accessory_body_01-247x255.jpg 247w, https:\/\/shoppingb2b.haworth.com\/wp-content\/uploads\/2020\/04\/eddy_accessory_body_01-512x529.jpg 512w, https:\/\/shoppingb2b.haworth.com\/wp-content\/uploads\/2020\/04\/eddy_accessory_body_01-507x524.jpg 507w, https:\/\/shoppingb2b.haworth.com\/wp-content\/uploads\/2020\/04\/eddy_accessory_body_01-387x400.jpg 387w\" sizes=\"auto, (max-width: 750px) 100vw, 750px\" \/>\t\t\t\t\t\t\n\t\t\t\t\t<\/div>\n\t\t\t\t\t\t\t\t\n<style>\n#image_2073545487 {\n  width: 45%;\n}\n<\/style>\n\t<\/div>\n\t\n\t\t<\/div>\n\t\t\t<\/div>\n\n\t\n<\/div>\n","protected":false},"excerpt":{"rendered":"<p style=\"text-align: center;\">A Eddy \u00e9 um acess\u00f3rio vers\u00e1til para pequenos escrit\u00f3rios, casa e, ou pequenos espa\u00e7os de reuni\u00e3o.<\/p>\n","protected":false},"featured_media":15821,"template":"","meta":[],"product_brand":[],"product_cat":[652],"product_tag":[681,725,645,726,718],"class_list":{"0":"post-15820","1":"product","2":"type-product","3":"status-publish","4":"has-post-thumbnail","6":"product_cat-mesas-secretarias","7":"product_tag-desk-pt-pt","8":"product_tag-eddy-pt-pt","9":"product_tag-germany-pt-pt","10":"product_tag-haworth-pt-pt","11":"product_tag-home-office-pt-pt","13":"first","14":"instock","15":"taxable","16":"shipping-taxable","17":"purchasable","18":"product-type-simple"},"gallery_images":[15822,15823,15824],"_links":{"self":[{"href":"https:\/\/shoppingb2b.haworth.com\/pt-pt\/wp-json\/wp\/v2\/product\/15820","targetHints":{"allow":["GET"]}}],"collection":[{"href":"https:\/\/shoppingb2b.haworth.com\/pt-pt\/wp-json\/wp\/v2\/product"}],"about":[{"href":"https:\/\/shoppingb2b.haworth.com\/pt-pt\/wp-json\/wp\/v2\/types\/product"}],"wp:featuredmedia":[{"embeddable":true,"href":"https:\/\/shoppingb2b.haworth.com\/pt-pt\/wp-json\/wp\/v2\/media\/15821"}],"wp:attachment":[{"href":"https:\/\/shoppingb2b.haworth.com\/pt-pt\/wp-json\/wp\/v2\/media?parent=15820"}],"wp:term":[{"taxonomy":"product_brand","embeddable":true,"href":"https:\/\/shoppingb2b.haworth.com\/pt-pt\/wp-json\/wp\/v2\/product_brand?post=15820"},{"taxonomy":"product_cat","embeddable":true,"href":"https:\/\/shoppingb2b.haworth.com\/pt-pt\/wp-json\/wp\/v2\/product_cat?post=15820"},{"taxonomy":"product_tag","embeddable":true,"href":"https:\/\/shoppingb2b.haworth.com\/pt-pt\/wp-json\/wp\/v2\/product_tag?post=15820"}],"curies":[{"name":"wp","href":"https:\/\/api.w.org\/{rel}","templated":true}]}}