{"id":15830,"date":"2020-04-20T17:23:23","date_gmt":"2020-04-20T16:23:23","guid":{"rendered":"https:\/\/shopping.haworth.com\/product\/lively\/"},"modified":"2021-04-06T10:29:17","modified_gmt":"2021-04-06T09:29:17","slug":"pt-lively","status":"publish","type":"product","link":"https:\/\/shoppingb2b.haworth.com\/pt-pt\/produto\/pt-lively\/","title":{"rendered":"Lively"},"content":{"rendered":"<h4 style=\"text-align: left;\">DESIGNED BY STEVE NEMETH &amp; HAWORTH DESIGN STUDIO<\/h4>\n<h2>Ergonomia baseada na ci\u00eancia<\/h2>\n<p>Ergonomia baseada na ci\u00eancia, durabilidade, conforto e design personalizados, ajuste do assento em profundidade e altura, ajuste autom\u00e1tico da tens\u00e3o em fun\u00e7\u00e3o do peso do utilizador.<\/p>\n<p>&nbsp;<\/p>\n<h2>Projectada para si<\/h2>\n<p>Lively \u00e9 mais do que apenas uma cadeira confort\u00e1vel e bem constru\u00edda. \u00c9 tamb\u00e9m um diamante em bruto.<\/p>\n<p>A cadeira operativa e de visita Lively v\u00e3o combinar com o seu estilo de trabalho.<\/p>\n<p>&nbsp;<\/p>\n","protected":false},"excerpt":{"rendered":"<h4 style=\"text-align: center;\">A Lively conta com caracter\u00edsticas avan\u00e7adas e<br \/>\numa est\u00e9tica leve e com uma excelente rela\u00e7\u00e3o pre\u00e7o\/qualidade.<\/h4>\n","protected":false},"featured_media":15833,"template":"","meta":[],"product_brand":[],"product_cat":[1055,644,643],"product_tag":[653,654,645,726,658,659,729,660,661,662,663,664,730],"class_list":{"0":"post-15830","1":"product","2":"type-product","3":"status-publish","4":"has-post-thumbnail","6":"product_cat-black-friday-pt-pt","7":"product_cat-cadeiras","8":"product_cat-tudo","9":"product_tag-austria-pt-pt","10":"product_tag-belgium-pt-pt","11":"product_tag-germany-pt-pt","12":"product_tag-haworth-pt-pt","13":"product_tag-hungary-pt-pt","14":"product_tag-italy-pt-pt","15":"product_tag-lively-pt-pt","16":"product_tag-luxembourg-pt-pt","17":"product_tag-netherlands-pt-pt","18":"product_tag-poland-pt-pt","19":"product_tag-portugal-pt-pt","20":"product_tag-spain-pt-pt","21":"product_tag-swivel-chair-pt-pt","23":"first","24":"outofstock","25":"taxable","26":"shipping-taxable","27":"product-type-simple"},"gallery_images":[15832],"_links":{"self":[{"href":"https:\/\/shoppingb2b.haworth.com\/pt-pt\/wp-json\/wp\/v2\/product\/15830","targetHints":{"allow":["GET"]}}],"collection":[{"href":"https:\/\/shoppingb2b.haworth.com\/pt-pt\/wp-json\/wp\/v2\/product"}],"about":[{"href":"https:\/\/shoppingb2b.haworth.com\/pt-pt\/wp-json\/wp\/v2\/types\/product"}],"wp:featuredmedia":[{"embeddable":true,"href":"https:\/\/shoppingb2b.haworth.com\/pt-pt\/wp-json\/wp\/v2\/media\/15833"}],"wp:attachment":[{"href":"https:\/\/shoppingb2b.haworth.com\/pt-pt\/wp-json\/wp\/v2\/media?parent=15830"}],"wp:term":[{"taxonomy":"product_brand","embeddable":true,"href":"https:\/\/shoppingb2b.haworth.com\/pt-pt\/wp-json\/wp\/v2\/product_brand?post=15830"},{"taxonomy":"product_cat","embeddable":true,"href":"https:\/\/shoppingb2b.haworth.com\/pt-pt\/wp-json\/wp\/v2\/product_cat?post=15830"},{"taxonomy":"product_tag","embeddable":true,"href":"https:\/\/shoppingb2b.haworth.com\/pt-pt\/wp-json\/wp\/v2\/product_tag?post=15830"}],"curies":[{"name":"wp","href":"https:\/\/api.w.org\/{rel}","templated":true}]}}