{"id":98400,"date":"2021-05-21T13:28:38","date_gmt":"2021-05-21T12:28:38","guid":{"rendered":"https:\/\/shopping.haworth.com\/product\/cappellini-bambi\/"},"modified":"2021-08-09T10:10:13","modified_gmt":"2021-08-09T09:10:13","slug":"cappellini-bambi","status":"publish","type":"product","link":"https:\/\/shoppingb2b.haworth.com\/pt-pt\/produto\/cappellini-bambi\/","title":{"rendered":"Cappellini Bambi"},"content":{"rendered":"<p>A mesa Bambi desafia a gravidade, o seu nome evoca a estabilidade prec\u00e1ria das pernas de um veado beb\u00e9.<br \/>\nA ideia b\u00e1sica era criar uma secret\u00e1ria a partir de uma \u00fanica placa dobrada em diferentes dire\u00e7\u00f5es.<\/p>\n<p>A sua estabilidade \u00e9 assegurada pelos \u00e2ngulos opostos das duas pernas, que se intersectam a 90 graus. O Design d\u00e1 \u00e0 secret\u00e1ria uma sensa\u00e7\u00e3o de fragilidade \u00e0 primeira vista, enquanto que na realidade \u00e9 uma pe\u00e7a de mobili\u00e1rio forte e bem equilibrada.<\/p>\n<p>A secret\u00e1ria Bambi reflecte perfeitamente a abordagem do Design japon\u00eas de Nendo, caracterizada pela combina\u00e7\u00e3o de detalhes altamente sofisticados, mas com a surpresa infantil da simplicidade.<\/p>\n","protected":false},"excerpt":{"rendered":"<p>Design: Nendo<\/p>\n<p>Descri\u00e7\u00e3o do artigo: Mesa rectangular, ideal para o escrit\u00f3rio em casa, feita em chapa de alum\u00ednio dobrada e cortada a laser, com uma base de apoio de p\u00e9s em metal extrudido.<\/p>\n","protected":false},"featured_media":32808,"template":"","meta":[],"product_brand":[],"product_cat":[652,643],"product_tag":[853,851,681,788,852,682],"class_list":{"0":"post-98400","1":"product","2":"type-product","3":"status-publish","4":"has-post-thumbnail","6":"product_cat-mesas-secretarias","7":"product_cat-tudo","8":"product_tag-bambi-pt-pt","9":"product_tag-cappellini-pt-pt","10":"product_tag-desk-pt-pt","11":"product_tag-europe-pt-pt","12":"product_tag-home-pt-pt","13":"product_tag-table-pt-pt","15":"first","16":"instock","17":"taxable","18":"shipping-taxable","19":"purchasable","20":"product-type-simple"},"gallery_images":[32818,32813],"_links":{"self":[{"href":"https:\/\/shoppingb2b.haworth.com\/pt-pt\/wp-json\/wp\/v2\/product\/98400","targetHints":{"allow":["GET"]}}],"collection":[{"href":"https:\/\/shoppingb2b.haworth.com\/pt-pt\/wp-json\/wp\/v2\/product"}],"about":[{"href":"https:\/\/shoppingb2b.haworth.com\/pt-pt\/wp-json\/wp\/v2\/types\/product"}],"wp:featuredmedia":[{"embeddable":true,"href":"https:\/\/shoppingb2b.haworth.com\/pt-pt\/wp-json\/wp\/v2\/media\/32808"}],"wp:attachment":[{"href":"https:\/\/shoppingb2b.haworth.com\/pt-pt\/wp-json\/wp\/v2\/media?parent=98400"}],"wp:term":[{"taxonomy":"product_brand","embeddable":true,"href":"https:\/\/shoppingb2b.haworth.com\/pt-pt\/wp-json\/wp\/v2\/product_brand?post=98400"},{"taxonomy":"product_cat","embeddable":true,"href":"https:\/\/shoppingb2b.haworth.com\/pt-pt\/wp-json\/wp\/v2\/product_cat?post=98400"},{"taxonomy":"product_tag","embeddable":true,"href":"https:\/\/shoppingb2b.haworth.com\/pt-pt\/wp-json\/wp\/v2\/product_tag?post=98400"}],"curies":[{"name":"wp","href":"https:\/\/api.w.org\/{rel}","templated":true}]}}