{"id":98402,"date":"2021-05-21T13:28:38","date_gmt":"2021-05-21T12:28:38","guid":{"rendered":"https:\/\/shopping.haworth.com\/product\/cappellini-big-shadow\/"},"modified":"2021-05-21T13:28:38","modified_gmt":"2021-05-21T12:28:38","slug":"cappellini-big-shadow","status":"publish","type":"product","link":"https:\/\/shoppingb2b.haworth.com\/pt-pt\/produto\/cappellini-big-shadow\/","title":{"rendered":"Cappellini Big Shadow"},"content":{"rendered":"<p>Um dos primeiros produtos de Design de Marcel Wanders, Big Shadow \u00e9 um reflexo fiel da sua linguagem de Design: a utiliza\u00e7\u00e3o de materiais simples, mas com t\u00e9cnicas inovadoras em combina\u00e7\u00e3o com estilos e arqu\u00e9tipos tradicionais.<\/p>\n<p>A inspira\u00e7\u00e3o para este candeeiro pode ser encontrada nos candeeiros de mesa com abat-jour, aqui revisto num estilo contempor\u00e2neo com o tecido a revestir n\u00e3o s\u00f3 a parte superior, mas tamb\u00e9m toda a sua base, para criar uma fonte de luz quente e acolhedora.<\/p>\n<p>O candeeiro Big Shadow \u00e9 um produto leve e ic\u00f3nico, o manifesto da vis\u00e3o distinta de Wanders Design, que se concentra na rela\u00e7\u00e3o entre passado e futuro e de desenhar novos cl\u00e1ssicos que transcendem o tempo e as tend\u00eancias a curto prazo.<\/p>\n<p>Um dos primeiros produtos de Design de Marcel Wanders, Big Shadow \u00e9 um reflexo fiel da sua linguagem de Design: a utiliza\u00e7\u00e3o de materiais simples, mas com t\u00e9cnicas inovadoras em combina\u00e7\u00e3o com estilos e arqu\u00e9tipos tradicionais.<\/p>\n<p>A inspira\u00e7\u00e3o para este candeeiro pode ser encontrada nos candeeiros de mesa com abat-jour, aqui revisto num estilo contempor\u00e2neo com o tecido a revestir n\u00e3o s\u00f3 a parte superior, mas tamb\u00e9m toda a sua base, para criar uma fonte de luz quente e acolhedora.<\/p>\n<p>O candeeiro Big Shadow \u00e9 um produto leve e ic\u00f3nico, o manifesto da vis\u00e3o distinta de Wanders Design, que se concentra na rela\u00e7\u00e3o entre passado e futuro e de desenhar novos cl\u00e1ssicos que transcendem o tempo e as tend\u00eancias a curto prazo.<\/p>\n","protected":false},"excerpt":{"rendered":"<p>Design: Marcel Wanders<\/p>\n<p>Descri\u00e7\u00e3o do artigo: Candeeiro de p\u00e9 com ilumina\u00e7\u00e3o difusa<\/p>\n","protected":false},"featured_media":32843,"template":"","meta":[],"product_brand":[],"product_cat":[691,643],"product_tag":[692,854,788,726,852,789],"class_list":{"0":"post-98402","1":"product","2":"type-product","3":"status-publish","4":"has-post-thumbnail","6":"product_cat-acessorios","7":"product_cat-tudo","8":"product_tag-accessories-pt-pt","9":"product_tag-capppellini-pt-pt","10":"product_tag-europe-pt-pt","11":"product_tag-haworth-pt-pt","12":"product_tag-home-pt-pt","13":"product_tag-lighting-pt-pt","15":"first","16":"instock","17":"taxable","18":"shipping-taxable","19":"purchasable","20":"product-type-simple"},"gallery_images":[32848,32853],"_links":{"self":[{"href":"https:\/\/shoppingb2b.haworth.com\/pt-pt\/wp-json\/wp\/v2\/product\/98402","targetHints":{"allow":["GET"]}}],"collection":[{"href":"https:\/\/shoppingb2b.haworth.com\/pt-pt\/wp-json\/wp\/v2\/product"}],"about":[{"href":"https:\/\/shoppingb2b.haworth.com\/pt-pt\/wp-json\/wp\/v2\/types\/product"}],"wp:featuredmedia":[{"embeddable":true,"href":"https:\/\/shoppingb2b.haworth.com\/pt-pt\/wp-json\/wp\/v2\/media\/32843"}],"wp:attachment":[{"href":"https:\/\/shoppingb2b.haworth.com\/pt-pt\/wp-json\/wp\/v2\/media?parent=98402"}],"wp:term":[{"taxonomy":"product_brand","embeddable":true,"href":"https:\/\/shoppingb2b.haworth.com\/pt-pt\/wp-json\/wp\/v2\/product_brand?post=98402"},{"taxonomy":"product_cat","embeddable":true,"href":"https:\/\/shoppingb2b.haworth.com\/pt-pt\/wp-json\/wp\/v2\/product_cat?post=98402"},{"taxonomy":"product_tag","embeddable":true,"href":"https:\/\/shoppingb2b.haworth.com\/pt-pt\/wp-json\/wp\/v2\/product_tag?post=98402"}],"curies":[{"name":"wp","href":"https:\/\/api.w.org\/{rel}","templated":true}]}}