{"id":98413,"date":"2021-05-21T13:28:38","date_gmt":"2021-05-21T12:28:38","guid":{"rendered":"https:\/\/shopping.haworth.com\/product\/cappellini-bong\/"},"modified":"2021-05-21T13:28:38","modified_gmt":"2021-05-21T12:28:38","slug":"cappellini-bong","status":"publish","type":"product","link":"https:\/\/shoppingb2b.haworth.com\/pt-pt\/produto\/cappellini-bong\/","title":{"rendered":"Cappellini Bong"},"content":{"rendered":"<p>As formas favoritas de Giulio Cappellini s\u00e3o simples, mas invulgares, e a mesa bongo representa perfeitamente este conceito:<br \/>\numa esfera cortada no topo que se torna numa mesa de apoio ou num assento.<\/p>\n<p>Bongo \u00e9 feito de fibra de vidro moldada, fabricado com um processo patenteado desenvolvido pela Cappellini.<\/p>\n<p>O interior da mesa \u00e9 completamente oco, o que a torna extremamente leve e facilmente transport\u00e1vel, cria um contraste agrad\u00e1vel entre o peso real e o peso percebido, em particular com o acabamento imita\u00e7\u00e3o de m\u00e1rmore branco Carrara, mas obtido em particular atrav\u00e9s de uma aplica\u00e7\u00e3o 3D.<\/p>\n<p>Chama-se DipPrint\u00ae, que utiliza press\u00e3o hidrost\u00e1tica para aplicar uma decora\u00e7\u00e3o especial sobre uma superf\u00edcie.<\/p>\n<p>Gra\u00e7as \u00e0 sua leveza e ao seu design simples e essencial, a mesa e assento bongo, \u00e9 uma pe\u00e7a de design com assinatura, adequada para todos os tipos de ambientes residenciais.<\/p>\n","protected":false},"excerpt":{"rendered":"<p>Design: Giulio Cappellini<\/p>\n<p>Descri\u00e7\u00e3o do artigo: Mesa auxiliar<\/p>\n","protected":false},"featured_media":32869,"template":"","meta":[],"product_brand":[],"product_cat":[857],"product_tag":[859,851,858,788,726],"class_list":{"0":"post-98413","1":"product","2":"type-product","3":"status-publish","4":"has-post-thumbnail","6":"product_cat-cappellini-pt-pt","7":"product_tag-bong-pt-pt","8":"product_tag-cappellini-pt-pt","9":"product_tag-design-pt-pt","10":"product_tag-europe-pt-pt","11":"product_tag-haworth-pt-pt","13":"first","14":"instock","15":"taxable","16":"shipping-taxable","17":"purchasable","18":"product-type-simple"},"gallery_images":[32877,32882],"_links":{"self":[{"href":"https:\/\/shoppingb2b.haworth.com\/pt-pt\/wp-json\/wp\/v2\/product\/98413","targetHints":{"allow":["GET"]}}],"collection":[{"href":"https:\/\/shoppingb2b.haworth.com\/pt-pt\/wp-json\/wp\/v2\/product"}],"about":[{"href":"https:\/\/shoppingb2b.haworth.com\/pt-pt\/wp-json\/wp\/v2\/types\/product"}],"wp:featuredmedia":[{"embeddable":true,"href":"https:\/\/shoppingb2b.haworth.com\/pt-pt\/wp-json\/wp\/v2\/media\/32869"}],"wp:attachment":[{"href":"https:\/\/shoppingb2b.haworth.com\/pt-pt\/wp-json\/wp\/v2\/media?parent=98413"}],"wp:term":[{"taxonomy":"product_brand","embeddable":true,"href":"https:\/\/shoppingb2b.haworth.com\/pt-pt\/wp-json\/wp\/v2\/product_brand?post=98413"},{"taxonomy":"product_cat","embeddable":true,"href":"https:\/\/shoppingb2b.haworth.com\/pt-pt\/wp-json\/wp\/v2\/product_cat?post=98413"},{"taxonomy":"product_tag","embeddable":true,"href":"https:\/\/shoppingb2b.haworth.com\/pt-pt\/wp-json\/wp\/v2\/product_tag?post=98413"}],"curies":[{"name":"wp","href":"https:\/\/api.w.org\/{rel}","templated":true}]}}