{"id":98447,"date":"2021-05-21T13:28:38","date_gmt":"2021-05-21T12:28:38","guid":{"rendered":"https:\/\/shopping.haworth.com\/product\/cappellini-cloud\/"},"modified":"2021-05-21T13:28:38","modified_gmt":"2021-05-21T12:28:38","slug":"cappellini-cloud","status":"publish","type":"product","link":"https:\/\/shoppingb2b.haworth.com\/pt-pt\/produto\/cappellini-cloud\/","title":{"rendered":"Cappellini Cloud"},"content":{"rendered":"<p>Cloud \u00e9 uma estante modular com compartimentos ocos fabricados utilizando tecnologia de moldagem rotativa, um sistema para produzir objectos ocos numa \u00fanica pe\u00e7a sem soldadura.<\/p>\n<p>Os m\u00f3dulos s\u00e3o &#8220;micro-arquitecturas&#8221; baseadas na forma de uma CLOUD. Os m\u00f3dulos podem ser interligados de forma aleat\u00f3ria, tanto horizontal como verticalmente, usando um clipe met\u00e1lico para criar a sua Cloud muito pessoal.<\/p>\n<p>Cloud \u00e9 uma pe\u00e7a de design l\u00fadico concebida por Ronan &amp; Erwan Bouroullec que pode ser usada como estante de livros ou como separa\u00e7\u00e3o de espa\u00e7os, acrescenta um toque de frescura e leveza a qualquer ambiente.<\/p>\n","protected":false},"excerpt":{"rendered":"<p>Design: Ronan &amp; Erwan Bouroullec<\/p>\n<p>Descri\u00e7\u00e3o do artigo: Estante modular de duas faces<\/p>\n","protected":false},"featured_media":32893,"template":"","meta":[],"product_brand":[],"product_cat":[691,643],"product_tag":[851,867,858,868],"class_list":{"0":"post-98447","1":"product","2":"type-product","3":"status-publish","4":"has-post-thumbnail","6":"product_cat-acessorios","7":"product_cat-tudo","8":"product_tag-cappellini-pt-pt","9":"product_tag-cloud-pt-pt","10":"product_tag-design-pt-pt","11":"product_tag-storage-pt-pt","13":"first","14":"instock","15":"taxable","16":"shipping-taxable","17":"purchasable","18":"product-type-simple"},"gallery_images":[32898,32903],"_links":{"self":[{"href":"https:\/\/shoppingb2b.haworth.com\/pt-pt\/wp-json\/wp\/v2\/product\/98447","targetHints":{"allow":["GET"]}}],"collection":[{"href":"https:\/\/shoppingb2b.haworth.com\/pt-pt\/wp-json\/wp\/v2\/product"}],"about":[{"href":"https:\/\/shoppingb2b.haworth.com\/pt-pt\/wp-json\/wp\/v2\/types\/product"}],"wp:featuredmedia":[{"embeddable":true,"href":"https:\/\/shoppingb2b.haworth.com\/pt-pt\/wp-json\/wp\/v2\/media\/32893"}],"wp:attachment":[{"href":"https:\/\/shoppingb2b.haworth.com\/pt-pt\/wp-json\/wp\/v2\/media?parent=98447"}],"wp:term":[{"taxonomy":"product_brand","embeddable":true,"href":"https:\/\/shoppingb2b.haworth.com\/pt-pt\/wp-json\/wp\/v2\/product_brand?post=98447"},{"taxonomy":"product_cat","embeddable":true,"href":"https:\/\/shoppingb2b.haworth.com\/pt-pt\/wp-json\/wp\/v2\/product_cat?post=98447"},{"taxonomy":"product_tag","embeddable":true,"href":"https:\/\/shoppingb2b.haworth.com\/pt-pt\/wp-json\/wp\/v2\/product_tag?post=98447"}],"curies":[{"name":"wp","href":"https:\/\/api.w.org\/{rel}","templated":true}]}}