{"id":98538,"date":"2021-05-21T13:28:38","date_gmt":"2021-05-21T12:28:38","guid":{"rendered":"https:\/\/shopping.haworth.com\/product\/cappellini-fronzoni\/"},"modified":"2021-05-21T13:28:38","modified_gmt":"2021-05-21T12:28:38","slug":"cappellini-fronzoni","status":"publish","type":"product","link":"https:\/\/shoppingb2b.haworth.com\/pt-pt\/produto\/cappellini-fronzoni\/","title":{"rendered":"Cappellini Fronzoni"},"content":{"rendered":"<p class=\"paragraph\" style=\"text-align: justify; vertical-align: baseline;\"><span class=\"normaltextrun\"><span lang=\"PT\" style=\"font-size: 11.0pt; font-family: 'Calibri',sans-serif;\">A mesa Fronzoni, desenhada pelo conceituado designer italiano A. G. Fronzoni nos anos 60, \u00e9 universalmente reconhecida como manifesto oficial do minimalismo. <\/span><\/span><\/p>\n<p class=\"paragraph\" style=\"text-align: justify; vertical-align: baseline;\"><span class=\"normaltextrun\"><span lang=\"PT\" style=\"font-size: 11.0pt; font-family: 'Calibri',sans-serif;\">As propor\u00e7\u00f5es perfeitas e a utiliza\u00e7\u00e3o cuidadosa de materiais e cores fazem deste objecto um exemplo claro de como a simplicidade representa a s\u00edntese m\u00e1xima do Design. <\/span><\/span><\/p>\n<p class=\"paragraph\" style=\"text-align: justify; vertical-align: baseline;\"><span class=\"normaltextrun\"><span lang=\"PT\" style=\"font-size: 11.0pt; font-family: 'Calibri',sans-serif;\">A mesa Fronzoni \u00e9 um produto s\u00f3brio e essencial, reflectindo a ideia de Fronzoni de que o valor da geometria prevalece sobre a fun\u00e7\u00e3o. A.G. Fronzoni \u00e9 considerado um mestre do minimalismo e um promotor da m\u00e1xima &#8220;menos \u00e9 mais&#8221;. <\/span><\/span><\/p>\n<p class=\"paragraph\" style=\"text-align: justify; vertical-align: baseline;\"><span class=\"normaltextrun\"><span lang=\"PT\" style=\"font-size: 11.0pt; font-family: 'Calibri',sans-serif;\">E<\/span><\/span><span class=\"normaltextrun\"><span lang=\"PT\" style=\"font-size: 11.0pt; font-family: 'Calibri',sans-serif;\">sta \u00e9 a mesa de trabalho perfeita para os amantes do Design com um Design perfeitamente limpo e essencial.<\/span><\/span><\/p>\n","protected":false},"excerpt":{"rendered":"<p>Design: AG Fronzoni<\/p>\n<p>Descri\u00e7\u00e3o do artigo: Mesa rectangular com base em metal tampo em madeira.<\/p>\n","protected":false},"featured_media":32921,"template":"","meta":[],"product_brand":[],"product_cat":[652,643],"product_tag":[851,858,681,788,874,682],"class_list":{"0":"post-98538","1":"product","2":"type-product","3":"status-publish","4":"has-post-thumbnail","6":"product_cat-mesas-secretarias","7":"product_cat-tudo","8":"product_tag-cappellini-pt-pt","9":"product_tag-design-pt-pt","10":"product_tag-desk-pt-pt","11":"product_tag-europe-pt-pt","12":"product_tag-fronzoni-pt-pt","13":"product_tag-table-pt-pt","15":"first","16":"instock","17":"taxable","18":"shipping-taxable","19":"purchasable","20":"product-type-simple"},"gallery_images":[32926,32931],"_links":{"self":[{"href":"https:\/\/shoppingb2b.haworth.com\/pt-pt\/wp-json\/wp\/v2\/product\/98538","targetHints":{"allow":["GET"]}}],"collection":[{"href":"https:\/\/shoppingb2b.haworth.com\/pt-pt\/wp-json\/wp\/v2\/product"}],"about":[{"href":"https:\/\/shoppingb2b.haworth.com\/pt-pt\/wp-json\/wp\/v2\/types\/product"}],"wp:featuredmedia":[{"embeddable":true,"href":"https:\/\/shoppingb2b.haworth.com\/pt-pt\/wp-json\/wp\/v2\/media\/32921"}],"wp:attachment":[{"href":"https:\/\/shoppingb2b.haworth.com\/pt-pt\/wp-json\/wp\/v2\/media?parent=98538"}],"wp:term":[{"taxonomy":"product_brand","embeddable":true,"href":"https:\/\/shoppingb2b.haworth.com\/pt-pt\/wp-json\/wp\/v2\/product_brand?post=98538"},{"taxonomy":"product_cat","embeddable":true,"href":"https:\/\/shoppingb2b.haworth.com\/pt-pt\/wp-json\/wp\/v2\/product_cat?post=98538"},{"taxonomy":"product_tag","embeddable":true,"href":"https:\/\/shoppingb2b.haworth.com\/pt-pt\/wp-json\/wp\/v2\/product_tag?post=98538"}],"curies":[{"name":"wp","href":"https:\/\/api.w.org\/{rel}","templated":true}]}}