{"id":98541,"date":"2021-05-21T13:28:38","date_gmt":"2021-05-21T12:28:38","guid":{"rendered":"https:\/\/shopping.haworth.com\/product\/cappellini-juli-plastic\/"},"modified":"2021-05-21T13:28:38","modified_gmt":"2021-05-21T12:28:38","slug":"cappellini-juli-plastic","status":"publish","type":"product","link":"https:\/\/shoppingb2b.haworth.com\/pt-pt\/produto\/cappellini-juli-plastic\/","title":{"rendered":"Cappellini Juli Plastic"},"content":{"rendered":"<p>Nascida como uma interpreta\u00e7\u00e3o contempor\u00e2nea da cl\u00e1ssica cadeira de concha pl\u00e1stica dos anos 50, Juli Plastic, \u00e9 ao mesmo tempo funcional e excepcionalmente concebida.<\/p>\n<p>A principal caracter\u00edstica, \u00e9 a forma do assento com os confort\u00e1veis apoios de bra\u00e7os. A ergonomia da cadeira foi optimizada, tornando-a numa cadeira perfeita para o escrit\u00f3rio em casa que proporciona um conforto \u00fanico mesmo durante as chamadas de v\u00eddeo confer\u00eancias mais longas.<\/p>\n<p>Esta \u00e9 uma obra-prima do renomado designer Alem\u00e3o Werner Aisslinger. N\u00e3o \u00e9 por acaso que a Juli Plastic \u00e9 a primeira cadeira de design Alem\u00e3o a ser inclu\u00edda na colec\u00e7\u00e3o permanente do Museu de Arte Moderna de Nova Iorque.<\/p>\n","protected":false},"excerpt":{"rendered":"<p>Design: Werner Aisslinger<\/p>\n<p>Descri\u00e7\u00e3o do artigo:\u00a0 Cadeira com bra\u00e7os, base de 5 hastes com rod\u00edzios.<\/p>\n","protected":false},"featured_media":32954,"template":"","meta":[],"product_brand":[],"product_cat":[644,643],"product_tag":[851,858,876,877],"class_list":{"0":"post-98541","1":"product","2":"type-product","3":"status-publish","4":"has-post-thumbnail","6":"product_cat-cadeiras","7":"product_cat-tudo","8":"product_tag-cappellini-pt-pt","9":"product_tag-design-pt-pt","10":"product_tag-juli-plastic-pt-pt","11":"product_tag-werner-aisslinger-pt-pt","13":"first","14":"instock","15":"taxable","16":"shipping-taxable","17":"purchasable","18":"product-type-simple"},"gallery_images":[32959,32964],"_links":{"self":[{"href":"https:\/\/shoppingb2b.haworth.com\/pt-pt\/wp-json\/wp\/v2\/product\/98541","targetHints":{"allow":["GET"]}}],"collection":[{"href":"https:\/\/shoppingb2b.haworth.com\/pt-pt\/wp-json\/wp\/v2\/product"}],"about":[{"href":"https:\/\/shoppingb2b.haworth.com\/pt-pt\/wp-json\/wp\/v2\/types\/product"}],"wp:featuredmedia":[{"embeddable":true,"href":"https:\/\/shoppingb2b.haworth.com\/pt-pt\/wp-json\/wp\/v2\/media\/32954"}],"wp:attachment":[{"href":"https:\/\/shoppingb2b.haworth.com\/pt-pt\/wp-json\/wp\/v2\/media?parent=98541"}],"wp:term":[{"taxonomy":"product_brand","embeddable":true,"href":"https:\/\/shoppingb2b.haworth.com\/pt-pt\/wp-json\/wp\/v2\/product_brand?post=98541"},{"taxonomy":"product_cat","embeddable":true,"href":"https:\/\/shoppingb2b.haworth.com\/pt-pt\/wp-json\/wp\/v2\/product_cat?post=98541"},{"taxonomy":"product_tag","embeddable":true,"href":"https:\/\/shoppingb2b.haworth.com\/pt-pt\/wp-json\/wp\/v2\/product_tag?post=98541"}],"curies":[{"name":"wp","href":"https:\/\/api.w.org\/{rel}","templated":true}]}}