{"id":98543,"date":"2021-05-21T13:28:37","date_gmt":"2021-05-21T12:28:37","guid":{"rendered":"https:\/\/shopping.haworth.com\/product\/cappellini-gong\/"},"modified":"2021-05-21T13:28:37","modified_gmt":"2021-05-21T12:28:37","slug":"cappellini-gong","status":"publish","type":"product","link":"https:\/\/shoppingb2b.haworth.com\/pt-pt\/produto\/cappellini-gong\/","title":{"rendered":"Cappellini Gong"},"content":{"rendered":"<p>Com a mesa Gong, Giulio Cappellini quis criar um design minimalista, explorando a for\u00e7a e a resist\u00eancia do material e reduzindo o volume ao m\u00ednimo.<\/p>\n<p>Duas placas de metal redondas id\u00eanticas e extremamente finas, unidas por uma barra fina no mesmo material. \u00c9 um \u00edcone de design absoluto, com um belo e equilibrado jogo de formas.<\/p>\n<p>Gong \u00e9 uma pequena mesa auxiliar e extremamente vers\u00e1til nas suas utiliza\u00e7\u00f5es, tornando-o um dos bestsellers da Cappellini de todos os tempos.<\/p>\n","protected":false},"excerpt":{"rendered":"<p>Design: Giulio Cappellini<\/p>\n<p>Descri\u00e7\u00e3o do artigo: Mesa auxiliar amov\u00edvel<\/p>\n","protected":false},"featured_media":32942,"template":"","meta":[],"product_brand":[],"product_cat":[652,643],"product_tag":[851,858,788,880],"class_list":{"0":"post-98543","1":"product","2":"type-product","3":"status-publish","4":"has-post-thumbnail","6":"product_cat-mesas-secretarias","7":"product_cat-tudo","8":"product_tag-cappellini-pt-pt","9":"product_tag-design-pt-pt","10":"product_tag-europe-pt-pt","11":"product_tag-gong-pt-pt","13":"first","14":"instock","15":"taxable","16":"shipping-taxable","17":"purchasable","18":"product-type-simple"},"gallery_images":[32947],"_links":{"self":[{"href":"https:\/\/shoppingb2b.haworth.com\/pt-pt\/wp-json\/wp\/v2\/product\/98543","targetHints":{"allow":["GET"]}}],"collection":[{"href":"https:\/\/shoppingb2b.haworth.com\/pt-pt\/wp-json\/wp\/v2\/product"}],"about":[{"href":"https:\/\/shoppingb2b.haworth.com\/pt-pt\/wp-json\/wp\/v2\/types\/product"}],"wp:featuredmedia":[{"embeddable":true,"href":"https:\/\/shoppingb2b.haworth.com\/pt-pt\/wp-json\/wp\/v2\/media\/32942"}],"wp:attachment":[{"href":"https:\/\/shoppingb2b.haworth.com\/pt-pt\/wp-json\/wp\/v2\/media?parent=98543"}],"wp:term":[{"taxonomy":"product_brand","embeddable":true,"href":"https:\/\/shoppingb2b.haworth.com\/pt-pt\/wp-json\/wp\/v2\/product_brand?post=98543"},{"taxonomy":"product_cat","embeddable":true,"href":"https:\/\/shoppingb2b.haworth.com\/pt-pt\/wp-json\/wp\/v2\/product_cat?post=98543"},{"taxonomy":"product_tag","embeddable":true,"href":"https:\/\/shoppingb2b.haworth.com\/pt-pt\/wp-json\/wp\/v2\/product_tag?post=98543"}],"curies":[{"name":"wp","href":"https:\/\/api.w.org\/{rel}","templated":true}]}}