{"id":98545,"date":"2021-05-21T13:28:37","date_gmt":"2021-05-21T12:28:37","guid":{"rendered":"https:\/\/shopping.haworth.com\/product\/cappellini-lotus\/"},"modified":"2021-05-21T13:28:37","modified_gmt":"2021-05-21T12:28:37","slug":"cappellini-lotus","status":"publish","type":"product","link":"https:\/\/shoppingb2b.haworth.com\/pt-pt\/produto\/cappellini-lotus\/","title":{"rendered":"Cappellini Lotus"},"content":{"rendered":"<p>Jasper Morrison imaginou conceber uma cadeira operativa extremamente confort\u00e1vel e ergon\u00f3mica, utilizando o menor volume poss\u00edvel.<\/p>\n<p>A cadeira Lotus \u00e9 um produto elegante caracterizado por um Design sofisticado, uma caracter\u00edstica que distingue todos os produtos Morrison.<\/p>\n<p>A cadeira \u00e9 o resultado de um longo e cuidadoso projecto de design que resultou na cria\u00e7\u00e3o de um produto funcional, oferecendo o m\u00e1ximo conforto, apesar da espessura fina do assento e da sua extrema leveza visual. A concha \u00e9 feita de contraplacado curvo de faia com v\u00e1rias camadas de espuma de poliuretano e el\u00e1sticos, o que garante a m\u00e1xima resist\u00eancia com uma espessura m\u00ednima.<\/p>\n<p>Os tecidos dos estofos da cadeira s\u00e3o co-estampados com as almofadas de espuma de poliuretano, o que confere ao assento o seu distinto efeito tridimensional.<\/p>\n<p>Esta cadeira \u00e9 uma declara\u00e7\u00e3o de design, representando o melhor do artesanato italiano e ideal para um sofisticado escrit\u00f3rio em casa.<\/p>\n","protected":false},"excerpt":{"rendered":"<p>Design: Jasper Morrison<\/p>\n<p>Descri\u00e7\u00e3o do artigo:\u00a0 Cadeira com apoio de bra\u00e7os, base de alum\u00ednio fundido de 5 hastes com rod\u00edzios<\/p>\n","protected":false},"featured_media":32981,"template":"","meta":[],"product_brand":[],"product_cat":[644,643],"product_tag":[851,858,788,882,881],"class_list":{"0":"post-98545","1":"product","2":"type-product","3":"status-publish","4":"has-post-thumbnail","6":"product_cat-cadeiras","7":"product_cat-tudo","8":"product_tag-cappellini-pt-pt","9":"product_tag-design-pt-pt","10":"product_tag-europe-pt-pt","11":"product_tag-jasper-morrison-pt-pt","12":"product_tag-lotus-pt-pt","14":"first","15":"instock","16":"taxable","17":"shipping-taxable","18":"purchasable","19":"product-type-simple"},"gallery_images":[32987,32992],"_links":{"self":[{"href":"https:\/\/shoppingb2b.haworth.com\/pt-pt\/wp-json\/wp\/v2\/product\/98545","targetHints":{"allow":["GET"]}}],"collection":[{"href":"https:\/\/shoppingb2b.haworth.com\/pt-pt\/wp-json\/wp\/v2\/product"}],"about":[{"href":"https:\/\/shoppingb2b.haworth.com\/pt-pt\/wp-json\/wp\/v2\/types\/product"}],"wp:featuredmedia":[{"embeddable":true,"href":"https:\/\/shoppingb2b.haworth.com\/pt-pt\/wp-json\/wp\/v2\/media\/32981"}],"wp:attachment":[{"href":"https:\/\/shoppingb2b.haworth.com\/pt-pt\/wp-json\/wp\/v2\/media?parent=98545"}],"wp:term":[{"taxonomy":"product_brand","embeddable":true,"href":"https:\/\/shoppingb2b.haworth.com\/pt-pt\/wp-json\/wp\/v2\/product_brand?post=98545"},{"taxonomy":"product_cat","embeddable":true,"href":"https:\/\/shoppingb2b.haworth.com\/pt-pt\/wp-json\/wp\/v2\/product_cat?post=98545"},{"taxonomy":"product_tag","embeddable":true,"href":"https:\/\/shoppingb2b.haworth.com\/pt-pt\/wp-json\/wp\/v2\/product_tag?post=98545"}],"curies":[{"name":"wp","href":"https:\/\/api.w.org\/{rel}","templated":true}]}}