{"id":98547,"date":"2021-05-21T13:28:37","date_gmt":"2021-05-21T12:28:37","guid":{"rendered":"https:\/\/shopping.haworth.com\/product\/cappellini-ribbon\/"},"modified":"2021-05-21T13:28:37","modified_gmt":"2021-05-21T12:28:37","slug":"cappellini-ribbon","status":"publish","type":"product","link":"https:\/\/shoppingb2b.haworth.com\/pt-pt\/produto\/cappellini-ribbon\/","title":{"rendered":"Cappellini Ribbon"},"content":{"rendered":"<p>O est\u00fadio de design japon\u00eas Nendo, dirigido pelo famoso Oki Sato, desenhou o banco de cintas inspirado pelos atacadores de um sapato de bailado.<\/p>\n<p>O banco \u00e9 feito de chapa met\u00e1lica cortada a laser em tiras que fluem de forma cont\u00ednua. Gra\u00e7as ao seu design \u00fanico, o Ribbon \u00e9 uma pequena escultura que pode enquadrar-se em diferentes contextos, quer se trate de uma arquitectura moderna ou de um ambiente mais cl\u00e1ssico.<\/p>\n<p>Simples e essencial, mas refinado, o Ribbon \u00e9 um objecto po\u00e9tico, um claro exemplo de artesanato italiano de alta qualidade. O banco recebeu in\u00fameros pr\u00e9mios, tais como o Red Dot Award.<\/p>\n","protected":false},"excerpt":{"rendered":"<p>Design: Nendo<\/p>\n<p>Descri\u00e7\u00e3o do artigo: Banco de chapa cortada a laser<\/p>\n","protected":false},"featured_media":33006,"template":"","meta":[],"product_brand":[],"product_cat":[691,644,643],"product_tag":[851,858,788,884,883],"class_list":{"0":"post-98547","1":"product","2":"type-product","3":"status-publish","4":"has-post-thumbnail","6":"product_cat-acessorios","7":"product_cat-cadeiras","8":"product_cat-tudo","9":"product_tag-cappellini-pt-pt","10":"product_tag-design-pt-pt","11":"product_tag-europe-pt-pt","12":"product_tag-nendo-pt-pt","13":"product_tag-ribbon-pt-pt","15":"first","16":"instock","17":"taxable","18":"shipping-taxable","19":"purchasable","20":"product-type-simple"},"gallery_images":[33011,33016],"_links":{"self":[{"href":"https:\/\/shoppingb2b.haworth.com\/pt-pt\/wp-json\/wp\/v2\/product\/98547","targetHints":{"allow":["GET"]}}],"collection":[{"href":"https:\/\/shoppingb2b.haworth.com\/pt-pt\/wp-json\/wp\/v2\/product"}],"about":[{"href":"https:\/\/shoppingb2b.haworth.com\/pt-pt\/wp-json\/wp\/v2\/types\/product"}],"wp:featuredmedia":[{"embeddable":true,"href":"https:\/\/shoppingb2b.haworth.com\/pt-pt\/wp-json\/wp\/v2\/media\/33006"}],"wp:attachment":[{"href":"https:\/\/shoppingb2b.haworth.com\/pt-pt\/wp-json\/wp\/v2\/media?parent=98547"}],"wp:term":[{"taxonomy":"product_brand","embeddable":true,"href":"https:\/\/shoppingb2b.haworth.com\/pt-pt\/wp-json\/wp\/v2\/product_brand?post=98547"},{"taxonomy":"product_cat","embeddable":true,"href":"https:\/\/shoppingb2b.haworth.com\/pt-pt\/wp-json\/wp\/v2\/product_cat?post=98547"},{"taxonomy":"product_tag","embeddable":true,"href":"https:\/\/shoppingb2b.haworth.com\/pt-pt\/wp-json\/wp\/v2\/product_tag?post=98547"}],"curies":[{"name":"wp","href":"https:\/\/api.w.org\/{rel}","templated":true}]}}