{"id":98548,"date":"2021-05-21T13:28:37","date_gmt":"2021-05-21T12:28:37","guid":{"rendered":"https:\/\/shopping.haworth.com\/product\/cappellini-drop\/"},"modified":"2021-05-21T13:28:37","modified_gmt":"2021-05-21T12:28:37","slug":"cappellini-drop","status":"publish","type":"product","link":"https:\/\/shoppingb2b.haworth.com\/pt-pt\/produto\/cappellini-drop\/","title":{"rendered":"Cappellini Drop"},"content":{"rendered":"<p>Um engenhoso desafio contra a for\u00e7a da gravidade, Drop by Nendo \u00e9 uma prateleira de duas faces em coluna feita de chapa cortada a laser.<\/p>\n<p>O seu nome, &#8220;Drop&#8221;, \u00e9 inspirado no \u00e2ngulo inclinado da prateleira superior, que oferece uma grande variedade de op\u00e7\u00f5es de armazenamento para livros e outros objectos.<\/p>\n<p>Apesar do seu design aparentemente inst\u00e1vel, a prateleira \u00e9 s\u00f3lida e equilibrada, tamb\u00e9m gra\u00e7as em parte ao contrapeso localizado na parte inferior da estrutura, que garante a m\u00e1xima estabilidade.<\/p>\n","protected":false},"excerpt":{"rendered":"<p>Design: Nendo<\/p>\n<p>Descri\u00e7\u00e3o do artigo: Estante de dupla face em coluna<\/p>\n","protected":false},"featured_media":33243,"template":"","meta":[],"product_brand":[],"product_cat":[691,643],"product_tag":[886,851,858,885,788,852,884],"class_list":{"0":"post-98548","1":"product","2":"type-product","3":"status-publish","4":"has-post-thumbnail","6":"product_cat-acessorios","7":"product_cat-tudo","8":"product_tag-bookshelf-pt-pt","9":"product_tag-cappellini-pt-pt","10":"product_tag-design-pt-pt","11":"product_tag-drop-pt-pt","12":"product_tag-europe-pt-pt","13":"product_tag-home-pt-pt","14":"product_tag-nendo-pt-pt","16":"first","17":"instock","18":"taxable","19":"shipping-taxable","20":"purchasable","21":"product-type-simple"},"gallery_images":[33248,33253],"_links":{"self":[{"href":"https:\/\/shoppingb2b.haworth.com\/pt-pt\/wp-json\/wp\/v2\/product\/98548","targetHints":{"allow":["GET"]}}],"collection":[{"href":"https:\/\/shoppingb2b.haworth.com\/pt-pt\/wp-json\/wp\/v2\/product"}],"about":[{"href":"https:\/\/shoppingb2b.haworth.com\/pt-pt\/wp-json\/wp\/v2\/types\/product"}],"wp:featuredmedia":[{"embeddable":true,"href":"https:\/\/shoppingb2b.haworth.com\/pt-pt\/wp-json\/wp\/v2\/media\/33243"}],"wp:attachment":[{"href":"https:\/\/shoppingb2b.haworth.com\/pt-pt\/wp-json\/wp\/v2\/media?parent=98548"}],"wp:term":[{"taxonomy":"product_brand","embeddable":true,"href":"https:\/\/shoppingb2b.haworth.com\/pt-pt\/wp-json\/wp\/v2\/product_brand?post=98548"},{"taxonomy":"product_cat","embeddable":true,"href":"https:\/\/shoppingb2b.haworth.com\/pt-pt\/wp-json\/wp\/v2\/product_cat?post=98548"},{"taxonomy":"product_tag","embeddable":true,"href":"https:\/\/shoppingb2b.haworth.com\/pt-pt\/wp-json\/wp\/v2\/product_tag?post=98548"}],"curies":[{"name":"wp","href":"https:\/\/api.w.org\/{rel}","templated":true}]}}